{"id":743,"date":"2023-04-05T01:00:03","date_gmt":"2023-04-04T23:00:03","guid":{"rendered":"https:\/\/192.168.1.141\/wordpress\/?page_id=743"},"modified":"2023-04-15T17:54:25","modified_gmt":"2023-04-15T15:54:25","slug":"pour-le-fun","status":"publish","type":"page","link":"https:\/\/cde-cf.fr\/?page_id=743","title":{"rendered":"Pour le fun"},"content":{"rendered":"\n<div style=\"height:500px\" aria-hidden=\"true\" class=\"wp-block-spacer\"><\/div>\n\n\n\n<h2 class=\"wp-block-heading has-vivid-cyan-blue-color has-text-color has-large-font-size\">La connaissance s\u2019acquiert par l\u2019exp\u00e9rience, tout le reste n\u2019est que de l\u2019information. <\/h2>\n\n\n\n<blockquote class=\"wp-block-quote\">\n<p>Albert Einstein<\/p>\n<\/blockquote>\n\n\n\n<div style=\"height:50px\" aria-hidden=\"true\" class=\"wp-block-spacer\"><\/div>\n\n\n\n<p>Dans cette section, vous trouverez des articles \u00e9crits par le personnel formateur de CDE en libre acc\u00e8s, traitant diff\u00e9rents sujets dans le domaine \u00e9lectrique, \u00e9lectronique et \u00e9lectrom\u00e9canique.<\/p>\n\n\n\n<div style=\"height:25px\" aria-hidden=\"true\" class=\"wp-block-spacer\"><\/div>\n\n\n\n<figure class=\"wp-block-table is-style-stripes\"><table class=\"has-black-color has-pale-cyan-blue-background-color has-text-color has-background\"><tbody><tr><td><strong>Nom de l&rsquo;article<\/strong><\/td><td class=\"has-text-align-center\" data-align=\"center\"><strong>Lien de consultation<\/strong><\/td><\/tr><tr><td>R\u00e9alisation th\u00e9orique d&rsquo;un processeur simple 4 bits &#8211; 1\u00e8re partie<\/td><td class=\"has-text-align-center\" data-align=\"center\"><a href=\"https:\/\/cde-cf.fr\/?p=902\"><strong>Cliquez ici<\/strong><\/a><\/td><\/tr><tr><td>R\u00e9alisation th\u00e9orique d&rsquo;un processeur simple 4 bits &#8211; 2\u00e8me partie<\/td><td class=\"has-text-align-center\" data-align=\"center\">En cours<\/td><\/tr><tr><td>R\u00e9alisation pratique d&rsquo;un processeur simple 4 bits &#8211; 3\u00e8me partie<\/td><td class=\"has-text-align-center\" data-align=\"center\">En cours<\/td><\/tr><\/tbody><\/table><\/figure>\n","protected":false},"excerpt":{"rendered":"<p>La connaissance s\u2019acquiert par l\u2019exp\u00e9rience, tout le reste n\u2019est que de l\u2019information. Albert Einstein Dans cette section, vous trouverez des articles \u00e9crits par le personnel formateur de CDE en libre acc\u00e8s, traitant diff\u00e9rents sujets dans le domaine \u00e9lectrique, \u00e9lectronique et \u00e9lectrom\u00e9canique. Nom de l&rsquo;article Lien de consultation R\u00e9alisation th\u00e9orique d&rsquo;un processeur simple 4 bits &#8211; [&hellip;]<\/p>\n","protected":false},"author":1,"featured_media":0,"parent":362,"menu_order":4,"comment_status":"closed","ping_status":"closed","template":"","meta":[],"yoast_head":"<!-- This site is optimized with the Yoast SEO plugin v20.6 - https:\/\/yoast.com\/wordpress\/plugins\/seo\/ -->\n<title>Pour le fun - Organisme d&#039;inspection et formation professionnelle<\/title>\n<meta name=\"robots\" content=\"index, follow, max-snippet:-1, max-image-preview:large, max-video-preview:-1\" \/>\n<link rel=\"canonical\" href=\"https:\/\/cde-cf.fr\/?page_id=743\" \/>\n<meta property=\"og:locale\" content=\"fr_FR\" \/>\n<meta property=\"og:type\" content=\"article\" \/>\n<meta property=\"og:title\" content=\"Pour le fun - Organisme d&#039;inspection et formation professionnelle\" \/>\n<meta property=\"og:description\" content=\"La connaissance s\u2019acquiert par l\u2019exp\u00e9rience, tout le reste n\u2019est que de l\u2019information. Albert Einstein Dans cette section, vous trouverez des articles \u00e9crits par le personnel formateur de CDE en libre acc\u00e8s, traitant diff\u00e9rents sujets dans le domaine \u00e9lectrique, \u00e9lectronique et \u00e9lectrom\u00e9canique. Nom de l&rsquo;article Lien de consultation R\u00e9alisation th\u00e9orique d&rsquo;un processeur simple 4 bits &#8211; [&hellip;]\" \/>\n<meta property=\"og:url\" content=\"https:\/\/cde-cf.fr\/?page_id=743\" \/>\n<meta property=\"og:site_name\" content=\"Organisme d&#039;inspection et formation professionnelle\" \/>\n<meta property=\"article:modified_time\" content=\"2023-04-15T15:54:25+00:00\" \/>\n<meta name=\"twitter:card\" content=\"summary_large_image\" \/>\n<meta name=\"twitter:label1\" content=\"Dur\u00e9e de lecture estim\u00e9e\" \/>\n\t<meta name=\"twitter:data1\" content=\"1 minute\" \/>\n<script type=\"application\/ld+json\" class=\"yoast-schema-graph\">{\"@context\":\"https:\/\/schema.org\",\"@graph\":[{\"@type\":\"WebPage\",\"@id\":\"https:\/\/cde-cf.fr\/?page_id=743\",\"url\":\"https:\/\/cde-cf.fr\/?page_id=743\",\"name\":\"Pour le fun - Organisme d&#039;inspection et formation professionnelle\",\"isPartOf\":{\"@id\":\"https:\/\/cde-cf.fr\/#website\"},\"datePublished\":\"2023-04-04T23:00:03+00:00\",\"dateModified\":\"2023-04-15T15:54:25+00:00\",\"breadcrumb\":{\"@id\":\"https:\/\/cde-cf.fr\/?page_id=743#breadcrumb\"},\"inLanguage\":\"fr-FR\",\"potentialAction\":[{\"@type\":\"ReadAction\",\"target\":[\"https:\/\/cde-cf.fr\/?page_id=743\"]}]},{\"@type\":\"BreadcrumbList\",\"@id\":\"https:\/\/cde-cf.fr\/?page_id=743#breadcrumb\",\"itemListElement\":[{\"@type\":\"ListItem\",\"position\":1,\"name\":\"Accueil\",\"item\":\"https:\/\/cde-cf.fr\/\"},{\"@type\":\"ListItem\",\"position\":2,\"name\":\"Nos services\",\"item\":\"https:\/\/cde-cf.fr\/?page_id=295\"},{\"@type\":\"ListItem\",\"position\":3,\"name\":\"Nos formations\",\"item\":\"https:\/\/cde-cf.fr\/?page_id=362\"},{\"@type\":\"ListItem\",\"position\":4,\"name\":\"Pour le fun\"}]},{\"@type\":\"WebSite\",\"@id\":\"https:\/\/cde-cf.fr\/#website\",\"url\":\"https:\/\/cde-cf.fr\/\",\"name\":\"Organisme d'inspection et formation professionnelle\",\"description\":\"La s\u00e9curit\u00e9 au c\u0153ur de notre m\u00e9tier !\",\"publisher\":{\"@id\":\"https:\/\/cde-cf.fr\/#organization\"},\"potentialAction\":[{\"@type\":\"SearchAction\",\"target\":{\"@type\":\"EntryPoint\",\"urlTemplate\":\"https:\/\/cde-cf.fr\/?s={search_term_string}\"},\"query-input\":\"required name=search_term_string\"}],\"inLanguage\":\"fr-FR\"},{\"@type\":\"Organization\",\"@id\":\"https:\/\/cde-cf.fr\/#organization\",\"name\":\"CDE - Cabinet des Epris\",\"url\":\"https:\/\/cde-cf.fr\/\",\"logo\":{\"@type\":\"ImageObject\",\"inLanguage\":\"fr-FR\",\"@id\":\"https:\/\/cde-cf.fr\/#\/schema\/logo\/image\/\",\"url\":\"https:\/\/cde-cf.fr\/wp-content\/uploads\/2023\/03\/Image3-scaled.gif\",\"contentUrl\":\"https:\/\/cde-cf.fr\/wp-content\/uploads\/2023\/03\/Image3-scaled.gif\",\"width\":2560,\"height\":913,\"caption\":\"CDE - Cabinet des Epris\"},\"image\":{\"@id\":\"https:\/\/cde-cf.fr\/#\/schema\/logo\/image\/\"}}]}<\/script>\n<!-- \/ Yoast SEO plugin. -->","yoast_head_json":{"title":"Pour le fun - Organisme d&#039;inspection et formation professionnelle","robots":{"index":"index","follow":"follow","max-snippet":"max-snippet:-1","max-image-preview":"max-image-preview:large","max-video-preview":"max-video-preview:-1"},"canonical":"https:\/\/cde-cf.fr\/?page_id=743","og_locale":"fr_FR","og_type":"article","og_title":"Pour le fun - Organisme d&#039;inspection et formation professionnelle","og_description":"La connaissance s\u2019acquiert par l\u2019exp\u00e9rience, tout le reste n\u2019est que de l\u2019information. Albert Einstein Dans cette section, vous trouverez des articles \u00e9crits par le personnel formateur de CDE en libre acc\u00e8s, traitant diff\u00e9rents sujets dans le domaine \u00e9lectrique, \u00e9lectronique et \u00e9lectrom\u00e9canique. Nom de l&rsquo;article Lien de consultation R\u00e9alisation th\u00e9orique d&rsquo;un processeur simple 4 bits &#8211; [&hellip;]","og_url":"https:\/\/cde-cf.fr\/?page_id=743","og_site_name":"Organisme d&#039;inspection et formation professionnelle","article_modified_time":"2023-04-15T15:54:25+00:00","twitter_card":"summary_large_image","twitter_misc":{"Dur\u00e9e de lecture estim\u00e9e":"1 minute"},"schema":{"@context":"https:\/\/schema.org","@graph":[{"@type":"WebPage","@id":"https:\/\/cde-cf.fr\/?page_id=743","url":"https:\/\/cde-cf.fr\/?page_id=743","name":"Pour le fun - Organisme d&#039;inspection et formation professionnelle","isPartOf":{"@id":"https:\/\/cde-cf.fr\/#website"},"datePublished":"2023-04-04T23:00:03+00:00","dateModified":"2023-04-15T15:54:25+00:00","breadcrumb":{"@id":"https:\/\/cde-cf.fr\/?page_id=743#breadcrumb"},"inLanguage":"fr-FR","potentialAction":[{"@type":"ReadAction","target":["https:\/\/cde-cf.fr\/?page_id=743"]}]},{"@type":"BreadcrumbList","@id":"https:\/\/cde-cf.fr\/?page_id=743#breadcrumb","itemListElement":[{"@type":"ListItem","position":1,"name":"Accueil","item":"https:\/\/cde-cf.fr\/"},{"@type":"ListItem","position":2,"name":"Nos services","item":"https:\/\/cde-cf.fr\/?page_id=295"},{"@type":"ListItem","position":3,"name":"Nos formations","item":"https:\/\/cde-cf.fr\/?page_id=362"},{"@type":"ListItem","position":4,"name":"Pour le fun"}]},{"@type":"WebSite","@id":"https:\/\/cde-cf.fr\/#website","url":"https:\/\/cde-cf.fr\/","name":"Organisme d'inspection et formation professionnelle","description":"La s\u00e9curit\u00e9 au c\u0153ur de notre m\u00e9tier !","publisher":{"@id":"https:\/\/cde-cf.fr\/#organization"},"potentialAction":[{"@type":"SearchAction","target":{"@type":"EntryPoint","urlTemplate":"https:\/\/cde-cf.fr\/?s={search_term_string}"},"query-input":"required name=search_term_string"}],"inLanguage":"fr-FR"},{"@type":"Organization","@id":"https:\/\/cde-cf.fr\/#organization","name":"CDE - Cabinet des Epris","url":"https:\/\/cde-cf.fr\/","logo":{"@type":"ImageObject","inLanguage":"fr-FR","@id":"https:\/\/cde-cf.fr\/#\/schema\/logo\/image\/","url":"https:\/\/cde-cf.fr\/wp-content\/uploads\/2023\/03\/Image3-scaled.gif","contentUrl":"https:\/\/cde-cf.fr\/wp-content\/uploads\/2023\/03\/Image3-scaled.gif","width":2560,"height":913,"caption":"CDE - Cabinet des Epris"},"image":{"@id":"https:\/\/cde-cf.fr\/#\/schema\/logo\/image\/"}}]}},"_links":{"self":[{"href":"https:\/\/cde-cf.fr\/index.php?rest_route=\/wp\/v2\/pages\/743"}],"collection":[{"href":"https:\/\/cde-cf.fr\/index.php?rest_route=\/wp\/v2\/pages"}],"about":[{"href":"https:\/\/cde-cf.fr\/index.php?rest_route=\/wp\/v2\/types\/page"}],"author":[{"embeddable":true,"href":"https:\/\/cde-cf.fr\/index.php?rest_route=\/wp\/v2\/users\/1"}],"replies":[{"embeddable":true,"href":"https:\/\/cde-cf.fr\/index.php?rest_route=%2Fwp%2Fv2%2Fcomments&post=743"}],"version-history":[{"count":14,"href":"https:\/\/cde-cf.fr\/index.php?rest_route=\/wp\/v2\/pages\/743\/revisions"}],"predecessor-version":[{"id":1273,"href":"https:\/\/cde-cf.fr\/index.php?rest_route=\/wp\/v2\/pages\/743\/revisions\/1273"}],"up":[{"embeddable":true,"href":"https:\/\/cde-cf.fr\/index.php?rest_route=\/wp\/v2\/pages\/362"}],"wp:attachment":[{"href":"https:\/\/cde-cf.fr\/index.php?rest_route=%2Fwp%2Fv2%2Fmedia&parent=743"}],"curies":[{"name":"wp","href":"https:\/\/api.w.org\/{rel}","templated":true}]}}