{"id":555,"date":"2023-04-02T09:41:28","date_gmt":"2023-04-02T07:41:28","guid":{"rendered":"https:\/\/192.168.1.141\/wordpress\/?page_id=555"},"modified":"2023-04-15T17:55:17","modified_gmt":"2023-04-15T15:55:17","slug":"contact","status":"publish","type":"page","link":"https:\/\/cde-cf.fr\/?page_id=555","title":{"rendered":"Contact"},"content":{"rendered":"\n<div style=\"height:500px\" aria-hidden=\"true\" class=\"wp-block-spacer\"><\/div>\n\n\n\n<h1 class=\"wp-block-heading has-vivid-cyan-blue-color has-text-color has-large-font-size\">Contact<\/h1>\n\n\n\n<p class=\"has-medium-font-size\">Pour nous joindre par t\u00e9l\u00e9phone : 03 86 55 06 68<\/p>\n\n\n\n<div style=\"height:100px\" aria-hidden=\"true\" class=\"wp-block-spacer\"><\/div>\n\n\n\n<p class=\"has-pale-cyan-blue-background-color has-background\"><strong>Nos coordonn\u00e9es :<\/strong><\/p>\n\n\n\n<div class=\"wp-block-columns has-white-background-color has-background is-layout-flex wp-container-3\">\n<div class=\"wp-block-column is-layout-flow\">\n<p>Agence Bourgogne Franche-Comt\u00e9<\/p>\n\n\n\n<p>CDE &#8211; CABINET DES EPRIS<\/p>\n\n\n\n<p>22 rue nationale 89360 Flogny la Chapelle<\/p>\n<\/div>\n\n\n\n<div class=\"wp-block-column is-layout-flow\">\n<p>Agence Grand-Est<\/p>\n\n\n\n<p>CDE<\/p>\n\n\n\n<p>&nbsp;2 rue Michel Girardot, 52000 Chaumont<\/p>\n<\/div>\n<\/div>\n","protected":false},"excerpt":{"rendered":"<p>Contact Pour nous joindre par t\u00e9l\u00e9phone : 03 86 55 06 68 Nos coordonn\u00e9es : Agence Bourgogne Franche-Comt\u00e9 CDE &#8211; CABINET DES EPRIS 22 rue nationale 89360 Flogny la Chapelle Agence Grand-Est CDE &nbsp;2 rue Michel Girardot, 52000 Chaumont<\/p>\n","protected":false},"author":1,"featured_media":0,"parent":0,"menu_order":4,"comment_status":"closed","ping_status":"closed","template":"","meta":[],"yoast_head":"<!-- This site is optimized with the Yoast SEO plugin v20.6 - https:\/\/yoast.com\/wordpress\/plugins\/seo\/ -->\n<title>Contact - Organisme d&#039;inspection et formation professionnelle<\/title>\n<meta name=\"robots\" content=\"index, follow, max-snippet:-1, max-image-preview:large, max-video-preview:-1\" \/>\n<link rel=\"canonical\" href=\"https:\/\/cde-cf.fr\/?page_id=555\" \/>\n<meta property=\"og:locale\" content=\"fr_FR\" \/>\n<meta property=\"og:type\" content=\"article\" \/>\n<meta property=\"og:title\" content=\"Contact - Organisme d&#039;inspection et formation professionnelle\" \/>\n<meta property=\"og:description\" content=\"Contact Pour nous joindre par t\u00e9l\u00e9phone : 03 86 55 06 68 Nos coordonn\u00e9es : Agence Bourgogne Franche-Comt\u00e9 CDE &#8211; CABINET DES EPRIS 22 rue nationale 89360 Flogny la Chapelle Agence Grand-Est CDE &nbsp;2 rue Michel Girardot, 52000 Chaumont\" \/>\n<meta property=\"og:url\" content=\"https:\/\/cde-cf.fr\/?page_id=555\" \/>\n<meta property=\"og:site_name\" content=\"Organisme d&#039;inspection et formation professionnelle\" \/>\n<meta property=\"article:modified_time\" content=\"2023-04-15T15:55:17+00:00\" \/>\n<meta name=\"twitter:card\" content=\"summary_large_image\" \/>\n<meta name=\"twitter:label1\" content=\"Dur\u00e9e de lecture estim\u00e9e\" \/>\n\t<meta name=\"twitter:data1\" content=\"1 minute\" \/>\n<script type=\"application\/ld+json\" class=\"yoast-schema-graph\">{\"@context\":\"https:\/\/schema.org\",\"@graph\":[{\"@type\":\"WebPage\",\"@id\":\"https:\/\/cde-cf.fr\/?page_id=555\",\"url\":\"https:\/\/cde-cf.fr\/?page_id=555\",\"name\":\"Contact - Organisme d&#039;inspection et formation professionnelle\",\"isPartOf\":{\"@id\":\"https:\/\/cde-cf.fr\/#website\"},\"datePublished\":\"2023-04-02T07:41:28+00:00\",\"dateModified\":\"2023-04-15T15:55:17+00:00\",\"breadcrumb\":{\"@id\":\"https:\/\/cde-cf.fr\/?page_id=555#breadcrumb\"},\"inLanguage\":\"fr-FR\",\"potentialAction\":[{\"@type\":\"ReadAction\",\"target\":[\"https:\/\/cde-cf.fr\/?page_id=555\"]}]},{\"@type\":\"BreadcrumbList\",\"@id\":\"https:\/\/cde-cf.fr\/?page_id=555#breadcrumb\",\"itemListElement\":[{\"@type\":\"ListItem\",\"position\":1,\"name\":\"Accueil\",\"item\":\"https:\/\/cde-cf.fr\/\"},{\"@type\":\"ListItem\",\"position\":2,\"name\":\"Contact\"}]},{\"@type\":\"WebSite\",\"@id\":\"https:\/\/cde-cf.fr\/#website\",\"url\":\"https:\/\/cde-cf.fr\/\",\"name\":\"Organisme d'inspection et formation professionnelle\",\"description\":\"La s\u00e9curit\u00e9 au c\u0153ur de notre m\u00e9tier !\",\"publisher\":{\"@id\":\"https:\/\/cde-cf.fr\/#organization\"},\"potentialAction\":[{\"@type\":\"SearchAction\",\"target\":{\"@type\":\"EntryPoint\",\"urlTemplate\":\"https:\/\/cde-cf.fr\/?s={search_term_string}\"},\"query-input\":\"required name=search_term_string\"}],\"inLanguage\":\"fr-FR\"},{\"@type\":\"Organization\",\"@id\":\"https:\/\/cde-cf.fr\/#organization\",\"name\":\"CDE - Cabinet des Epris\",\"url\":\"https:\/\/cde-cf.fr\/\",\"logo\":{\"@type\":\"ImageObject\",\"inLanguage\":\"fr-FR\",\"@id\":\"https:\/\/cde-cf.fr\/#\/schema\/logo\/image\/\",\"url\":\"https:\/\/cde-cf.fr\/wp-content\/uploads\/2023\/03\/Image3-scaled.gif\",\"contentUrl\":\"https:\/\/cde-cf.fr\/wp-content\/uploads\/2023\/03\/Image3-scaled.gif\",\"width\":2560,\"height\":913,\"caption\":\"CDE - Cabinet des Epris\"},\"image\":{\"@id\":\"https:\/\/cde-cf.fr\/#\/schema\/logo\/image\/\"}}]}<\/script>\n<!-- \/ Yoast SEO plugin. -->","yoast_head_json":{"title":"Contact - Organisme d&#039;inspection et formation professionnelle","robots":{"index":"index","follow":"follow","max-snippet":"max-snippet:-1","max-image-preview":"max-image-preview:large","max-video-preview":"max-video-preview:-1"},"canonical":"https:\/\/cde-cf.fr\/?page_id=555","og_locale":"fr_FR","og_type":"article","og_title":"Contact - Organisme d&#039;inspection et formation professionnelle","og_description":"Contact Pour nous joindre par t\u00e9l\u00e9phone : 03 86 55 06 68 Nos coordonn\u00e9es : Agence Bourgogne Franche-Comt\u00e9 CDE &#8211; CABINET DES EPRIS 22 rue nationale 89360 Flogny la Chapelle Agence Grand-Est CDE &nbsp;2 rue Michel Girardot, 52000 Chaumont","og_url":"https:\/\/cde-cf.fr\/?page_id=555","og_site_name":"Organisme d&#039;inspection et formation professionnelle","article_modified_time":"2023-04-15T15:55:17+00:00","twitter_card":"summary_large_image","twitter_misc":{"Dur\u00e9e de lecture estim\u00e9e":"1 minute"},"schema":{"@context":"https:\/\/schema.org","@graph":[{"@type":"WebPage","@id":"https:\/\/cde-cf.fr\/?page_id=555","url":"https:\/\/cde-cf.fr\/?page_id=555","name":"Contact - Organisme d&#039;inspection et formation professionnelle","isPartOf":{"@id":"https:\/\/cde-cf.fr\/#website"},"datePublished":"2023-04-02T07:41:28+00:00","dateModified":"2023-04-15T15:55:17+00:00","breadcrumb":{"@id":"https:\/\/cde-cf.fr\/?page_id=555#breadcrumb"},"inLanguage":"fr-FR","potentialAction":[{"@type":"ReadAction","target":["https:\/\/cde-cf.fr\/?page_id=555"]}]},{"@type":"BreadcrumbList","@id":"https:\/\/cde-cf.fr\/?page_id=555#breadcrumb","itemListElement":[{"@type":"ListItem","position":1,"name":"Accueil","item":"https:\/\/cde-cf.fr\/"},{"@type":"ListItem","position":2,"name":"Contact"}]},{"@type":"WebSite","@id":"https:\/\/cde-cf.fr\/#website","url":"https:\/\/cde-cf.fr\/","name":"Organisme d'inspection et formation professionnelle","description":"La s\u00e9curit\u00e9 au c\u0153ur de notre m\u00e9tier !","publisher":{"@id":"https:\/\/cde-cf.fr\/#organization"},"potentialAction":[{"@type":"SearchAction","target":{"@type":"EntryPoint","urlTemplate":"https:\/\/cde-cf.fr\/?s={search_term_string}"},"query-input":"required name=search_term_string"}],"inLanguage":"fr-FR"},{"@type":"Organization","@id":"https:\/\/cde-cf.fr\/#organization","name":"CDE - Cabinet des Epris","url":"https:\/\/cde-cf.fr\/","logo":{"@type":"ImageObject","inLanguage":"fr-FR","@id":"https:\/\/cde-cf.fr\/#\/schema\/logo\/image\/","url":"https:\/\/cde-cf.fr\/wp-content\/uploads\/2023\/03\/Image3-scaled.gif","contentUrl":"https:\/\/cde-cf.fr\/wp-content\/uploads\/2023\/03\/Image3-scaled.gif","width":2560,"height":913,"caption":"CDE - Cabinet des Epris"},"image":{"@id":"https:\/\/cde-cf.fr\/#\/schema\/logo\/image\/"}}]}},"_links":{"self":[{"href":"https:\/\/cde-cf.fr\/index.php?rest_route=\/wp\/v2\/pages\/555"}],"collection":[{"href":"https:\/\/cde-cf.fr\/index.php?rest_route=\/wp\/v2\/pages"}],"about":[{"href":"https:\/\/cde-cf.fr\/index.php?rest_route=\/wp\/v2\/types\/page"}],"author":[{"embeddable":true,"href":"https:\/\/cde-cf.fr\/index.php?rest_route=\/wp\/v2\/users\/1"}],"replies":[{"embeddable":true,"href":"https:\/\/cde-cf.fr\/index.php?rest_route=%2Fwp%2Fv2%2Fcomments&post=555"}],"version-history":[{"count":9,"href":"https:\/\/cde-cf.fr\/index.php?rest_route=\/wp\/v2\/pages\/555\/revisions"}],"predecessor-version":[{"id":1275,"href":"https:\/\/cde-cf.fr\/index.php?rest_route=\/wp\/v2\/pages\/555\/revisions\/1275"}],"wp:attachment":[{"href":"https:\/\/cde-cf.fr\/index.php?rest_route=%2Fwp%2Fv2%2Fmedia&parent=555"}],"curies":[{"name":"wp","href":"https:\/\/api.w.org\/{rel}","templated":true}]}}