{"id":366,"date":"2023-03-29T23:59:32","date_gmt":"2023-03-29T21:59:32","guid":{"rendered":"https:\/\/192.168.1.141\/wordpress\/?page_id=366"},"modified":"2023-04-15T17:53:33","modified_gmt":"2023-04-15T15:53:33","slug":"autorisation-de-conduite-caces","status":"publish","type":"page","link":"https:\/\/cde-cf.fr\/?page_id=366","title":{"rendered":"Autorisation de conduite \/ CACES\u00ae"},"content":{"rendered":"\n<div style=\"height:500px\" aria-hidden=\"true\" class=\"wp-block-spacer\"><\/div>\n\n\n\n<h1 class=\"wp-block-heading has-vivid-cyan-blue-color has-text-color has-large-font-size\">Autorisation de conduite<\/h1>\n\n\n\n<div class=\"wp-block-columns is-layout-flex wp-container-3\">\n<div class=\"wp-block-column is-vertically-aligned-center is-layout-flow\" style=\"flex-basis:66.66%\">\n<p class=\"has-text-align-left\">L\u2019autorisation de conduite est la reconnaissance par l\u2019employeur de la capacit\u00e9 qu\u2019a un salari\u00e9 \u00e0 conduire en s\u00e9curit\u00e9 des engins pour lesquels il a re\u00e7u cette autorisation (engins de chantier, chariots \u00e9l\u00e9vateurs, plateformes \u00e9l\u00e9vatrices mobiles de personne PEMP, grues mobiles ou de chargements etc..). Elle est mat\u00e9rialis\u00e9e par un document, d\u00e9livr\u00e9 par l\u2019employeur ou son repr\u00e9sentant, en prenant en compte trois crit\u00e8res : la formation du salari\u00e9, ses aptitudes et ses connaissances.<\/p>\n\n\n\n<p>Pour pouvoir conduire ces engins, les salari\u00e9s ont besoin d\u2019obtenir une autorisation pr\u00e9alable de l\u2019employeur. Pour cela, le futur conducteur d\u2019engins doit suivre une formation adapt\u00e9e.<\/p>\n<\/div>\n\n\n\n<div class=\"wp-block-column is-layout-flow\" style=\"flex-basis:33.33%\"><div class=\"wp-block-image\">\n<figure class=\"alignright size-full is-resized\"><img decoding=\"async\" src=\"https:\/\/cde-cf.fr\/wp-content\/uploads\/2023\/04\/Image9.jpg\" alt=\"Validation autorisation de conduite\" class=\"wp-image-597\" width=\"200\"\/><\/figure><\/div><\/div>\n<\/div>\n\n\n\n<div style=\"height:100px\" aria-hidden=\"true\" class=\"wp-block-spacer\"><\/div>\n\n\n\n<div class=\"wp-block-columns is-layout-flex wp-container-6\">\n<div class=\"wp-block-column is-vertically-aligned-center is-layout-flow\" style=\"flex-basis:33.33%\">\n<figure class=\"wp-block-image size-full\"><img decoding=\"async\" loading=\"lazy\" width=\"300\" height=\"201\" src=\"https:\/\/cde-cf.fr\/wp-content\/uploads\/2023\/04\/Image6.jpg\" alt=\"Carte CACES\u00ae\" class=\"wp-image-592\"\/><\/figure>\n<\/div>\n\n\n\n<div class=\"wp-block-column is-layout-flow\" style=\"flex-basis:66.66%\">\n<h2 class=\"wp-block-heading has-vivid-cyan-blue-color has-text-color has-large-font-size\">CACES\u00ae &#8211; Certificat d&rsquo;aptitude \u00e0 la conduite en s\u00e9curit\u00e9<\/h2>\n\n\n\n<p>Le CACES\u00ae (Certificat d\u2019Aptitude \u00e0 la Conduite En S\u00e9curit\u00e9) est un certificat qui atteste la connaissance professionnelle et l\u2019aptitude \u00e0 conduire en s\u00e9curit\u00e9 une certaine cat\u00e9gorie d\u2019engins de chantier et de manutention.<\/p>\n\n\n\n<p>Le CACES\u00ae est une sorte de permis de conduire qui, apr\u00e8s son obtention, vous autorise \u00e0 pouvoir conduire des engins de chantiers tels que les grues auxiliaires, les chariots \u00e9l\u00e9vateurs, les PEMP (Plateformes El\u00e9vatrices Mobiles de Personnes), etc.<\/p>\n\n\n\n<p>L\u2019obtention du CACES\u00ae est conditionn\u00e9e par la r\u00e9ussite d\u2019un test th\u00e9orique et pratique bas\u00e9 sur un r\u00e9f\u00e9rentiel national.<\/p>\n<\/div>\n<\/div>\n\n\n\n<div style=\"height:100px\" aria-hidden=\"true\" class=\"wp-block-spacer\"><\/div>\n\n\n\n<h2 class=\"wp-block-heading has-vivid-cyan-blue-color has-text-color has-large-font-size\">Les formations propos\u00e9es par CDE<\/h2>\n\n\n\n<div style=\"height:50px\" aria-hidden=\"true\" class=\"wp-block-spacer\"><\/div>\n\n\n\n<div class=\"wp-block-columns is-layout-flex wp-container-11\">\n<div class=\"wp-block-column is-layout-flow\">\n<p class=\"has-medium-font-size\"><strong>Engins de chantier<\/strong><\/p>\n<\/div>\n\n\n\n<div class=\"wp-block-column is-layout-flow\">\n<p class=\"has-medium-font-size\"><strong>Grues auxiliaires de chargement<\/strong><\/p>\n<\/div>\n\n\n\n<div class=\"wp-block-column is-layout-flow\">\n<p class=\"has-medium-font-size\"><strong>Chariots \u00e9l\u00e9vateurs de manutention<\/strong><\/p>\n<\/div>\n\n\n\n<div class=\"wp-block-column is-layout-flow\">\n<p class=\"has-medium-font-size\"><strong>PEMP &#8211; Plateformes \u00e9l\u00e9vatrices mobiles de personne<\/strong><\/p>\n<\/div>\n<\/div>\n\n\n\n<div class=\"wp-block-columns is-layout-flex wp-container-16\">\n<div class=\"wp-block-column is-layout-flow\">\n<p class=\"has-text-align-center has-light-green-cyan-background-color has-background\">Formation R482<\/p>\n\n\n\n<p class=\"has-small-font-size\">Cat\u00e9gorie : A &#8211; B1 C2 &#8211; C1<\/p>\n\n\n\n<p class=\"has-small-font-size\">Objectif :<\/p>\n\n\n\n<p class=\"has-small-font-size\">Acqu\u00e9rir les comp\u00e9tences th\u00e9oriques et pratiques pour conduire un engin de chantier en toute s\u00e9curit\u00e9.<br>A l&rsquo;issue de l&rsquo;action de formation, les participants seront capables de passer avec succ\u00e8s les tests th\u00e9oriques et pratiques suivant la ou les cat\u00e9gories vis\u00e9es, en respectant les r\u00e8gles de s\u00e9curit\u00e9 selon la recommandation R482 de la CNAM permettant ainsi \u00e0 l\u2019employeur de d\u00e9livrer une autorisation de conduite correspondant aux cat\u00e9gories obtenues.<\/p>\n\n\n\n<p class=\"has-small-font-size\">Participants :<\/p>\n\n\n\n<p class=\"has-small-font-size\">Toutes personnes d\u00e9sirant obtenir une autorisation de conduite et\/ou un CACES\u00ae engins de chantier.<\/p>\n\n\n\n<p class=\"has-small-font-size\">Pr\u00e9requis :<\/p>\n\n\n\n<p class=\"has-small-font-size\">Conducteurs d\u2019engins d\u00e9clar\u00e9s aptes m\u00e9dicalement \u00e0 la conduite d\u2019engins de chantier et sachant lire et \u00e9crire.<\/p>\n\n\n\n<p class=\"has-small-font-size\">Formation initiale et recyclage sur \u00e9valuation <\/p>\n<\/div>\n\n\n\n<div class=\"wp-block-column is-layout-flow\">\n<p class=\"has-text-align-center has-light-green-cyan-background-color has-background\">Formation R490<\/p>\n\n\n\n<p class=\"has-small-font-size\">Option t\u00e9l\u00e9commande<\/p>\n\n\n\n<p class=\"has-small-font-size\">Objectif :<\/p>\n\n\n\n<p class=\"has-small-font-size\">Acqu\u00e9rir les comp\u00e9tences th\u00e9oriques et pratiques pour conduire une grue auxiliaire de chargement en toute s\u00e9curit\u00e9.<br>A l&rsquo;issue de l&rsquo;action de formation, les participants seront capables de passer avec succ\u00e8s les tests th\u00e9oriques et pratiques suivant la ou les cat\u00e9gories vis\u00e9es, en respectant les r\u00e8gles de s\u00e9curit\u00e9 selon la recommandation R490 modifi\u00e9e de la CNAM permettant ainsi \u00e0 l\u2019employeur de d\u00e9livrer une autorisation de conduite correspondant aux cat\u00e9gories obtenues.<\/p>\n\n\n\n<p class=\"has-small-font-size\">Participants :<\/p>\n\n\n\n<p class=\"has-small-font-size\">Toute personne \u00e2g\u00e9e d\u2019au moins 18 ans, amen\u00e9e \u00e0 utiliser une grue auxiliaire.<\/p>\n\n\n\n<p class=\"has-small-font-size\">Pr\u00e9requis :<\/p>\n\n\n\n<p class=\"has-small-font-size\">Conducteurs aptes m\u00e9dicalement \u00e0 la conduite d&rsquo;une grue auxiliaire de chargement et sachant lire et \u00e9crire.<\/p>\n\n\n\n<p class=\"has-small-font-size\">Formation initiale et recyclage sur \u00e9valuation <\/p>\n<\/div>\n\n\n\n<div class=\"wp-block-column is-layout-flow\">\n<p class=\"has-text-align-center has-light-green-cyan-background-color has-background\">Formation R485 &#8211; R489<\/p>\n\n\n\n<p class=\"has-small-font-size\">R485 \u2013 Cat\u00e9gorie : 1 \u2013 2<br>R489 \u2013 Cat\u00e9gorie : 1A \u2013 1B \u2013 2B \u2013 3 \u2013 4 \u2013 5 \u2013 6 \u2013 7<\/p>\n\n\n\n<p class=\"has-small-font-size\">Objectif :<\/p>\n\n\n\n<p class=\"has-small-font-size\">Acqu\u00e9rir les comp\u00e9tences th\u00e9oriques et pratiques pour conduire un chariot \u00e9l\u00e9vateur ou un gerbeur en toute s\u00e9curit\u00e9.<br>A l&rsquo;issue de l&rsquo;action de formation, les participants seront capables de passer avec succ\u00e8s les tests th\u00e9oriques et pratiques suivant la ou les cat\u00e9gories vis\u00e9es, en respectant les r\u00e8gles de s\u00e9curit\u00e9 selon la recommandation R489 modifi\u00e9e ou R485 de la CNAM permettant ainsi \u00e0 l\u2019employeur de d\u00e9livrer une autorisation de conduite correspondant aux cat\u00e9gories obtenues.<\/p>\n\n\n\n<p class=\"has-small-font-size\">Participants :<\/p>\n\n\n\n<p class=\"has-small-font-size\">Toute personne \u00e2g\u00e9e d\u2019au moins 18 ans, amen\u00e9e \u00e0 utiliser des chariots ou gerbeur.<\/p>\n\n\n\n<p class=\"has-small-font-size\">Pr\u00e9requis :<\/p>\n\n\n\n<p class=\"has-small-font-size\">Conducteurs aptes m\u00e9dicalement \u00e0 la conduite d&rsquo;un chariot de manutention ou un gerbeur et sachant lire et \u00e9crire.<\/p>\n\n\n\n<p class=\"has-small-font-size\">Formation initiale et recyclage sur \u00e9valuation <\/p>\n<\/div>\n\n\n\n<div class=\"wp-block-column is-layout-flow\">\n<p class=\"has-text-align-center has-light-green-cyan-background-color has-background\">Formation R486<\/p>\n\n\n\n<p class=\"has-small-font-size\">Cat\u00e9gorie : A &#8211; B &#8211; C<\/p>\n\n\n\n<p class=\"has-small-font-size\">Objectif :<\/p>\n\n\n\n<p class=\"has-small-font-size\">Acqu\u00e9rir les comp\u00e9tences th\u00e9oriques et pratiques pour conduire une plateforme \u00e9l\u00e9vatrice mobile de personne en toute s\u00e9curit\u00e9.<br>A l&rsquo;issue de l&rsquo;action de formation, les participants seront capables de passer avec succ\u00e8s les tests th\u00e9oriques et pratiques suivant la ou les cat\u00e9gories vis\u00e9es, en respectant les r\u00e8gles de s\u00e9curit\u00e9 selon la recommandation R486 modifi\u00e9e de la CNAM permettant ainsi \u00e0 l\u2019employeur de d\u00e9livrer une autorisation de conduite correspondant aux cat\u00e9gories obtenues<\/p>\n\n\n\n<p class=\"has-small-font-size\">Participants :<\/p>\n\n\n\n<p class=\"has-small-font-size\">Toute personne \u00e2g\u00e9e d\u2019au moins 18 ans, amen\u00e9e \u00e0 utiliser des PEMP.<\/p>\n\n\n\n<p class=\"has-small-font-size\">Pr\u00e9requis :<\/p>\n\n\n\n<p class=\"has-small-font-size\">Conducteurs aptes m\u00e9dicalement \u00e0 la conduite de PEMP et sachant lire et \u00e9crire.<\/p>\n\n\n\n<p class=\"has-small-font-size\">Formation initiale et recyclage sur \u00e9valuation <\/p>\n<\/div>\n<\/div>\n\n\n\n<div class=\"wp-block-columns is-layout-flex wp-container-21\">\n<div class=\"wp-block-column is-layout-flow\"><\/div>\n\n\n\n<div class=\"wp-block-column is-layout-flow\"><\/div>\n\n\n\n<div class=\"wp-block-column is-layout-flow\"><\/div>\n\n\n\n<div class=\"wp-block-column is-layout-flow\"><\/div>\n<\/div>\n","protected":false},"excerpt":{"rendered":"<p>Autorisation de conduite L\u2019autorisation de conduite est la reconnaissance par l\u2019employeur de la capacit\u00e9 qu\u2019a un salari\u00e9 \u00e0 conduire en s\u00e9curit\u00e9 des engins pour lesquels il a re\u00e7u cette autorisation (engins de chantier, chariots \u00e9l\u00e9vateurs, plateformes \u00e9l\u00e9vatrices mobiles de personne PEMP, grues mobiles ou de chargements etc..). Elle est mat\u00e9rialis\u00e9e par un document, d\u00e9livr\u00e9 par [&hellip;]<\/p>\n","protected":false},"author":1,"featured_media":0,"parent":362,"menu_order":1,"comment_status":"closed","ping_status":"closed","template":"","meta":[],"yoast_head":"<!-- This site is optimized with the Yoast SEO plugin v20.6 - https:\/\/yoast.com\/wordpress\/plugins\/seo\/ -->\n<title>Autorisation de conduite \/ CACES\u00ae<\/title>\n<meta name=\"description\" content=\"Formation pour la d\u00e9livrance de l&#039;autorisation de conduite des engins de levage et de manutention par l&#039;employeur et CACES\u00ae\" \/>\n<meta name=\"robots\" content=\"index, follow, max-snippet:-1, max-image-preview:large, max-video-preview:-1\" \/>\n<link rel=\"canonical\" href=\"https:\/\/cde-cf.fr\/?page_id=366\" \/>\n<meta property=\"og:locale\" content=\"fr_FR\" \/>\n<meta property=\"og:type\" content=\"article\" \/>\n<meta property=\"og:title\" content=\"Autorisation de conduite \/ CACES\u00ae\" \/>\n<meta property=\"og:description\" content=\"Formation pour la d\u00e9livrance de l&#039;autorisation de conduite des engins de levage et de manutention par l&#039;employeur et CACES\u00ae\" \/>\n<meta property=\"og:url\" content=\"https:\/\/cde-cf.fr\/?page_id=366\" \/>\n<meta property=\"og:site_name\" content=\"Organisme d&#039;inspection et formation professionnelle\" \/>\n<meta property=\"article:modified_time\" content=\"2023-04-15T15:53:33+00:00\" \/>\n<meta property=\"og:image\" content=\"https:\/\/cde-cf.fr\/wp-content\/uploads\/2023\/04\/Image9.jpg\" \/>\n<meta name=\"twitter:card\" content=\"summary_large_image\" \/>\n<meta name=\"twitter:label1\" content=\"Dur\u00e9e de lecture estim\u00e9e\" \/>\n\t<meta name=\"twitter:data1\" content=\"4 minutes\" \/>\n<script type=\"application\/ld+json\" class=\"yoast-schema-graph\">{\"@context\":\"https:\/\/schema.org\",\"@graph\":[{\"@type\":\"WebPage\",\"@id\":\"https:\/\/cde-cf.fr\/?page_id=366\",\"url\":\"https:\/\/cde-cf.fr\/?page_id=366\",\"name\":\"Autorisation de conduite \/ CACES\u00ae\",\"isPartOf\":{\"@id\":\"https:\/\/cde-cf.fr\/#website\"},\"datePublished\":\"2023-03-29T21:59:32+00:00\",\"dateModified\":\"2023-04-15T15:53:33+00:00\",\"description\":\"Formation pour la d\u00e9livrance de l'autorisation de conduite des engins de levage et de manutention par l'employeur et CACES\u00ae\",\"breadcrumb\":{\"@id\":\"https:\/\/cde-cf.fr\/?page_id=366#breadcrumb\"},\"inLanguage\":\"fr-FR\",\"potentialAction\":[{\"@type\":\"ReadAction\",\"target\":[\"https:\/\/cde-cf.fr\/?page_id=366\"]}]},{\"@type\":\"BreadcrumbList\",\"@id\":\"https:\/\/cde-cf.fr\/?page_id=366#breadcrumb\",\"itemListElement\":[{\"@type\":\"ListItem\",\"position\":1,\"name\":\"Accueil\",\"item\":\"https:\/\/cde-cf.fr\/\"},{\"@type\":\"ListItem\",\"position\":2,\"name\":\"Nos services\",\"item\":\"https:\/\/cde-cf.fr\/?page_id=295\"},{\"@type\":\"ListItem\",\"position\":3,\"name\":\"Nos formations\",\"item\":\"https:\/\/cde-cf.fr\/?page_id=362\"},{\"@type\":\"ListItem\",\"position\":4,\"name\":\"Autorisation de conduite \/ CACES\u00ae\"}]},{\"@type\":\"WebSite\",\"@id\":\"https:\/\/cde-cf.fr\/#website\",\"url\":\"https:\/\/cde-cf.fr\/\",\"name\":\"Organisme d'inspection et formation professionnelle\",\"description\":\"La s\u00e9curit\u00e9 au c\u0153ur de notre m\u00e9tier !\",\"publisher\":{\"@id\":\"https:\/\/cde-cf.fr\/#organization\"},\"potentialAction\":[{\"@type\":\"SearchAction\",\"target\":{\"@type\":\"EntryPoint\",\"urlTemplate\":\"https:\/\/cde-cf.fr\/?s={search_term_string}\"},\"query-input\":\"required name=search_term_string\"}],\"inLanguage\":\"fr-FR\"},{\"@type\":\"Organization\",\"@id\":\"https:\/\/cde-cf.fr\/#organization\",\"name\":\"CDE - Cabinet des Epris\",\"url\":\"https:\/\/cde-cf.fr\/\",\"logo\":{\"@type\":\"ImageObject\",\"inLanguage\":\"fr-FR\",\"@id\":\"https:\/\/cde-cf.fr\/#\/schema\/logo\/image\/\",\"url\":\"https:\/\/cde-cf.fr\/wp-content\/uploads\/2023\/03\/Image3-scaled.gif\",\"contentUrl\":\"https:\/\/cde-cf.fr\/wp-content\/uploads\/2023\/03\/Image3-scaled.gif\",\"width\":2560,\"height\":913,\"caption\":\"CDE - Cabinet des Epris\"},\"image\":{\"@id\":\"https:\/\/cde-cf.fr\/#\/schema\/logo\/image\/\"}}]}<\/script>\n<!-- \/ Yoast SEO plugin. -->","yoast_head_json":{"title":"Autorisation de conduite \/ CACES\u00ae","description":"Formation pour la d\u00e9livrance de l'autorisation de conduite des engins de levage et de manutention par l'employeur et CACES\u00ae","robots":{"index":"index","follow":"follow","max-snippet":"max-snippet:-1","max-image-preview":"max-image-preview:large","max-video-preview":"max-video-preview:-1"},"canonical":"https:\/\/cde-cf.fr\/?page_id=366","og_locale":"fr_FR","og_type":"article","og_title":"Autorisation de conduite \/ CACES\u00ae","og_description":"Formation pour la d\u00e9livrance de l'autorisation de conduite des engins de levage et de manutention par l'employeur et CACES\u00ae","og_url":"https:\/\/cde-cf.fr\/?page_id=366","og_site_name":"Organisme d&#039;inspection et formation professionnelle","article_modified_time":"2023-04-15T15:53:33+00:00","og_image":[{"url":"https:\/\/cde-cf.fr\/wp-content\/uploads\/2023\/04\/Image9.jpg"}],"twitter_card":"summary_large_image","twitter_misc":{"Dur\u00e9e de lecture estim\u00e9e":"4 minutes"},"schema":{"@context":"https:\/\/schema.org","@graph":[{"@type":"WebPage","@id":"https:\/\/cde-cf.fr\/?page_id=366","url":"https:\/\/cde-cf.fr\/?page_id=366","name":"Autorisation de conduite \/ CACES\u00ae","isPartOf":{"@id":"https:\/\/cde-cf.fr\/#website"},"datePublished":"2023-03-29T21:59:32+00:00","dateModified":"2023-04-15T15:53:33+00:00","description":"Formation pour la d\u00e9livrance de l'autorisation de conduite des engins de levage et de manutention par l'employeur et CACES\u00ae","breadcrumb":{"@id":"https:\/\/cde-cf.fr\/?page_id=366#breadcrumb"},"inLanguage":"fr-FR","potentialAction":[{"@type":"ReadAction","target":["https:\/\/cde-cf.fr\/?page_id=366"]}]},{"@type":"BreadcrumbList","@id":"https:\/\/cde-cf.fr\/?page_id=366#breadcrumb","itemListElement":[{"@type":"ListItem","position":1,"name":"Accueil","item":"https:\/\/cde-cf.fr\/"},{"@type":"ListItem","position":2,"name":"Nos services","item":"https:\/\/cde-cf.fr\/?page_id=295"},{"@type":"ListItem","position":3,"name":"Nos formations","item":"https:\/\/cde-cf.fr\/?page_id=362"},{"@type":"ListItem","position":4,"name":"Autorisation de conduite \/ CACES\u00ae"}]},{"@type":"WebSite","@id":"https:\/\/cde-cf.fr\/#website","url":"https:\/\/cde-cf.fr\/","name":"Organisme d'inspection et formation professionnelle","description":"La s\u00e9curit\u00e9 au c\u0153ur de notre m\u00e9tier !","publisher":{"@id":"https:\/\/cde-cf.fr\/#organization"},"potentialAction":[{"@type":"SearchAction","target":{"@type":"EntryPoint","urlTemplate":"https:\/\/cde-cf.fr\/?s={search_term_string}"},"query-input":"required name=search_term_string"}],"inLanguage":"fr-FR"},{"@type":"Organization","@id":"https:\/\/cde-cf.fr\/#organization","name":"CDE - Cabinet des Epris","url":"https:\/\/cde-cf.fr\/","logo":{"@type":"ImageObject","inLanguage":"fr-FR","@id":"https:\/\/cde-cf.fr\/#\/schema\/logo\/image\/","url":"https:\/\/cde-cf.fr\/wp-content\/uploads\/2023\/03\/Image3-scaled.gif","contentUrl":"https:\/\/cde-cf.fr\/wp-content\/uploads\/2023\/03\/Image3-scaled.gif","width":2560,"height":913,"caption":"CDE - Cabinet des Epris"},"image":{"@id":"https:\/\/cde-cf.fr\/#\/schema\/logo\/image\/"}}]}},"_links":{"self":[{"href":"https:\/\/cde-cf.fr\/index.php?rest_route=\/wp\/v2\/pages\/366"}],"collection":[{"href":"https:\/\/cde-cf.fr\/index.php?rest_route=\/wp\/v2\/pages"}],"about":[{"href":"https:\/\/cde-cf.fr\/index.php?rest_route=\/wp\/v2\/types\/page"}],"author":[{"embeddable":true,"href":"https:\/\/cde-cf.fr\/index.php?rest_route=\/wp\/v2\/users\/1"}],"replies":[{"embeddable":true,"href":"https:\/\/cde-cf.fr\/index.php?rest_route=%2Fwp%2Fv2%2Fcomments&post=366"}],"version-history":[{"count":36,"href":"https:\/\/cde-cf.fr\/index.php?rest_route=\/wp\/v2\/pages\/366\/revisions"}],"predecessor-version":[{"id":1271,"href":"https:\/\/cde-cf.fr\/index.php?rest_route=\/wp\/v2\/pages\/366\/revisions\/1271"}],"up":[{"embeddable":true,"href":"https:\/\/cde-cf.fr\/index.php?rest_route=\/wp\/v2\/pages\/362"}],"wp:attachment":[{"href":"https:\/\/cde-cf.fr\/index.php?rest_route=%2Fwp%2Fv2%2Fmedia&parent=366"}],"curies":[{"name":"wp","href":"https:\/\/api.w.org\/{rel}","templated":true}]}}