{"id":364,"date":"2023-03-29T23:57:54","date_gmt":"2023-03-29T21:57:54","guid":{"rendered":"https:\/\/192.168.1.141\/wordpress\/?page_id=364"},"modified":"2023-04-15T17:52:57","modified_gmt":"2023-04-15T15:52:57","slug":"habilitation-electrique","status":"publish","type":"page","link":"https:\/\/cde-cf.fr\/?page_id=364","title":{"rendered":"Habilitation \u00e9lectrique"},"content":{"rendered":"\n<div style=\"height:500px\" aria-hidden=\"true\" class=\"wp-block-spacer\"><\/div>\n\n\n\n<h1 class=\"wp-block-heading has-vivid-cyan-blue-color has-text-color has-large-font-size\">Habilitation \u00e9lectrique basse et haute tension<\/h1>\n\n\n\n<div class=\"wp-block-columns is-layout-flex wp-container-3\">\n<div class=\"wp-block-column is-vertically-aligned-center is-layout-flow\" style=\"flex-basis:66.66%\">\n<p>L\u2019habilitation \u00e9lectrique est la reconnaissance par l\u2019employeur de la capacit\u00e9 d\u2019une personne \u00e0 accomplir en toute s\u00e9curit\u00e9, vis-\u00e0-vis du risque \u00e9lectrique, les travaux, les op\u00e9rations et les interventions confi\u00e9s, qu\u2019ils soient au voisinage ou sur des installations \u00e9lectriques hors tension ou sous tension.<\/p>\n\n\n\n<p class=\"has-text-align-left\">Chaque employeur a l\u2019obligation \u00ab en application du <a href=\"https:\/\/www.legifrance.gouv.fr\/jorf\/id\/JORFTEXT000022845983\" target=\"_blank\" rel=\"noreferrer noopener\">d\u00e9cret n\u00b0 2010 du 22 septembre 2010<\/a> \u00bb dans le cadre des op\u00e9rations effectu\u00e9es sur les installations \u00e9lectriques et dans leur voisinage de d\u00e9terminer la nature des t\u00e2ches confi\u00e9es au personnel et les niveaux d\u2019habilitation pour effectuer les interventions.<\/p>\n<\/div>\n\n\n\n<div class=\"wp-block-column is-layout-flow\" style=\"flex-basis:33.33%\"><div class=\"wp-block-image\">\n<figure class=\"alignright size-medium\"><img decoding=\"async\" loading=\"lazy\" width=\"300\" height=\"265\" src=\"https:\/\/cde-cf.fr\/wp-content\/uploads\/2023\/04\/Image12-300x265.jpg\" alt=\"Danger \u00e9lectricit\u00e9 - Habilitation \u00e9lectrique\" class=\"wp-image-618\" srcset=\"https:\/\/cde-cf.fr\/wp-content\/uploads\/2023\/04\/Image12-300x265.jpg 300w, https:\/\/cde-cf.fr\/wp-content\/uploads\/2023\/04\/Image12.jpg 373w\" sizes=\"(max-width: 300px) 100vw, 300px\" \/><\/figure><\/div><\/div>\n<\/div>\n\n\n\n<div style=\"height:50px\" aria-hidden=\"true\" class=\"wp-block-spacer\"><\/div>\n\n\n\n<h2 class=\"wp-block-heading has-vivid-cyan-blue-color has-text-color has-large-font-size\"><strong>Les formations propos\u00e9es par CDE suivant la Norme NF C 18-510<\/strong><\/h2>\n\n\n\n<div style=\"height:75px\" aria-hidden=\"true\" class=\"wp-block-spacer\"><\/div>\n\n\n\n<h3 class=\"wp-block-heading has-luminous-vivid-orange-color has-text-color has-large-font-size\">Non \u00e9lectricien<\/h3>\n\n\n\n<div style=\"height:50px\" aria-hidden=\"true\" class=\"wp-block-spacer\"><\/div>\n\n\n\n<div class=\"wp-block-columns is-layout-flex wp-container-7\">\n<div class=\"wp-block-column is-layout-flow\">\n<p class=\"has-black-color has-text-color has-medium-font-size\"><strong>Travaux d&rsquo;ordre non \u00e9lectrique dans un environnement \u00e9lectrique<\/strong><\/p>\n<\/div>\n\n\n\n<div class=\"wp-block-column is-layout-flow\">\n<p class=\"has-black-color has-text-color has-medium-font-size\"><strong>Intervention sur chaines photovolta\u00efques<\/strong><\/p>\n<\/div>\n\n\n\n<div class=\"wp-block-column is-layout-flow\">\n<p class=\"has-black-color has-text-color has-medium-font-size\"><strong>Op\u00e9ration de man\u0153uvre d&rsquo;exploitation en basse tension<\/strong><\/p>\n<\/div>\n<\/div>\n\n\n\n<div class=\"wp-block-columns is-layout-flex wp-container-11\">\n<div class=\"wp-block-column is-layout-flow\">\n<p class=\"has-light-green-cyan-background-color has-background\">Indice : B0 &#8211; H0 &#8211; BF &#8211; HF<\/p>\n\n\n\n<p class=\"has-small-font-size\">Objectif : <\/p>\n\n\n\n<p class=\"has-small-font-size\">Sensibiliser les participants aux dangers du courant \u00e9lectrique afin de pouvoir r\u00e9aliser en toute s\u00e9curit\u00e9 des travaux d\u2019ordre non \u00e9lectrique, se d\u00e9placer, \u00e9voluer et manipuler du mat\u00e9riel et outillage de fa\u00e7on adapt\u00e9e dans un environnement pr\u00e9sentant des risques \u00e9lectriques. Savoir rep\u00e9rer les environnements ou locaux pr\u00e9sentant un risque \u00e9lectrique.<\/p>\n\n\n\n<p class=\"has-small-font-size\">Participants : <\/p>\n\n\n\n<p class=\"has-small-font-size\">Personnels non \u00e9lectricien intervenant dans un environnement o\u00f9 il existe un risque \u00e9lectrique. (Agents d\u2019entretien et\/ou de surveillance &#8211; Plombiers &#8211; Ma\u00e7ons &#8211; Terrassiers &#8211; Peintres &#8211; Serruriers).<\/p>\n\n\n\n<p class=\"has-small-font-size\">Pr\u00e9requis :<\/p>\n\n\n\n<p class=\"has-small-font-size\">Aucun niveau de connaissances pr\u00e9alables n\u2019est requis pour suivre cette formation.<\/p>\n\n\n\n<p class=\"has-small-font-size\">Formation initiale et recyclage 7 h 00<\/p>\n<\/div>\n\n\n\n<div class=\"wp-block-column is-layout-flow\">\n<p class=\"has-light-green-cyan-background-color has-background\">Indice : BP<\/p>\n\n\n\n<p class=\"has-small-font-size\">Objectif : <\/p>\n\n\n\n<p class=\"has-small-font-size\">Appliquer les m\u00e9thodes et proc\u00e9dures pour effectuer en s\u00e9curit\u00e9, la pose, la manipulation et la connexion de modules photovolta\u00efques.<\/p>\n\n\n\n<p class=\"has-small-font-size\">Participants : <\/p>\n\n\n\n<p class=\"has-small-font-size\">Personnels non \u00e9lectricien effectuant la pose, la manutention et la connexion de modules photovolta\u00efques. (Couvreurs &#8211; Plombiers &#8211; Fa\u00e7adiers &#8211; Zingueurs).<\/p>\n\n\n\n<p class=\"has-small-font-size\">Pr\u00e9requis :<\/p>\n\n\n\n<p class=\"has-small-font-size\">Aucun niveau de connaissances pr\u00e9alables n\u2019est requis pour suivre cette formation<\/p>\n\n\n\n<p class=\"has-small-font-size\">Formation initiale et recyclage 7 h 00<\/p>\n<\/div>\n\n\n\n<div class=\"wp-block-column is-layout-flow\">\n<p class=\"has-light-green-cyan-background-color has-background\">Indice : BE<\/p>\n\n\n\n<ul>\n<li class=\"has-small-font-size\">Man\u0153uvre <\/li>\n\n\n\n<li class=\"has-small-font-size\">Essai<\/li>\n\n\n\n<li class=\"has-small-font-size\">Mesurage<\/li>\n\n\n\n<li class=\"has-small-font-size\">V\u00e9rification<\/li>\n<\/ul>\n\n\n\n<p class=\"has-small-font-size\">Objectif : <\/p>\n\n\n\n<p class=\"has-small-font-size\">Changer la configuration d\u2019une installation et\/ou d\u2019un \u00e9quipement \u00e9lectrique. Effectuer en toute s\u00e9curit\u00e9 des man\u0153uvres d\u2019exploitation d\u2019ordre \u00e9lectrique en basse tension<\/p>\n\n\n\n<p class=\"has-small-font-size\">Participants : <\/p>\n\n\n\n<p class=\"has-small-font-size\">Personnels d\u2019exploitation et d\u2019entretien non \u00e9lectricien appel\u00e9s \u00e0 r\u00e9armer des dispositifs de protection (disjoncteur). Op\u00e9rateurs de chaine de production &#8211; Chef d\u2019atelier \/ cuisine &#8211; Veilleurs de nuit.<\/p>\n\n\n\n<p class=\"has-small-font-size\">Pr\u00e9requis :<\/p>\n\n\n\n<p class=\"has-small-font-size\">Aucun niveau de connaissances pr\u00e9alables n\u2019est requis pour suivre cette formation.<\/p>\n\n\n\n<p class=\"has-small-font-size\">Formation initiale et recyclage 14 h 00<\/p>\n<\/div>\n<\/div>\n\n\n\n<div class=\"wp-block-columns is-layout-flex wp-container-18\">\n<div class=\"wp-block-column is-layout-flow\">\n<div class=\"wp-block-buttons is-content-justification-center is-layout-flex wp-container-12\">\n<div class=\"wp-block-button has-custom-font-size has-small-font-size\"><a class=\"wp-block-button__link wp-element-button\" style=\"border-radius:10px\">T\u00e9l\u00e9charger le programme de formation<\/a><\/div>\n<\/div>\n<\/div>\n\n\n\n<div class=\"wp-block-column is-layout-flow\">\n<div class=\"wp-block-buttons is-content-justification-center is-layout-flex wp-container-14\">\n<div class=\"wp-block-button has-custom-font-size has-small-font-size\"><a class=\"wp-block-button__link wp-element-button\" style=\"border-radius:10px\">T\u00e9l\u00e9charger le programme de formation<\/a><\/div>\n<\/div>\n<\/div>\n\n\n\n<div class=\"wp-block-column is-layout-flow\">\n<div class=\"wp-block-buttons is-content-justification-center is-layout-flex wp-container-16\">\n<div class=\"wp-block-button has-custom-font-size has-small-font-size\"><a class=\"wp-block-button__link wp-element-button\" style=\"border-radius:10px\">T\u00e9l\u00e9charger le programme de formation<\/a><\/div>\n<\/div>\n<\/div>\n<\/div>\n\n\n\n<div style=\"height:175px\" aria-hidden=\"true\" class=\"wp-block-spacer\"><\/div>\n\n\n\n<h3 class=\"wp-block-heading has-vivid-red-color has-text-color has-large-font-size\">Intervention d&rsquo;ordre \u00e9lectrique<\/h3>\n\n\n\n<div style=\"height:50px\" aria-hidden=\"true\" class=\"wp-block-spacer\"><\/div>\n\n\n\n<div class=\"wp-block-columns is-layout-flex wp-container-22\">\n<div class=\"wp-block-column is-layout-flow\">\n<p><strong>Intervention \u00e9l\u00e9mentaires de remplacement et raccordement sur installations \u00e9lectriques<\/strong><\/p>\n<\/div>\n\n\n\n<div class=\"wp-block-column is-layout-flow\">\n<p><strong>Travaux et\/ou consignation d&rsquo;ordre \u00e9lectrique et\/ou intervention g\u00e9n\u00e9rale<\/strong><\/p>\n<\/div>\n\n\n\n<div class=\"wp-block-column is-layout-flow\">\n<p><strong>Travaux et\/ou consignation d\u2019ordre \u00e9lectrique en Haute Tension<\/strong><\/p>\n<\/div>\n<\/div>\n\n\n\n<div class=\"wp-block-columns is-layout-flex wp-container-26\">\n<div class=\"wp-block-column is-layout-flow\">\n<p class=\"has-light-green-cyan-background-color has-background\">Indice : BS compl\u00e8te par BE man\u0153uvre<\/p>\n\n\n\n<p class=\"has-small-font-size\">Objectif : <\/p>\n\n\n\n<p class=\"has-small-font-size\">R\u00e9aliser en toute s\u00e9curit\u00e9 le remplacement \u00e0 l\u2019identique de fusibles, d\u2019accessoires d\u2019\u00e9clairage, de prises de courant, d\u2019interrupteurs, le raccordement d\u2019\u00e9l\u00e9ments de mat\u00e9riel sur un circuit en attente prot\u00e9g\u00e9 en amont par un dispositif de protection ainsi que le r\u00e9armement d\u2019un disjoncteur. R\u00e9diger et exploiter les documents applicables dans le cadre de ces interventions.<\/p>\n\n\n\n<p class=\"has-small-font-size\">Participants : <\/p>\n\n\n\n<p class=\"has-small-font-size\">Personnels d\u2019exploitation, d\u2019entretien ou polyvalents appel\u00e9s \u00e0 faire des op\u00e9rations de remplacement et de raccordement, sur des \u00e9quipements terminaux prot\u00e9g\u00e9s en amont par un dispositif de protection sur des tensions n\u2019exc\u00e9dant pas 400 volts.<\/p>\n\n\n\n<p class=\"has-small-font-size\">Pr\u00e9requis :<\/p>\n\n\n\n<p class=\"has-small-font-size\">Aucun niveau de connaissances pr\u00e9alables n\u2019est requis pour suivre cette formation.<\/p>\n\n\n\n<p class=\"has-small-font-size\">Formation initiale et recyclage 14 h 00<\/p>\n<\/div>\n\n\n\n<div class=\"wp-block-column is-layout-flow\">\n<p class=\"has-light-green-cyan-background-color has-background\">Indice : B1 &#8211; B2 &#8211; BR &#8211; BC<\/p>\n\n\n\n<p class=\"has-small-font-size\">Objectif : <\/p>\n\n\n\n<p class=\"has-small-font-size\">R\u00e9aliser en toute s\u00e9curit\u00e9 des interventions d\u2019entretien et de d\u00e9pannage et\/ ou des travaux d\u2019ordre \u00e9lectrique sur des installations ou \u00e9quipements \u00e9lectriques. Savoir r\u00e9aliser la consignation pour soi-m\u00eame ou du charg\u00e9 d\u2019exploitation et les instructions de s\u00e9curit\u00e9. \u00catre capable d\u2019exploiter ou de r\u00e9diger les documents applicables et associ\u00e9s dans le cadre des travaux hors tension et intervention en basse tension.<\/p>\n\n\n\n<p class=\"has-small-font-size\">Participants : <\/p>\n\n\n\n<p class=\"has-small-font-size\">Personnels \u00e9lectricien intervenant sur des ouvrages \u00e9lectriques dans diff\u00e9rentes configurations de b\u00e2timents et de chantiers pour la r\u00e9alisation des interventions d\u2019entretien et de d\u00e9pannage d\u2019ordre \u00e9lectrique.<\/p>\n\n\n\n<p class=\"has-small-font-size\">Pr\u00e9requis :<\/p>\n\n\n\n<p class=\"has-small-font-size\">Connaissances en \u00e9lectricit\u00e9.<\/p>\n\n\n\n<p class=\"has-small-font-size\">Formation initiale 21 h 00<\/p>\n\n\n\n<p class=\"has-small-font-size\">Formation recyclage 14 h 00<\/p>\n<\/div>\n\n\n\n<div class=\"wp-block-column is-layout-flow\">\n<p class=\"has-light-green-cyan-background-color has-background\">Indice : H1 &#8211; H2 &#8211; HC<\/p>\n\n\n\n<p class=\"has-small-font-size\">Objectif : <\/p>\n\n\n\n<p class=\"has-small-font-size\">R\u00e9aliser en toute s\u00e9curit\u00e9 les travaux d\u2019ordre \u00e9lectrique en HT et\/ou les op\u00e9rations de consignation en HT. Pr\u00e9parer et diriger des travaux d\u2019ordre \u00e9lectrique et appliquer les proc\u00e9dures de s\u00e9curit\u00e9 \u00e9lectrique. R\u00e9diger et\/ou exploiter les documents applicables et associ\u00e9s dans le cadre des travaux d\u2019ordre \u00e9lectrique en HT et\/ou les op\u00e9rations de consignation en HT.<\/p>\n\n\n\n<p class=\"has-small-font-size\">Participants : <\/p>\n\n\n\n<p class=\"has-small-font-size\">Electriciens intervenant sur des installations et \u00e9quipements \u00e9lectriques dans le domaine de la haute tension<\/p>\n\n\n\n<p class=\"has-small-font-size\">Pr\u00e9requis :<\/p>\n\n\n\n<p class=\"has-small-font-size\">Avoir suivi une formation initiale (ou recyclage) pr\u00e9parant \u00e0 l\u2019habilitation \u00e9lectrique d\u2019indices B1 &#8211; B2 ou BC.<\/p>\n\n\n\n<p class=\"has-small-font-size\">Formation initiale et recyclage 7 h 00<\/p>\n<\/div>\n<\/div>\n\n\n\n<div class=\"wp-block-columns is-layout-flex wp-container-33\">\n<div class=\"wp-block-column is-layout-flow\">\n<div class=\"wp-block-buttons is-content-justification-center is-layout-flex wp-container-27\">\n<div class=\"wp-block-button has-custom-font-size has-small-font-size\"><a class=\"wp-block-button__link wp-element-button\" style=\"border-radius:10px\">T\u00e9l\u00e9charger le programme de formation<\/a><\/div>\n<\/div>\n<\/div>\n\n\n\n<div class=\"wp-block-column is-layout-flow\">\n<div class=\"wp-block-buttons is-content-justification-center is-layout-flex wp-container-29\">\n<div class=\"wp-block-button has-custom-font-size has-small-font-size\"><a class=\"wp-block-button__link wp-element-button\" style=\"border-radius:10px\">T\u00e9l\u00e9charger le programme de formation<\/a><\/div>\n<\/div>\n<\/div>\n\n\n\n<div class=\"wp-block-column is-layout-flow\">\n<div class=\"wp-block-buttons is-content-justification-center is-layout-flex wp-container-31\">\n<div class=\"wp-block-button has-custom-font-size has-small-font-size\"><a class=\"wp-block-button__link wp-element-button\" style=\"border-radius:10px\">T\u00e9l\u00e9charger le programme de formation<\/a><\/div>\n<\/div>\n<\/div>\n<\/div>\n\n\n\n<div style=\"height:50px\" aria-hidden=\"true\" class=\"wp-block-spacer\"><\/div>\n\n\n\n<hr class=\"wp-block-separator has-alpha-channel-opacity\"\/>\n\n\n\n<div style=\"height:50px\" aria-hidden=\"true\" class=\"wp-block-spacer\"><\/div>\n\n\n\n<p><strong>Evaluation :<\/strong><br>Evaluation des acquis th\u00e9oriques et pratiques suivant la Norme NF C 18-510 en vue de la remise d\u2019un titre d\u2019habilitation par l\u2019employeur.<\/p>\n\n\n\n<div style=\"height:25px\" aria-hidden=\"true\" class=\"wp-block-spacer\"><\/div>\n\n\n\n<p><strong>Les moyens p\u00e9dagogiques et d\u2019encadrement<\/strong><\/p>\n\n\n\n<div class=\"wp-block-columns is-layout-flex wp-container-36\">\n<div class=\"wp-block-column is-layout-flow\">\n<p class=\"has-pale-cyan-blue-background-color has-background has-small-font-size\"><em>Moyens et m\u00e9thodes p\u00e9dagogiques<\/em><\/p>\n\n\n\n<p class=\"has-small-font-size\"><br>Alternance des s\u00e9quences expositives, interactives, d\u00e9monstratives et actives &#8211; Salle \u00e9quip\u00e9e d\u2019un vid\u00e9oprojecteur et d\u2019un paperboard. <\/p>\n\n\n\n<p class=\"has-small-font-size\">Le test d\u2019entr\u00e9e est r\u00e9alis\u00e9 par QCM &#8211; Un support de formation reprenant l\u2019ensemble des th\u00e8mes abord\u00e9s est fourni \u00e0 chacun des participants.<\/p>\n<\/div>\n\n\n\n<div class=\"wp-block-column is-layout-flow\">\n<p class=\"has-pale-cyan-blue-background-color has-background has-small-font-size\"><em>Encadrement et formateurs<\/em><\/p>\n\n\n\n<p class=\"has-small-font-size\"><br>Les formateurs sont exp\u00e9riment\u00e9s et confirm\u00e9s &#8211; La coordination et le suivi p\u00e9dagogique sont assur\u00e9s par le responsable formation.<\/p>\n<\/div>\n<\/div>\n","protected":false},"excerpt":{"rendered":"<p>Habilitation \u00e9lectrique basse et haute tension L\u2019habilitation \u00e9lectrique est la reconnaissance par l\u2019employeur de la capacit\u00e9 d\u2019une personne \u00e0 accomplir en toute s\u00e9curit\u00e9, vis-\u00e0-vis du risque \u00e9lectrique, les travaux, les op\u00e9rations et les interventions confi\u00e9s, qu\u2019ils soient au voisinage ou sur des installations \u00e9lectriques hors tension ou sous tension. Chaque employeur a l\u2019obligation \u00ab en [&hellip;]<\/p>\n","protected":false},"author":1,"featured_media":0,"parent":362,"menu_order":0,"comment_status":"closed","ping_status":"closed","template":"","meta":[],"yoast_head":"<!-- This site is optimized with the Yoast SEO plugin v20.6 - https:\/\/yoast.com\/wordpress\/plugins\/seo\/ -->\n<title>Habilitation \u00e9lectrique basse et haute tension<\/title>\n<meta name=\"description\" content=\"Formation habilitation \u00e9lectrique basse et haute tension pour les indices : B0 H0V BF HF - B1V B2V BR BC BP BS BE - H1V H2V HC\" \/>\n<meta name=\"robots\" content=\"index, follow, max-snippet:-1, max-image-preview:large, max-video-preview:-1\" \/>\n<link rel=\"canonical\" href=\"https:\/\/cde-cf.fr\/?page_id=364\" \/>\n<meta property=\"og:locale\" content=\"fr_FR\" \/>\n<meta property=\"og:type\" content=\"article\" \/>\n<meta property=\"og:title\" content=\"Habilitation \u00e9lectrique basse et haute tension\" \/>\n<meta property=\"og:description\" content=\"Formation habilitation \u00e9lectrique basse et haute tension pour les indices : B0 H0V BF HF - B1V B2V BR BC BP BS BE - H1V H2V HC\" \/>\n<meta property=\"og:url\" content=\"https:\/\/cde-cf.fr\/?page_id=364\" \/>\n<meta property=\"og:site_name\" content=\"Organisme d&#039;inspection et formation professionnelle\" \/>\n<meta property=\"article:modified_time\" content=\"2023-04-15T15:52:57+00:00\" \/>\n<meta property=\"og:image\" content=\"https:\/\/cde-cf.fr\/wp-content\/uploads\/2023\/04\/Image12-300x265.jpg\" \/>\n<meta name=\"twitter:card\" content=\"summary_large_image\" \/>\n<meta name=\"twitter:label1\" content=\"Dur\u00e9e de lecture estim\u00e9e\" \/>\n\t<meta name=\"twitter:data1\" content=\"5 minutes\" \/>\n<script type=\"application\/ld+json\" class=\"yoast-schema-graph\">{\"@context\":\"https:\/\/schema.org\",\"@graph\":[{\"@type\":\"WebPage\",\"@id\":\"https:\/\/cde-cf.fr\/?page_id=364\",\"url\":\"https:\/\/cde-cf.fr\/?page_id=364\",\"name\":\"Habilitation \u00e9lectrique basse et haute tension\",\"isPartOf\":{\"@id\":\"https:\/\/cde-cf.fr\/#website\"},\"datePublished\":\"2023-03-29T21:57:54+00:00\",\"dateModified\":\"2023-04-15T15:52:57+00:00\",\"description\":\"Formation habilitation \u00e9lectrique basse et haute tension pour les indices : B0 H0V BF HF - B1V B2V BR BC BP BS BE - H1V H2V HC\",\"breadcrumb\":{\"@id\":\"https:\/\/cde-cf.fr\/?page_id=364#breadcrumb\"},\"inLanguage\":\"fr-FR\",\"potentialAction\":[{\"@type\":\"ReadAction\",\"target\":[\"https:\/\/cde-cf.fr\/?page_id=364\"]}]},{\"@type\":\"BreadcrumbList\",\"@id\":\"https:\/\/cde-cf.fr\/?page_id=364#breadcrumb\",\"itemListElement\":[{\"@type\":\"ListItem\",\"position\":1,\"name\":\"Accueil\",\"item\":\"https:\/\/cde-cf.fr\/\"},{\"@type\":\"ListItem\",\"position\":2,\"name\":\"Nos services\",\"item\":\"https:\/\/cde-cf.fr\/?page_id=295\"},{\"@type\":\"ListItem\",\"position\":3,\"name\":\"Nos formations\",\"item\":\"https:\/\/cde-cf.fr\/?page_id=362\"},{\"@type\":\"ListItem\",\"position\":4,\"name\":\"Habilitation \u00e9lectrique\"}]},{\"@type\":\"WebSite\",\"@id\":\"https:\/\/cde-cf.fr\/#website\",\"url\":\"https:\/\/cde-cf.fr\/\",\"name\":\"Organisme d'inspection et formation professionnelle\",\"description\":\"La s\u00e9curit\u00e9 au c\u0153ur de notre m\u00e9tier !\",\"publisher\":{\"@id\":\"https:\/\/cde-cf.fr\/#organization\"},\"potentialAction\":[{\"@type\":\"SearchAction\",\"target\":{\"@type\":\"EntryPoint\",\"urlTemplate\":\"https:\/\/cde-cf.fr\/?s={search_term_string}\"},\"query-input\":\"required name=search_term_string\"}],\"inLanguage\":\"fr-FR\"},{\"@type\":\"Organization\",\"@id\":\"https:\/\/cde-cf.fr\/#organization\",\"name\":\"CDE - Cabinet des Epris\",\"url\":\"https:\/\/cde-cf.fr\/\",\"logo\":{\"@type\":\"ImageObject\",\"inLanguage\":\"fr-FR\",\"@id\":\"https:\/\/cde-cf.fr\/#\/schema\/logo\/image\/\",\"url\":\"https:\/\/cde-cf.fr\/wp-content\/uploads\/2023\/03\/Image3-scaled.gif\",\"contentUrl\":\"https:\/\/cde-cf.fr\/wp-content\/uploads\/2023\/03\/Image3-scaled.gif\",\"width\":2560,\"height\":913,\"caption\":\"CDE - Cabinet des Epris\"},\"image\":{\"@id\":\"https:\/\/cde-cf.fr\/#\/schema\/logo\/image\/\"}}]}<\/script>\n<!-- \/ Yoast SEO plugin. -->","yoast_head_json":{"title":"Habilitation \u00e9lectrique basse et haute tension","description":"Formation habilitation \u00e9lectrique basse et haute tension pour les indices : B0 H0V BF HF - B1V B2V BR BC BP BS BE - H1V H2V HC","robots":{"index":"index","follow":"follow","max-snippet":"max-snippet:-1","max-image-preview":"max-image-preview:large","max-video-preview":"max-video-preview:-1"},"canonical":"https:\/\/cde-cf.fr\/?page_id=364","og_locale":"fr_FR","og_type":"article","og_title":"Habilitation \u00e9lectrique basse et haute tension","og_description":"Formation habilitation \u00e9lectrique basse et haute tension pour les indices : B0 H0V BF HF - B1V B2V BR BC BP BS BE - H1V H2V HC","og_url":"https:\/\/cde-cf.fr\/?page_id=364","og_site_name":"Organisme d&#039;inspection et formation professionnelle","article_modified_time":"2023-04-15T15:52:57+00:00","og_image":[{"url":"https:\/\/cde-cf.fr\/wp-content\/uploads\/2023\/04\/Image12-300x265.jpg"}],"twitter_card":"summary_large_image","twitter_misc":{"Dur\u00e9e de lecture estim\u00e9e":"5 minutes"},"schema":{"@context":"https:\/\/schema.org","@graph":[{"@type":"WebPage","@id":"https:\/\/cde-cf.fr\/?page_id=364","url":"https:\/\/cde-cf.fr\/?page_id=364","name":"Habilitation \u00e9lectrique basse et haute tension","isPartOf":{"@id":"https:\/\/cde-cf.fr\/#website"},"datePublished":"2023-03-29T21:57:54+00:00","dateModified":"2023-04-15T15:52:57+00:00","description":"Formation habilitation \u00e9lectrique basse et haute tension pour les indices : B0 H0V BF HF - B1V B2V BR BC BP BS BE - H1V H2V HC","breadcrumb":{"@id":"https:\/\/cde-cf.fr\/?page_id=364#breadcrumb"},"inLanguage":"fr-FR","potentialAction":[{"@type":"ReadAction","target":["https:\/\/cde-cf.fr\/?page_id=364"]}]},{"@type":"BreadcrumbList","@id":"https:\/\/cde-cf.fr\/?page_id=364#breadcrumb","itemListElement":[{"@type":"ListItem","position":1,"name":"Accueil","item":"https:\/\/cde-cf.fr\/"},{"@type":"ListItem","position":2,"name":"Nos services","item":"https:\/\/cde-cf.fr\/?page_id=295"},{"@type":"ListItem","position":3,"name":"Nos formations","item":"https:\/\/cde-cf.fr\/?page_id=362"},{"@type":"ListItem","position":4,"name":"Habilitation \u00e9lectrique"}]},{"@type":"WebSite","@id":"https:\/\/cde-cf.fr\/#website","url":"https:\/\/cde-cf.fr\/","name":"Organisme d'inspection et formation professionnelle","description":"La s\u00e9curit\u00e9 au c\u0153ur de notre m\u00e9tier !","publisher":{"@id":"https:\/\/cde-cf.fr\/#organization"},"potentialAction":[{"@type":"SearchAction","target":{"@type":"EntryPoint","urlTemplate":"https:\/\/cde-cf.fr\/?s={search_term_string}"},"query-input":"required name=search_term_string"}],"inLanguage":"fr-FR"},{"@type":"Organization","@id":"https:\/\/cde-cf.fr\/#organization","name":"CDE - Cabinet des Epris","url":"https:\/\/cde-cf.fr\/","logo":{"@type":"ImageObject","inLanguage":"fr-FR","@id":"https:\/\/cde-cf.fr\/#\/schema\/logo\/image\/","url":"https:\/\/cde-cf.fr\/wp-content\/uploads\/2023\/03\/Image3-scaled.gif","contentUrl":"https:\/\/cde-cf.fr\/wp-content\/uploads\/2023\/03\/Image3-scaled.gif","width":2560,"height":913,"caption":"CDE - Cabinet des Epris"},"image":{"@id":"https:\/\/cde-cf.fr\/#\/schema\/logo\/image\/"}}]}},"_links":{"self":[{"href":"https:\/\/cde-cf.fr\/index.php?rest_route=\/wp\/v2\/pages\/364"}],"collection":[{"href":"https:\/\/cde-cf.fr\/index.php?rest_route=\/wp\/v2\/pages"}],"about":[{"href":"https:\/\/cde-cf.fr\/index.php?rest_route=\/wp\/v2\/types\/page"}],"author":[{"embeddable":true,"href":"https:\/\/cde-cf.fr\/index.php?rest_route=\/wp\/v2\/users\/1"}],"replies":[{"embeddable":true,"href":"https:\/\/cde-cf.fr\/index.php?rest_route=%2Fwp%2Fv2%2Fcomments&post=364"}],"version-history":[{"count":97,"href":"https:\/\/cde-cf.fr\/index.php?rest_route=\/wp\/v2\/pages\/364\/revisions"}],"predecessor-version":[{"id":1270,"href":"https:\/\/cde-cf.fr\/index.php?rest_route=\/wp\/v2\/pages\/364\/revisions\/1270"}],"up":[{"embeddable":true,"href":"https:\/\/cde-cf.fr\/index.php?rest_route=\/wp\/v2\/pages\/362"}],"wp:attachment":[{"href":"https:\/\/cde-cf.fr\/index.php?rest_route=%2Fwp%2Fv2%2Fmedia&parent=364"}],"curies":[{"name":"wp","href":"https:\/\/api.w.org\/{rel}","templated":true}]}}