{"id":362,"date":"2023-03-29T23:55:43","date_gmt":"2023-03-29T21:55:43","guid":{"rendered":"https:\/\/192.168.1.141\/wordpress\/?page_id=362"},"modified":"2023-04-15T17:52:32","modified_gmt":"2023-04-15T15:52:32","slug":"nos-formations","status":"publish","type":"page","link":"https:\/\/cde-cf.fr\/?page_id=362","title":{"rendered":"Nos formations"},"content":{"rendered":"\n<div style=\"height:500px\" aria-hidden=\"true\" class=\"wp-block-spacer\"><\/div>\n\n\n\n<h1 class=\"wp-block-heading has-vivid-cyan-blue-color has-text-color has-large-font-size\">Nos offres de formation professionnelle<\/h1>\n\n\n\n<p><strong>Formez vous pour avancer et devenez expert dans votre domaine<\/strong><\/p>\n\n\n\n<div class=\"wp-block-columns is-layout-flex wp-container-3\">\n<div class=\"wp-block-column is-layout-flow\" style=\"flex-basis:66.66%\">\n<p>CDE vous propose diff\u00e9rentes formations pour la protection des personnes et des biens.<\/p>\n\n\n\n<div style=\"height:50px\" aria-hidden=\"true\" class=\"wp-block-spacer\"><\/div>\n<\/div>\n\n\n\n<div class=\"wp-block-column is-layout-flow\" style=\"flex-basis:33.33%\"><\/div>\n<\/div>\n\n\n\n<p>Formation \u00e0 la pr\u00e9paration \u00e0 l&rsquo;habilitation \u00e9lectrique pour la d\u00e9livrance par l&#8217;employeur d&rsquo;un titre d&rsquo;habilitation \u00e9lectrique en application de la norme NF C 18-150<\/p>\n\n\n\n<div class=\"wp-block-buttons is-layout-flex\">\n<div class=\"wp-block-button has-custom-font-size has-small-font-size\"><a class=\"wp-block-button__link has-vivid-cyan-blue-background-color has-background wp-element-button\" href=\"https:\/\/cde-cf.fr\/?page_id=364\" style=\"border-radius:10px\">Habilitation \u00e9lectrique<\/a><\/div>\n<\/div>\n\n\n\n<div style=\"height:50px\" aria-hidden=\"true\" class=\"wp-block-spacer\"><\/div>\n\n\n\n<p>Formation pour la d\u00e9livrance par l&#8217;employeur des autorisations de conduite des engins de levage ou de manutention et CACES\u00ae.<\/p>\n\n\n\n<div class=\"wp-block-buttons is-content-justification-left is-layout-flex wp-container-5\">\n<div class=\"wp-block-button has-custom-font-size has-small-font-size\"><a class=\"wp-block-button__link has-vivid-cyan-blue-background-color has-background wp-element-button\" href=\"https:\/\/cde-cf.fr\/?page_id=366\" style=\"border-radius:10px\">Autorisation de conduite et CACES\u00ae<\/a><\/div>\n<\/div>\n\n\n\n<div style=\"height:50px\" aria-hidden=\"true\" class=\"wp-block-spacer\"><\/div>\n\n\n\n<p>Formation pour l&rsquo;autorisation d&rsquo;intervention \u00e0 proximit\u00e9 des r\u00e9seaux<\/p>\n\n\n\n<div class=\"wp-block-buttons is-content-justification-left is-layout-flex wp-container-6\">\n<div class=\"wp-block-button has-custom-font-size has-small-font-size\"><a class=\"wp-block-button__link has-vivid-cyan-blue-background-color has-background wp-element-button\" href=\"https:\/\/cde-cf.fr\/?page_id=368\" style=\"border-radius:10px\">AIPR<\/a><\/div>\n<\/div>\n","protected":false},"excerpt":{"rendered":"<p>Nos offres de formation professionnelle Formez vous pour avancer et devenez expert dans votre domaine CDE vous propose diff\u00e9rentes formations pour la protection des personnes et des biens. Formation \u00e0 la pr\u00e9paration \u00e0 l&rsquo;habilitation \u00e9lectrique pour la d\u00e9livrance par l&#8217;employeur d&rsquo;un titre d&rsquo;habilitation \u00e9lectrique en application de la norme NF C 18-150 Formation pour la [&hellip;]<\/p>\n","protected":false},"author":1,"featured_media":0,"parent":295,"menu_order":5,"comment_status":"closed","ping_status":"closed","template":"","meta":[],"yoast_head":"<!-- This site is optimized with the Yoast SEO plugin v20.6 - https:\/\/yoast.com\/wordpress\/plugins\/seo\/ -->\n<title>Nos formations - Organisme d&#039;inspection et formation professionnelle<\/title>\n<meta name=\"robots\" content=\"index, follow, max-snippet:-1, max-image-preview:large, max-video-preview:-1\" \/>\n<link rel=\"canonical\" href=\"https:\/\/cde-cf.fr\/?page_id=362\" \/>\n<meta property=\"og:locale\" content=\"fr_FR\" \/>\n<meta property=\"og:type\" content=\"article\" \/>\n<meta property=\"og:title\" content=\"Nos formations - Organisme d&#039;inspection et formation professionnelle\" \/>\n<meta property=\"og:description\" content=\"Nos offres de formation professionnelle Formez vous pour avancer et devenez expert dans votre domaine CDE vous propose diff\u00e9rentes formations pour la protection des personnes et des biens. Formation \u00e0 la pr\u00e9paration \u00e0 l&rsquo;habilitation \u00e9lectrique pour la d\u00e9livrance par l&#8217;employeur d&rsquo;un titre d&rsquo;habilitation \u00e9lectrique en application de la norme NF C 18-150 Formation pour la [&hellip;]\" \/>\n<meta property=\"og:url\" content=\"https:\/\/cde-cf.fr\/?page_id=362\" \/>\n<meta property=\"og:site_name\" content=\"Organisme d&#039;inspection et formation professionnelle\" \/>\n<meta property=\"article:modified_time\" content=\"2023-04-15T15:52:32+00:00\" \/>\n<meta name=\"twitter:card\" content=\"summary_large_image\" \/>\n<meta name=\"twitter:label1\" content=\"Dur\u00e9e de lecture estim\u00e9e\" \/>\n\t<meta name=\"twitter:data1\" content=\"1 minute\" \/>\n<script type=\"application\/ld+json\" class=\"yoast-schema-graph\">{\"@context\":\"https:\/\/schema.org\",\"@graph\":[{\"@type\":\"WebPage\",\"@id\":\"https:\/\/cde-cf.fr\/?page_id=362\",\"url\":\"https:\/\/cde-cf.fr\/?page_id=362\",\"name\":\"Nos formations - Organisme d&#039;inspection et formation professionnelle\",\"isPartOf\":{\"@id\":\"https:\/\/cde-cf.fr\/#website\"},\"datePublished\":\"2023-03-29T21:55:43+00:00\",\"dateModified\":\"2023-04-15T15:52:32+00:00\",\"breadcrumb\":{\"@id\":\"https:\/\/cde-cf.fr\/?page_id=362#breadcrumb\"},\"inLanguage\":\"fr-FR\",\"potentialAction\":[{\"@type\":\"ReadAction\",\"target\":[\"https:\/\/cde-cf.fr\/?page_id=362\"]}]},{\"@type\":\"BreadcrumbList\",\"@id\":\"https:\/\/cde-cf.fr\/?page_id=362#breadcrumb\",\"itemListElement\":[{\"@type\":\"ListItem\",\"position\":1,\"name\":\"Accueil\",\"item\":\"https:\/\/cde-cf.fr\/\"},{\"@type\":\"ListItem\",\"position\":2,\"name\":\"Nos services\",\"item\":\"https:\/\/cde-cf.fr\/?page_id=295\"},{\"@type\":\"ListItem\",\"position\":3,\"name\":\"Nos formations\"}]},{\"@type\":\"WebSite\",\"@id\":\"https:\/\/cde-cf.fr\/#website\",\"url\":\"https:\/\/cde-cf.fr\/\",\"name\":\"Organisme d'inspection et formation professionnelle\",\"description\":\"La s\u00e9curit\u00e9 au c\u0153ur de notre m\u00e9tier !\",\"publisher\":{\"@id\":\"https:\/\/cde-cf.fr\/#organization\"},\"potentialAction\":[{\"@type\":\"SearchAction\",\"target\":{\"@type\":\"EntryPoint\",\"urlTemplate\":\"https:\/\/cde-cf.fr\/?s={search_term_string}\"},\"query-input\":\"required name=search_term_string\"}],\"inLanguage\":\"fr-FR\"},{\"@type\":\"Organization\",\"@id\":\"https:\/\/cde-cf.fr\/#organization\",\"name\":\"CDE - Cabinet des Epris\",\"url\":\"https:\/\/cde-cf.fr\/\",\"logo\":{\"@type\":\"ImageObject\",\"inLanguage\":\"fr-FR\",\"@id\":\"https:\/\/cde-cf.fr\/#\/schema\/logo\/image\/\",\"url\":\"https:\/\/cde-cf.fr\/wp-content\/uploads\/2023\/03\/Image3-scaled.gif\",\"contentUrl\":\"https:\/\/cde-cf.fr\/wp-content\/uploads\/2023\/03\/Image3-scaled.gif\",\"width\":2560,\"height\":913,\"caption\":\"CDE - Cabinet des Epris\"},\"image\":{\"@id\":\"https:\/\/cde-cf.fr\/#\/schema\/logo\/image\/\"}}]}<\/script>\n<!-- \/ Yoast SEO plugin. -->","yoast_head_json":{"title":"Nos formations - Organisme d&#039;inspection et formation professionnelle","robots":{"index":"index","follow":"follow","max-snippet":"max-snippet:-1","max-image-preview":"max-image-preview:large","max-video-preview":"max-video-preview:-1"},"canonical":"https:\/\/cde-cf.fr\/?page_id=362","og_locale":"fr_FR","og_type":"article","og_title":"Nos formations - Organisme d&#039;inspection et formation professionnelle","og_description":"Nos offres de formation professionnelle Formez vous pour avancer et devenez expert dans votre domaine CDE vous propose diff\u00e9rentes formations pour la protection des personnes et des biens. Formation \u00e0 la pr\u00e9paration \u00e0 l&rsquo;habilitation \u00e9lectrique pour la d\u00e9livrance par l&#8217;employeur d&rsquo;un titre d&rsquo;habilitation \u00e9lectrique en application de la norme NF C 18-150 Formation pour la [&hellip;]","og_url":"https:\/\/cde-cf.fr\/?page_id=362","og_site_name":"Organisme d&#039;inspection et formation professionnelle","article_modified_time":"2023-04-15T15:52:32+00:00","twitter_card":"summary_large_image","twitter_misc":{"Dur\u00e9e de lecture estim\u00e9e":"1 minute"},"schema":{"@context":"https:\/\/schema.org","@graph":[{"@type":"WebPage","@id":"https:\/\/cde-cf.fr\/?page_id=362","url":"https:\/\/cde-cf.fr\/?page_id=362","name":"Nos formations - Organisme d&#039;inspection et formation professionnelle","isPartOf":{"@id":"https:\/\/cde-cf.fr\/#website"},"datePublished":"2023-03-29T21:55:43+00:00","dateModified":"2023-04-15T15:52:32+00:00","breadcrumb":{"@id":"https:\/\/cde-cf.fr\/?page_id=362#breadcrumb"},"inLanguage":"fr-FR","potentialAction":[{"@type":"ReadAction","target":["https:\/\/cde-cf.fr\/?page_id=362"]}]},{"@type":"BreadcrumbList","@id":"https:\/\/cde-cf.fr\/?page_id=362#breadcrumb","itemListElement":[{"@type":"ListItem","position":1,"name":"Accueil","item":"https:\/\/cde-cf.fr\/"},{"@type":"ListItem","position":2,"name":"Nos services","item":"https:\/\/cde-cf.fr\/?page_id=295"},{"@type":"ListItem","position":3,"name":"Nos formations"}]},{"@type":"WebSite","@id":"https:\/\/cde-cf.fr\/#website","url":"https:\/\/cde-cf.fr\/","name":"Organisme d'inspection et formation professionnelle","description":"La s\u00e9curit\u00e9 au c\u0153ur de notre m\u00e9tier !","publisher":{"@id":"https:\/\/cde-cf.fr\/#organization"},"potentialAction":[{"@type":"SearchAction","target":{"@type":"EntryPoint","urlTemplate":"https:\/\/cde-cf.fr\/?s={search_term_string}"},"query-input":"required name=search_term_string"}],"inLanguage":"fr-FR"},{"@type":"Organization","@id":"https:\/\/cde-cf.fr\/#organization","name":"CDE - Cabinet des Epris","url":"https:\/\/cde-cf.fr\/","logo":{"@type":"ImageObject","inLanguage":"fr-FR","@id":"https:\/\/cde-cf.fr\/#\/schema\/logo\/image\/","url":"https:\/\/cde-cf.fr\/wp-content\/uploads\/2023\/03\/Image3-scaled.gif","contentUrl":"https:\/\/cde-cf.fr\/wp-content\/uploads\/2023\/03\/Image3-scaled.gif","width":2560,"height":913,"caption":"CDE - Cabinet des Epris"},"image":{"@id":"https:\/\/cde-cf.fr\/#\/schema\/logo\/image\/"}}]}},"_links":{"self":[{"href":"https:\/\/cde-cf.fr\/index.php?rest_route=\/wp\/v2\/pages\/362"}],"collection":[{"href":"https:\/\/cde-cf.fr\/index.php?rest_route=\/wp\/v2\/pages"}],"about":[{"href":"https:\/\/cde-cf.fr\/index.php?rest_route=\/wp\/v2\/types\/page"}],"author":[{"embeddable":true,"href":"https:\/\/cde-cf.fr\/index.php?rest_route=\/wp\/v2\/users\/1"}],"replies":[{"embeddable":true,"href":"https:\/\/cde-cf.fr\/index.php?rest_route=%2Fwp%2Fv2%2Fcomments&post=362"}],"version-history":[{"count":24,"href":"https:\/\/cde-cf.fr\/index.php?rest_route=\/wp\/v2\/pages\/362\/revisions"}],"predecessor-version":[{"id":1269,"href":"https:\/\/cde-cf.fr\/index.php?rest_route=\/wp\/v2\/pages\/362\/revisions\/1269"}],"up":[{"embeddable":true,"href":"https:\/\/cde-cf.fr\/index.php?rest_route=\/wp\/v2\/pages\/295"}],"wp:attachment":[{"href":"https:\/\/cde-cf.fr\/index.php?rest_route=%2Fwp%2Fv2%2Fmedia&parent=362"}],"curies":[{"name":"wp","href":"https:\/\/api.w.org\/{rel}","templated":true}]}}