{"id":360,"date":"2023-03-29T23:53:45","date_gmt":"2023-03-29T21:53:45","guid":{"rendered":"https:\/\/192.168.1.141\/wordpress\/?page_id=360"},"modified":"2023-04-15T17:52:11","modified_gmt":"2023-04-15T15:52:11","slug":"autres-verifications","status":"publish","type":"page","link":"https:\/\/cde-cf.fr\/?page_id=360","title":{"rendered":"Autres v\u00e9rifications"},"content":{"rendered":"\n<div style=\"height:500px\" aria-hidden=\"true\" class=\"wp-block-spacer\"><\/div>\n\n\n\n<h1 class=\"wp-block-heading has-vivid-cyan-blue-color has-text-color has-large-font-size\">Autres v\u00e9rifications techniques<\/h1>\n\n\n\n<p>Diff\u00e9rents textes r\u00e9glementaires et le code du travail imposent des v\u00e9rifications p\u00e9riodiques sur un ensemble de machines et d&rsquo;\u00e9quipements et accessoires.<\/p>\n\n\n\n<p>Vous trouverez ci dessous les autres v\u00e9rifications propos\u00e9es par CDE<\/p>\n\n\n\n<div style=\"height:50px\" aria-hidden=\"true\" class=\"wp-block-spacer\"><\/div>\n\n\n\n<div class=\"wp-block-columns is-layout-flex wp-container-4\">\n<div class=\"wp-block-column is-layout-flow\">\n<h2 class=\"wp-block-heading has-black-color has-text-color has-medium-font-size\">Machines dangereuses<\/h2>\n<\/div>\n\n\n\n<div class=\"wp-block-column is-layout-flow\">\n<h2 class=\"wp-block-heading has-medium-font-size\">Echafaudages<\/h2>\n<\/div>\n\n\n\n<div class=\"wp-block-column is-layout-flow\">\n<h2 class=\"wp-block-heading has-medium-font-size\">Portes et portails motoris\u00e9s<\/h2>\n<\/div>\n<\/div>\n\n\n\n<div class=\"wp-block-columns is-layout-flex wp-container-8\">\n<div class=\"wp-block-column is-layout-flow\">\n<p class=\"has-pale-cyan-blue-background-color has-background\">Tous les 3 mois<\/p>\n<\/div>\n\n\n\n<div class=\"wp-block-column is-layout-flow\">\n<p class=\"has-pale-cyan-blue-background-color has-background\">Apres montage + VGP annuelle<\/p>\n<\/div>\n\n\n\n<div class=\"wp-block-column is-layout-flow\">\n<p class=\"has-pale-cyan-blue-background-color has-background\">Tous les 6 mois<\/p>\n<\/div>\n<\/div>\n\n\n\n<div class=\"wp-block-columns is-layout-flex wp-container-12\">\n<div class=\"wp-block-column has-small-font-size is-layout-flow\">\n<ul>\n<li class=\"has-small-font-size\">Presse \u00e0 balle<\/li>\n\n\n\n<li class=\"has-small-font-size\">Plieuse<\/li>\n\n\n\n<li class=\"has-small-font-size\">Massicot<\/li>\n<\/ul>\n<\/div>\n\n\n\n<div class=\"wp-block-column has-small-font-size is-layout-flow\">\n<ul>\n<li class=\"has-small-font-size\">Fixe<\/li>\n\n\n\n<li class=\"has-small-font-size\">Roulant \/ Mobile<\/li>\n<\/ul>\n<\/div>\n\n\n\n<div class=\"wp-block-column has-small-font-size is-layout-flow\">\n<ul>\n<li class=\"has-small-font-size\">Portail<\/li>\n\n\n\n<li class=\"has-small-font-size\">Porte et rideau<\/li>\n\n\n\n<li class=\"has-small-font-size\">Barri\u00e8re (\u00e0 la demande du client)<\/li>\n<\/ul>\n<\/div>\n<\/div>\n\n\n\n<div style=\"height:50px\" aria-hidden=\"true\" class=\"wp-block-spacer\"><\/div>\n\n\n\n<div class=\"wp-block-columns is-layout-flex wp-container-16\">\n<div class=\"wp-block-column is-layout-flow\">\n<h2 class=\"wp-block-heading has-black-color has-text-color has-medium-font-size\">Installations de gaz<\/h2>\n<\/div>\n\n\n\n<div class=\"wp-block-column is-layout-flow\">\n<h2 class=\"wp-block-heading has-medium-font-size\">Cuves sous pression \u00e0 air<\/h2>\n<\/div>\n\n\n\n<div class=\"wp-block-column is-layout-flow\">\n<h2 class=\"wp-block-heading has-medium-font-size\">Rayonnages de stockage<\/h2>\n<\/div>\n<\/div>\n\n\n\n<div class=\"wp-block-columns is-layout-flex wp-container-20\">\n<div class=\"wp-block-column is-layout-flow\">\n<p class=\"has-pale-cyan-blue-background-color has-background\">Une fois par an<\/p>\n<\/div>\n\n\n\n<div class=\"wp-block-column is-layout-flow\">\n<p class=\"has-pale-cyan-blue-background-color has-background\">Tous les 40 mois + d\u00e9cennale (10 ans)<\/p>\n<\/div>\n\n\n\n<div class=\"wp-block-column is-layout-flow\">\n<p class=\"has-pale-cyan-blue-background-color has-background\">A la demandez du client<\/p>\n<\/div>\n<\/div>\n\n\n\n<div class=\"wp-block-columns is-layout-flex wp-container-24\">\n<div class=\"wp-block-column is-layout-flow\">\n<ul>\n<li class=\"has-small-font-size\">Combustible<\/li>\n\n\n\n<li class=\"has-small-font-size\">Frigorifique (\u00e0 la demande du client)<\/li>\n<\/ul>\n<\/div>\n\n\n\n<div class=\"wp-block-column is-layout-flow\">\n<ul>\n<li class=\"has-small-font-size\">Fixe ou semi fixe<\/li>\n\n\n\n<li class=\"has-small-font-size\">Mobile<\/li>\n<\/ul>\n<\/div>\n\n\n\n<div class=\"wp-block-column is-layout-flow\">\n<ul>\n<li class=\"has-small-font-size\">Conventionnel<\/li>\n\n\n\n<li class=\"has-small-font-size\">Accumulation<\/li>\n<\/ul>\n<\/div>\n<\/div>\n\n\n\n<div style=\"height:50px\" aria-hidden=\"true\" class=\"wp-block-spacer\"><\/div>\n\n\n\n<p class=\"has-black-color has-text-color has-medium-font-size\"><strong>Equipements de protection individuelle (EPI)<\/strong><\/p>\n\n\n\n<p class=\"has-pale-cyan-blue-background-color has-background\">V\u00e9rification moins de 12 mois au moment de leur utilisation<\/p>\n\n\n\n<ul>\n<li class=\"has-small-font-size\">Harnais<\/li>\n\n\n\n<li class=\"has-small-font-size\">Point d&rsquo;ancrage<\/li>\n\n\n\n<li class=\"has-small-font-size\">Stop chute<\/li>\n<\/ul>\n","protected":false},"excerpt":{"rendered":"<p>Autres v\u00e9rifications techniques Diff\u00e9rents textes r\u00e9glementaires et le code du travail imposent des v\u00e9rifications p\u00e9riodiques sur un ensemble de machines et d&rsquo;\u00e9quipements et accessoires. Vous trouverez ci dessous les autres v\u00e9rifications propos\u00e9es par CDE Machines dangereuses Echafaudages Portes et portails motoris\u00e9s Tous les 3 mois Apres montage + VGP annuelle Tous les 6 mois Installations [&hellip;]<\/p>\n","protected":false},"author":1,"featured_media":0,"parent":295,"menu_order":4,"comment_status":"closed","ping_status":"closed","template":"","meta":[],"yoast_head":"<!-- This site is optimized with the Yoast SEO plugin v20.6 - https:\/\/yoast.com\/wordpress\/plugins\/seo\/ -->\n<title>Organisme d&#039;inspection et formation professionnelle<\/title>\n<meta name=\"description\" content=\"V\u00e9rification p\u00e9riodique machines, \u00e9quipements et accessoires - Presse \u00e0 balle, plieuse, massicot, portes et portails, cuves sous pression\" \/>\n<meta name=\"robots\" content=\"index, follow, max-snippet:-1, max-image-preview:large, max-video-preview:-1\" \/>\n<link rel=\"canonical\" href=\"https:\/\/cde-cf.fr\/?page_id=360\" \/>\n<meta property=\"og:locale\" content=\"fr_FR\" \/>\n<meta property=\"og:type\" content=\"article\" \/>\n<meta property=\"og:title\" content=\"Organisme d&#039;inspection et formation professionnelle\" \/>\n<meta property=\"og:description\" content=\"V\u00e9rification p\u00e9riodique machines, \u00e9quipements et accessoires - Presse \u00e0 balle, plieuse, massicot, portes et portails, cuves sous pression\" \/>\n<meta property=\"og:url\" content=\"https:\/\/cde-cf.fr\/?page_id=360\" \/>\n<meta property=\"og:site_name\" content=\"Organisme d&#039;inspection et formation professionnelle\" \/>\n<meta property=\"article:modified_time\" content=\"2023-04-15T15:52:11+00:00\" \/>\n<meta name=\"twitter:card\" content=\"summary_large_image\" \/>\n<meta name=\"twitter:label1\" content=\"Dur\u00e9e de lecture estim\u00e9e\" \/>\n\t<meta name=\"twitter:data1\" content=\"1 minute\" \/>\n<script type=\"application\/ld+json\" class=\"yoast-schema-graph\">{\"@context\":\"https:\/\/schema.org\",\"@graph\":[{\"@type\":\"WebPage\",\"@id\":\"https:\/\/cde-cf.fr\/?page_id=360\",\"url\":\"https:\/\/cde-cf.fr\/?page_id=360\",\"name\":\"Organisme d&#039;inspection et formation professionnelle\",\"isPartOf\":{\"@id\":\"https:\/\/cde-cf.fr\/#website\"},\"datePublished\":\"2023-03-29T21:53:45+00:00\",\"dateModified\":\"2023-04-15T15:52:11+00:00\",\"description\":\"V\u00e9rification p\u00e9riodique machines, \u00e9quipements et accessoires - Presse \u00e0 balle, plieuse, massicot, portes et portails, cuves sous pression\",\"breadcrumb\":{\"@id\":\"https:\/\/cde-cf.fr\/?page_id=360#breadcrumb\"},\"inLanguage\":\"fr-FR\",\"potentialAction\":[{\"@type\":\"ReadAction\",\"target\":[\"https:\/\/cde-cf.fr\/?page_id=360\"]}]},{\"@type\":\"BreadcrumbList\",\"@id\":\"https:\/\/cde-cf.fr\/?page_id=360#breadcrumb\",\"itemListElement\":[{\"@type\":\"ListItem\",\"position\":1,\"name\":\"Accueil\",\"item\":\"https:\/\/cde-cf.fr\/\"},{\"@type\":\"ListItem\",\"position\":2,\"name\":\"Nos services\",\"item\":\"https:\/\/cde-cf.fr\/?page_id=295\"},{\"@type\":\"ListItem\",\"position\":3,\"name\":\"Autres v\u00e9rifications\"}]},{\"@type\":\"WebSite\",\"@id\":\"https:\/\/cde-cf.fr\/#website\",\"url\":\"https:\/\/cde-cf.fr\/\",\"name\":\"Organisme d'inspection et formation professionnelle\",\"description\":\"La s\u00e9curit\u00e9 au c\u0153ur de notre m\u00e9tier !\",\"publisher\":{\"@id\":\"https:\/\/cde-cf.fr\/#organization\"},\"potentialAction\":[{\"@type\":\"SearchAction\",\"target\":{\"@type\":\"EntryPoint\",\"urlTemplate\":\"https:\/\/cde-cf.fr\/?s={search_term_string}\"},\"query-input\":\"required name=search_term_string\"}],\"inLanguage\":\"fr-FR\"},{\"@type\":\"Organization\",\"@id\":\"https:\/\/cde-cf.fr\/#organization\",\"name\":\"CDE - Cabinet des Epris\",\"url\":\"https:\/\/cde-cf.fr\/\",\"logo\":{\"@type\":\"ImageObject\",\"inLanguage\":\"fr-FR\",\"@id\":\"https:\/\/cde-cf.fr\/#\/schema\/logo\/image\/\",\"url\":\"https:\/\/cde-cf.fr\/wp-content\/uploads\/2023\/03\/Image3-scaled.gif\",\"contentUrl\":\"https:\/\/cde-cf.fr\/wp-content\/uploads\/2023\/03\/Image3-scaled.gif\",\"width\":2560,\"height\":913,\"caption\":\"CDE - Cabinet des Epris\"},\"image\":{\"@id\":\"https:\/\/cde-cf.fr\/#\/schema\/logo\/image\/\"}}]}<\/script>\n<!-- \/ Yoast SEO plugin. -->","yoast_head_json":{"title":"Organisme d&#039;inspection et formation professionnelle","description":"V\u00e9rification p\u00e9riodique machines, \u00e9quipements et accessoires - Presse \u00e0 balle, plieuse, massicot, portes et portails, cuves sous pression","robots":{"index":"index","follow":"follow","max-snippet":"max-snippet:-1","max-image-preview":"max-image-preview:large","max-video-preview":"max-video-preview:-1"},"canonical":"https:\/\/cde-cf.fr\/?page_id=360","og_locale":"fr_FR","og_type":"article","og_title":"Organisme d&#039;inspection et formation professionnelle","og_description":"V\u00e9rification p\u00e9riodique machines, \u00e9quipements et accessoires - Presse \u00e0 balle, plieuse, massicot, portes et portails, cuves sous pression","og_url":"https:\/\/cde-cf.fr\/?page_id=360","og_site_name":"Organisme d&#039;inspection et formation professionnelle","article_modified_time":"2023-04-15T15:52:11+00:00","twitter_card":"summary_large_image","twitter_misc":{"Dur\u00e9e de lecture estim\u00e9e":"1 minute"},"schema":{"@context":"https:\/\/schema.org","@graph":[{"@type":"WebPage","@id":"https:\/\/cde-cf.fr\/?page_id=360","url":"https:\/\/cde-cf.fr\/?page_id=360","name":"Organisme d&#039;inspection et formation professionnelle","isPartOf":{"@id":"https:\/\/cde-cf.fr\/#website"},"datePublished":"2023-03-29T21:53:45+00:00","dateModified":"2023-04-15T15:52:11+00:00","description":"V\u00e9rification p\u00e9riodique machines, \u00e9quipements et accessoires - Presse \u00e0 balle, plieuse, massicot, portes et portails, cuves sous pression","breadcrumb":{"@id":"https:\/\/cde-cf.fr\/?page_id=360#breadcrumb"},"inLanguage":"fr-FR","potentialAction":[{"@type":"ReadAction","target":["https:\/\/cde-cf.fr\/?page_id=360"]}]},{"@type":"BreadcrumbList","@id":"https:\/\/cde-cf.fr\/?page_id=360#breadcrumb","itemListElement":[{"@type":"ListItem","position":1,"name":"Accueil","item":"https:\/\/cde-cf.fr\/"},{"@type":"ListItem","position":2,"name":"Nos services","item":"https:\/\/cde-cf.fr\/?page_id=295"},{"@type":"ListItem","position":3,"name":"Autres v\u00e9rifications"}]},{"@type":"WebSite","@id":"https:\/\/cde-cf.fr\/#website","url":"https:\/\/cde-cf.fr\/","name":"Organisme d'inspection et formation professionnelle","description":"La s\u00e9curit\u00e9 au c\u0153ur de notre m\u00e9tier !","publisher":{"@id":"https:\/\/cde-cf.fr\/#organization"},"potentialAction":[{"@type":"SearchAction","target":{"@type":"EntryPoint","urlTemplate":"https:\/\/cde-cf.fr\/?s={search_term_string}"},"query-input":"required name=search_term_string"}],"inLanguage":"fr-FR"},{"@type":"Organization","@id":"https:\/\/cde-cf.fr\/#organization","name":"CDE - Cabinet des Epris","url":"https:\/\/cde-cf.fr\/","logo":{"@type":"ImageObject","inLanguage":"fr-FR","@id":"https:\/\/cde-cf.fr\/#\/schema\/logo\/image\/","url":"https:\/\/cde-cf.fr\/wp-content\/uploads\/2023\/03\/Image3-scaled.gif","contentUrl":"https:\/\/cde-cf.fr\/wp-content\/uploads\/2023\/03\/Image3-scaled.gif","width":2560,"height":913,"caption":"CDE - Cabinet des Epris"},"image":{"@id":"https:\/\/cde-cf.fr\/#\/schema\/logo\/image\/"}}]}},"_links":{"self":[{"href":"https:\/\/cde-cf.fr\/index.php?rest_route=\/wp\/v2\/pages\/360"}],"collection":[{"href":"https:\/\/cde-cf.fr\/index.php?rest_route=\/wp\/v2\/pages"}],"about":[{"href":"https:\/\/cde-cf.fr\/index.php?rest_route=\/wp\/v2\/types\/page"}],"author":[{"embeddable":true,"href":"https:\/\/cde-cf.fr\/index.php?rest_route=\/wp\/v2\/users\/1"}],"replies":[{"embeddable":true,"href":"https:\/\/cde-cf.fr\/index.php?rest_route=%2Fwp%2Fv2%2Fcomments&post=360"}],"version-history":[{"count":22,"href":"https:\/\/cde-cf.fr\/index.php?rest_route=\/wp\/v2\/pages\/360\/revisions"}],"predecessor-version":[{"id":1268,"href":"https:\/\/cde-cf.fr\/index.php?rest_route=\/wp\/v2\/pages\/360\/revisions\/1268"}],"up":[{"embeddable":true,"href":"https:\/\/cde-cf.fr\/index.php?rest_route=\/wp\/v2\/pages\/295"}],"wp:attachment":[{"href":"https:\/\/cde-cf.fr\/index.php?rest_route=%2Fwp%2Fv2%2Fmedia&parent=360"}],"curies":[{"name":"wp","href":"https:\/\/api.w.org\/{rel}","templated":true}]}}