{"id":358,"date":"2023-03-29T23:51:23","date_gmt":"2023-03-29T21:51:23","guid":{"rendered":"https:\/\/192.168.1.141\/wordpress\/?page_id=358"},"modified":"2023-04-15T17:51:13","modified_gmt":"2023-04-15T15:51:13","slug":"appareils-et-accessoires-de-levage","status":"publish","type":"page","link":"https:\/\/cde-cf.fr\/?page_id=358","title":{"rendered":"V\u00e9rification des appareils et accessoires de levage"},"content":{"rendered":"\n<div style=\"height:500px\" aria-hidden=\"true\" class=\"wp-block-spacer\"><\/div>\n\n\n\n<h2 class=\"wp-block-heading has-vivid-cyan-blue-color has-text-color has-large-font-size\">V\u00e9rification des appareils et accessoires de levage<\/h2>\n\n\n\n<div class=\"wp-block-columns is-layout-flex wp-container-3\">\n<div class=\"wp-block-column is-vertically-aligned-center is-layout-flow\" style=\"flex-basis:66.66%\">\n<p><strong>Informations utiles sur les v\u00e9rifications des appareils et accessoires de levage<\/strong><\/p>\n\n\n\n<p>La v\u00e9rification p\u00e9riodique des appareils de levage est une obligation l\u00e9gale qui doit \u00eatre r\u00e9alis\u00e9e tous les 3, 6 ou 12 mois (suivant le type de machine) sur l\u2019ensemble des appareils de levage et les accessoires qui servent \u00e0 leur fonctionnement. La v\u00e9rification g\u00e9n\u00e9rale p\u00e9riodique (commun\u00e9ment appel\u00e9e <strong>VGP<\/strong>) des appareils de levage consiste en une s\u00e9rie d\u2019examens et d\u2019essais. Elle a pour but de d\u00e9celer et de corriger au plus vite les \u00e9ventuels dysfonctionnements pouvant occasionner \u00e0 la longue des probl\u00e8mes m\u00e9caniques ou des pannes.<\/p>\n<\/div>\n\n\n\n<div class=\"wp-block-column is-layout-flow\" style=\"flex-basis:33.33%\"><div class=\"wp-block-image\">\n<figure class=\"alignright size-full\"><img decoding=\"async\" loading=\"lazy\" width=\"300\" height=\"225\" src=\"https:\/\/cde-cf.fr\/wp-content\/uploads\/2023\/03\/engin.jpg\" alt=\"VGP engin de chantier utilis\u00e9 pour le levage\" class=\"wp-image-395\"\/><\/figure><\/div><\/div>\n<\/div>\n\n\n\n<p><strong>VMS \/ VRS :<\/strong> Les v\u00e9rifications de mise en service (VMS) ou les v\u00e9rifications de remise en service (VRS) des appareils de levage doivent \u00eatre r\u00e9alis\u00e9es avant leurs utilisations. La VMS concerne le mat\u00e9riel neuf et son installation. La VRS concerne un mat\u00e9riel d\u00e9j\u00e0 en service mais qui a subit un d\u00e9montage (certaines parties) ou une modification et dont les caract\u00e9ristiques du mat\u00e9riel ont chang\u00e9.<\/p>\n\n\n\n<div style=\"height:50px\" aria-hidden=\"true\" class=\"wp-block-spacer\"><\/div>\n\n\n\n<blockquote class=\"wp-block-quote\">\n<p><strong>Arr\u00eat\u00e9 du 1 mars 2004<\/strong><br><a href=\"https:\/\/www.legifrance.gouv.fr\/loda\/id\/JORFTEXT000000439029\" target=\"_blank\" rel=\"noreferrer noopener\">L\u2019arr\u00eat\u00e9 du 1 mars 2004<\/a> d\u00e9termine les \u00e9quipements de travail utilis\u00e9s pour le levage de charges, l&rsquo;\u00e9l\u00e9vation de poste de travail ou le transport en \u00e9l\u00e9vation de personnes auxquels s&rsquo;appliquent les v\u00e9rifications g\u00e9n\u00e9rales p\u00e9riodiques, les v\u00e9rifications lors de la mise en service et les v\u00e9rifications lors de la remise en service apr\u00e8s toute op\u00e9ration de d\u00e9montage et remontage ou modification susceptible de mettre en cause leur s\u00e9curit\u00e9, pr\u00e9vues par les articles R4323-23 \u00e0 R4323-27, R4535-7, R4721-11, R4323-22 et R4323- 28 du code du travail, \u00e0 la charge du chef d&rsquo;\u00e9tablissement dans lequel ces \u00e9quipements de travail sont mis en service ou utilis\u00e9s.<br>Cet arr\u00eat\u00e9 d\u00e9finit, pour chacune de ces v\u00e9rifications, leur contenu, les conditions de leur ex\u00e9cution et, le cas \u00e9ch\u00e9ant, leur p\u00e9riodicit\u00e9.<\/p>\n<\/blockquote>\n\n\n\n<div style=\"height:100px\" aria-hidden=\"true\" class=\"wp-block-spacer\"><\/div>\n\n\n\n<h2 class=\"wp-block-heading has-vivid-cyan-blue-color has-text-color has-large-font-size\">P\u00e9riodicit\u00e9s de v\u00e9rification des engins et appareils de levage<\/h2>\n\n\n\n<p>Vous pouvez retrouver les p\u00e9riodicit\u00e9s de contr\u00f4le sur la brochure de : <a rel=\"noreferrer noopener\" href=\"https:\/\/www.inrs.fr\/media.html?refINRS=ED%20828\" target=\"_blank\">INRS sous la r\u00e9f\u00e9rence ED 828<\/a><\/p>\n\n\n\n<div style=\"height:50px\" aria-hidden=\"true\" class=\"wp-block-spacer\"><\/div>\n\n\n\n<p>Liste non exhaustive<\/p>\n\n\n\n<p>Contr\u00f4le et VGP levage : l&rsquo;Aube &#8211; l&rsquo;Yonne &#8211; Haute-Marne<\/p>\n\n\n\n<hr class=\"wp-block-separator has-alpha-channel-opacity\"\/>\n\n\n\n<div class=\"wp-block-columns is-layout-flex wp-container-7\">\n<div class=\"wp-block-column is-vertically-aligned-top is-layout-flow\">\n<h3 class=\"wp-block-heading has-vivid-cyan-blue-color has-text-color has-medium-font-size\">Grues mobiles<\/h3>\n\n\n\n<figure class=\"wp-block-image\"><img alt=\"\"\/><\/figure>\n\n\n\n<p class=\"has-small-font-size\">VGP tous les 6 mois<\/p>\n\n\n\n<p class=\"has-small-font-size\">Une grue mobile peut \u00eatre une grue sur chenilles ou sur camion, une grue tout terrain, une grue hydraulique sur camion ou une fl\u00e8che t\u00e9lescopique.<\/p>\n<\/div>\n\n\n\n<div class=\"wp-block-column is-vertically-aligned-top is-layout-flow\">\n<h3 class=\"wp-block-heading has-vivid-cyan-blue-color has-text-color has-medium-font-size\">Engins de chantier<\/h3>\n\n\n\n<figure class=\"wp-block-image\"><img alt=\"\"\/><\/figure>\n\n\n\n<p class=\"has-small-font-size\">La v\u00e9rification g\u00e9n\u00e9rale p\u00e9riodique (VGP) des engins TP doit avoir lieu tous les 6 mois pour les appareils \u00e9quip\u00e9s avec fonction de levage, pour ceux non \u00e9quip\u00e9s de cette fonction, la v\u00e9rification g\u00e9n\u00e9rale p\u00e9riodique doit avoir lieu une fois par an.<\/p>\n<\/div>\n\n\n\n<div class=\"wp-block-column is-vertically-aligned-top is-layout-flow\">\n<h3 class=\"wp-block-heading has-vivid-cyan-blue-color has-text-color has-medium-font-size\">Grues auxiliaires de chargement<\/h3>\n\n\n\n<figure class=\"wp-block-image\"><img alt=\"\"\/><\/figure>\n\n\n\n<p class=\"has-small-font-size\">VGP tous les 6 mois<\/p>\n\n\n\n<p class=\"has-small-font-size\">Concerne les grues auxiliaires de chargement install\u00e9es sur v\u00e9hicules motoris\u00e9s.<\/p>\n<\/div>\n<\/div>\n\n\n\n<hr class=\"wp-block-separator has-alpha-channel-opacity\"\/>\n\n\n\n<div class=\"wp-block-columns is-layout-flex wp-container-11\">\n<div class=\"wp-block-column is-layout-flow\">\n<h3 class=\"wp-block-heading has-vivid-cyan-blue-color has-text-color has-medium-font-size\">Chariots de manutention<\/h3>\n\n\n\n<figure class=\"wp-block-image\"><img alt=\"\"\/><\/figure>\n\n\n\n<p class=\"has-small-font-size\">VGP tous les 6 mois<\/p>\n\n\n\n<p class=\"has-small-font-size\">1 fois par an pour les appareils manuels restants sur le m\u00eame site d\u2019exploitation.<\/p>\n<\/div>\n\n\n\n<div class=\"wp-block-column is-layout-flow\">\n<h3 class=\"wp-block-heading has-vivid-cyan-blue-color has-text-color has-medium-font-size\">Ponts roulant -Portiques &#8211;  Palans<\/h3>\n\n\n\n<figure class=\"wp-block-image\"><img alt=\"\"\/><\/figure>\n\n\n\n<p class=\"has-small-font-size\">VGP tous les 6 mois mus par la force motrice<\/p>\n\n\n\n<p class=\"has-small-font-size\">VGP 1 fois par an mus par la force humaine<\/p>\n<\/div>\n\n\n\n<div class=\"wp-block-column is-layout-flow\">\n<h3 class=\"wp-block-heading has-vivid-cyan-blue-color has-text-color has-medium-font-size\">Plateformes \u00e9l\u00e9vatrices<\/h3>\n\n\n\n<figure class=\"wp-block-image\"><img alt=\"\"\/><\/figure>\n\n\n\n<p class=\"has-small-font-size\">VGP une fois par an<\/p>\n\n\n\n<p class=\"has-small-font-size\">Sont concern\u00e9s, les tables et les plateformes \u00e9l\u00e9vatrices manuelles ou motoris\u00e9es, les montes charges\/meubles<\/p>\n<\/div>\n<\/div>\n\n\n\n<hr class=\"wp-block-separator has-alpha-channel-opacity\"\/>\n\n\n\n<div class=\"wp-block-columns is-layout-flex wp-container-15\">\n<div class=\"wp-block-column is-layout-flow\">\n<h3 class=\"wp-block-heading has-vivid-cyan-blue-color has-text-color has-medium-font-size\">Ponts \u00e9l\u00e9vateurs de v\u00e9hicule<\/h3>\n\n\n\n<figure class=\"wp-block-image\"><img alt=\"\"\/><\/figure>\n\n\n\n<p class=\"has-small-font-size\">VGP une fois par an<\/p>\n\n\n\n<p class=\"has-small-font-size\">Concerne les ponts \u00e9l\u00e9vateurs manuels ou motoris\u00e9s \u00e0 ciseaux, \u00e0 colonnes (1, 2 ou 4 ) ou \u00e0 v\u00e9rins qu&rsquo;ils soient fixes ou mobiles. Les traverses manuelles ou motoris\u00e9es sont concern\u00e9es \u00e9galement.<\/p>\n<\/div>\n\n\n\n<div class=\"wp-block-column is-layout-flow\">\n<h3 class=\"wp-block-heading has-vivid-cyan-blue-color has-text-color has-medium-font-size\">Grues potences<\/h3>\n\n\n\n<figure class=\"wp-block-image\"><img alt=\"\"\/><\/figure>\n\n\n\n<p class=\"has-small-font-size\">VGP une fois par an<\/p>\n\n\n\n<p class=\"has-small-font-size\">\u00c9galement connu sous le nom de grue d\u2019atelier (ou une ch\u00e8vre), ce dispositif peut-\u00eatre m\u00fb par la force humaine ou motrice.<\/p>\n<\/div>\n\n\n\n<div class=\"wp-block-column is-layout-flow\">\n<h3 class=\"wp-block-heading has-vivid-cyan-blue-color has-text-color has-medium-font-size\">Crics &#8211; V\u00e9rins de fosse<\/h3>\n\n\n\n<figure class=\"wp-block-image\"><img alt=\"\"\/><\/figure>\n\n\n\n<p class=\"has-small-font-size\">VGP une fois par an<\/p>\n\n\n\n<p class=\"has-small-font-size\">Concerne les crics manuels ou motoris\u00e9s et les v\u00e9rins de fausse.<\/p>\n<\/div>\n<\/div>\n\n\n\n<hr class=\"wp-block-separator has-alpha-channel-opacity\"\/>\n\n\n\n<div class=\"wp-block-columns is-layout-flex wp-container-19\">\n<div class=\"wp-block-column is-layout-flow\">\n<h3 class=\"wp-block-heading has-vivid-cyan-blue-color has-text-color has-medium-font-size\">PEMP &#8211; Hayons &#8211; EPMR<\/h3>\n\n\n\n<figure class=\"wp-block-image\"><img alt=\"\"\/><\/figure>\n\n\n\n<p class=\"has-small-font-size\">VGP tous les 6 mois<\/p>\n\n\n\n<p class=\"has-small-font-size\">PEMP  &#8211; Une plateforme \u00e9l\u00e9vatrice mobile de personne dite \u00ab PEMP \u00bb est constitu\u00e9e au minimum par une plate-forme de travail, une structure extensible et un ch\u00e2ssis. <\/p>\n\n\n\n<p class=\"has-small-font-size\">Hayons \u00e9l\u00e9vateurs et EPMR (\u00e9l\u00e9vateur pour personne \u00e0 mobilit\u00e9 r\u00e9duite).<br><\/p>\n<\/div>\n\n\n\n<div class=\"wp-block-column is-layout-flow\">\n<h3 class=\"wp-block-heading has-vivid-cyan-blue-color has-text-color has-medium-font-size\">Bras ou portique de lavage pour benne amovible<\/h3>\n\n\n\n<figure class=\"wp-block-image\"><img alt=\"\"\/><\/figure>\n\n\n\n<p class=\"has-small-font-size\">VGP tous les 6 mois<\/p>\n\n\n\n<p class=\"has-small-font-size\">Concerne les camions \u00e9quip\u00e9s d&rsquo;un bras ou d&rsquo;un portique de levage pour la lev\u00e9e de benne.<\/p>\n<\/div>\n\n\n\n<div class=\"wp-block-column is-layout-flow\">\n<h3 class=\"wp-block-heading has-vivid-cyan-blue-color has-text-color has-medium-font-size\">Accessoires de levage<\/h3>\n\n\n\n<figure class=\"wp-block-image\"><img alt=\"\"\/><\/figure>\n\n\n\n<p class=\"has-small-font-size\">VGP une fois par an<\/p>\n\n\n\n<p class=\"has-small-font-size\">Les accessoires de levage concernent les \u00e9lingues (chaines, textiles ou c\u00e2bles), les manilles et tous dispositifs d&rsquo;accrochages (pinces, crochets, lev\u00e9s palettes, anneaux etc&#8230;)<\/p>\n<\/div>\n<\/div>\n","protected":false},"excerpt":{"rendered":"<p>V\u00e9rification des appareils et accessoires de levage Informations utiles sur les v\u00e9rifications des appareils et accessoires de levage La v\u00e9rification p\u00e9riodique des appareils de levage est une obligation l\u00e9gale qui doit \u00eatre r\u00e9alis\u00e9e tous les 3, 6 ou 12 mois (suivant le type de machine) sur l\u2019ensemble des appareils de levage et les accessoires qui [&hellip;]<\/p>\n","protected":false},"author":1,"featured_media":0,"parent":295,"menu_order":2,"comment_status":"closed","ping_status":"closed","template":"","meta":[],"yoast_head":"<!-- This site is optimized with the Yoast SEO plugin v20.6 - https:\/\/yoast.com\/wordpress\/plugins\/seo\/ -->\n<title>V\u00e9rification des appareils et accessoires de levage -<\/title>\n<meta name=\"description\" content=\"V\u00e9rification des appareils et accessoires de levage d\u00e9partement de l&#039;Aube, l&#039;Yonne et la Haute-Marne - Chariots \u00e9l\u00e9vateurs et de manutention\" \/>\n<meta name=\"robots\" content=\"index, follow, max-snippet:-1, max-image-preview:large, max-video-preview:-1\" \/>\n<link rel=\"canonical\" href=\"https:\/\/cde-cf.fr\/?page_id=358\" \/>\n<meta property=\"og:locale\" content=\"fr_FR\" \/>\n<meta property=\"og:type\" content=\"article\" \/>\n<meta property=\"og:title\" content=\"V\u00e9rification des appareils et accessoires de levage -\" \/>\n<meta property=\"og:description\" content=\"V\u00e9rification des appareils et accessoires de levage d\u00e9partement de l&#039;Aube, l&#039;Yonne et la Haute-Marne - Chariots \u00e9l\u00e9vateurs et de manutention\" \/>\n<meta property=\"og:url\" content=\"https:\/\/cde-cf.fr\/?page_id=358\" \/>\n<meta property=\"og:site_name\" content=\"Organisme d&#039;inspection et formation professionnelle\" \/>\n<meta property=\"article:modified_time\" content=\"2023-04-15T15:51:13+00:00\" \/>\n<meta property=\"og:image\" content=\"https:\/\/cde-cf.fr\/wp-content\/uploads\/2023\/03\/engin.jpg\" \/>\n<meta name=\"twitter:card\" content=\"summary_large_image\" \/>\n<meta name=\"twitter:label1\" content=\"Dur\u00e9e de lecture estim\u00e9e\" \/>\n\t<meta name=\"twitter:data1\" content=\"7 minutes\" \/>\n<script type=\"application\/ld+json\" class=\"yoast-schema-graph\">{\"@context\":\"https:\/\/schema.org\",\"@graph\":[{\"@type\":\"WebPage\",\"@id\":\"https:\/\/cde-cf.fr\/?page_id=358\",\"url\":\"https:\/\/cde-cf.fr\/?page_id=358\",\"name\":\"V\u00e9rification des appareils et accessoires de levage -\",\"isPartOf\":{\"@id\":\"https:\/\/cde-cf.fr\/#website\"},\"datePublished\":\"2023-03-29T21:51:23+00:00\",\"dateModified\":\"2023-04-15T15:51:13+00:00\",\"description\":\"V\u00e9rification des appareils et accessoires de levage d\u00e9partement de l'Aube, l'Yonne et la Haute-Marne - Chariots \u00e9l\u00e9vateurs et de manutention\",\"breadcrumb\":{\"@id\":\"https:\/\/cde-cf.fr\/?page_id=358#breadcrumb\"},\"inLanguage\":\"fr-FR\",\"potentialAction\":[{\"@type\":\"ReadAction\",\"target\":[\"https:\/\/cde-cf.fr\/?page_id=358\"]}]},{\"@type\":\"BreadcrumbList\",\"@id\":\"https:\/\/cde-cf.fr\/?page_id=358#breadcrumb\",\"itemListElement\":[{\"@type\":\"ListItem\",\"position\":1,\"name\":\"Accueil\",\"item\":\"https:\/\/cde-cf.fr\/\"},{\"@type\":\"ListItem\",\"position\":2,\"name\":\"Nos services\",\"item\":\"https:\/\/cde-cf.fr\/?page_id=295\"},{\"@type\":\"ListItem\",\"position\":3,\"name\":\"V\u00e9rification des appareils et accessoires de levage\"}]},{\"@type\":\"WebSite\",\"@id\":\"https:\/\/cde-cf.fr\/#website\",\"url\":\"https:\/\/cde-cf.fr\/\",\"name\":\"Organisme d'inspection et formation professionnelle\",\"description\":\"La s\u00e9curit\u00e9 au c\u0153ur de notre m\u00e9tier !\",\"publisher\":{\"@id\":\"https:\/\/cde-cf.fr\/#organization\"},\"potentialAction\":[{\"@type\":\"SearchAction\",\"target\":{\"@type\":\"EntryPoint\",\"urlTemplate\":\"https:\/\/cde-cf.fr\/?s={search_term_string}\"},\"query-input\":\"required name=search_term_string\"}],\"inLanguage\":\"fr-FR\"},{\"@type\":\"Organization\",\"@id\":\"https:\/\/cde-cf.fr\/#organization\",\"name\":\"CDE - Cabinet des Epris\",\"url\":\"https:\/\/cde-cf.fr\/\",\"logo\":{\"@type\":\"ImageObject\",\"inLanguage\":\"fr-FR\",\"@id\":\"https:\/\/cde-cf.fr\/#\/schema\/logo\/image\/\",\"url\":\"https:\/\/cde-cf.fr\/wp-content\/uploads\/2023\/03\/Image3-scaled.gif\",\"contentUrl\":\"https:\/\/cde-cf.fr\/wp-content\/uploads\/2023\/03\/Image3-scaled.gif\",\"width\":2560,\"height\":913,\"caption\":\"CDE - Cabinet des Epris\"},\"image\":{\"@id\":\"https:\/\/cde-cf.fr\/#\/schema\/logo\/image\/\"}}]}<\/script>\n<!-- \/ Yoast SEO plugin. -->","yoast_head_json":{"title":"V\u00e9rification des appareils et accessoires de levage -","description":"V\u00e9rification des appareils et accessoires de levage d\u00e9partement de l'Aube, l'Yonne et la Haute-Marne - Chariots \u00e9l\u00e9vateurs et de manutention","robots":{"index":"index","follow":"follow","max-snippet":"max-snippet:-1","max-image-preview":"max-image-preview:large","max-video-preview":"max-video-preview:-1"},"canonical":"https:\/\/cde-cf.fr\/?page_id=358","og_locale":"fr_FR","og_type":"article","og_title":"V\u00e9rification des appareils et accessoires de levage -","og_description":"V\u00e9rification des appareils et accessoires de levage d\u00e9partement de l'Aube, l'Yonne et la Haute-Marne - Chariots \u00e9l\u00e9vateurs et de manutention","og_url":"https:\/\/cde-cf.fr\/?page_id=358","og_site_name":"Organisme d&#039;inspection et formation professionnelle","article_modified_time":"2023-04-15T15:51:13+00:00","og_image":[{"url":"https:\/\/cde-cf.fr\/wp-content\/uploads\/2023\/03\/engin.jpg"}],"twitter_card":"summary_large_image","twitter_misc":{"Dur\u00e9e de lecture estim\u00e9e":"7 minutes"},"schema":{"@context":"https:\/\/schema.org","@graph":[{"@type":"WebPage","@id":"https:\/\/cde-cf.fr\/?page_id=358","url":"https:\/\/cde-cf.fr\/?page_id=358","name":"V\u00e9rification des appareils et accessoires de levage -","isPartOf":{"@id":"https:\/\/cde-cf.fr\/#website"},"datePublished":"2023-03-29T21:51:23+00:00","dateModified":"2023-04-15T15:51:13+00:00","description":"V\u00e9rification des appareils et accessoires de levage d\u00e9partement de l'Aube, l'Yonne et la Haute-Marne - Chariots \u00e9l\u00e9vateurs et de manutention","breadcrumb":{"@id":"https:\/\/cde-cf.fr\/?page_id=358#breadcrumb"},"inLanguage":"fr-FR","potentialAction":[{"@type":"ReadAction","target":["https:\/\/cde-cf.fr\/?page_id=358"]}]},{"@type":"BreadcrumbList","@id":"https:\/\/cde-cf.fr\/?page_id=358#breadcrumb","itemListElement":[{"@type":"ListItem","position":1,"name":"Accueil","item":"https:\/\/cde-cf.fr\/"},{"@type":"ListItem","position":2,"name":"Nos services","item":"https:\/\/cde-cf.fr\/?page_id=295"},{"@type":"ListItem","position":3,"name":"V\u00e9rification des appareils et accessoires de levage"}]},{"@type":"WebSite","@id":"https:\/\/cde-cf.fr\/#website","url":"https:\/\/cde-cf.fr\/","name":"Organisme d'inspection et formation professionnelle","description":"La s\u00e9curit\u00e9 au c\u0153ur de notre m\u00e9tier !","publisher":{"@id":"https:\/\/cde-cf.fr\/#organization"},"potentialAction":[{"@type":"SearchAction","target":{"@type":"EntryPoint","urlTemplate":"https:\/\/cde-cf.fr\/?s={search_term_string}"},"query-input":"required name=search_term_string"}],"inLanguage":"fr-FR"},{"@type":"Organization","@id":"https:\/\/cde-cf.fr\/#organization","name":"CDE - Cabinet des Epris","url":"https:\/\/cde-cf.fr\/","logo":{"@type":"ImageObject","inLanguage":"fr-FR","@id":"https:\/\/cde-cf.fr\/#\/schema\/logo\/image\/","url":"https:\/\/cde-cf.fr\/wp-content\/uploads\/2023\/03\/Image3-scaled.gif","contentUrl":"https:\/\/cde-cf.fr\/wp-content\/uploads\/2023\/03\/Image3-scaled.gif","width":2560,"height":913,"caption":"CDE - Cabinet des Epris"},"image":{"@id":"https:\/\/cde-cf.fr\/#\/schema\/logo\/image\/"}}]}},"_links":{"self":[{"href":"https:\/\/cde-cf.fr\/index.php?rest_route=\/wp\/v2\/pages\/358"}],"collection":[{"href":"https:\/\/cde-cf.fr\/index.php?rest_route=\/wp\/v2\/pages"}],"about":[{"href":"https:\/\/cde-cf.fr\/index.php?rest_route=\/wp\/v2\/types\/page"}],"author":[{"embeddable":true,"href":"https:\/\/cde-cf.fr\/index.php?rest_route=\/wp\/v2\/users\/1"}],"replies":[{"embeddable":true,"href":"https:\/\/cde-cf.fr\/index.php?rest_route=%2Fwp%2Fv2%2Fcomments&post=358"}],"version-history":[{"count":38,"href":"https:\/\/cde-cf.fr\/index.php?rest_route=\/wp\/v2\/pages\/358\/revisions"}],"predecessor-version":[{"id":1266,"href":"https:\/\/cde-cf.fr\/index.php?rest_route=\/wp\/v2\/pages\/358\/revisions\/1266"}],"up":[{"embeddable":true,"href":"https:\/\/cde-cf.fr\/index.php?rest_route=\/wp\/v2\/pages\/295"}],"wp:attachment":[{"href":"https:\/\/cde-cf.fr\/index.php?rest_route=%2Fwp%2Fv2%2Fmedia&parent=358"}],"curies":[{"name":"wp","href":"https:\/\/api.w.org\/{rel}","templated":true}]}}