{"id":356,"date":"2023-03-29T23:48:28","date_gmt":"2023-03-29T21:48:28","guid":{"rendered":"https:\/\/192.168.1.141\/wordpress\/?page_id=356"},"modified":"2023-04-15T17:50:40","modified_gmt":"2023-04-15T15:50:40","slug":"thermographie-infrarouge","status":"publish","type":"page","link":"https:\/\/cde-cf.fr\/?page_id=356","title":{"rendered":"V\u00e9rification par thermographie infrarouge"},"content":{"rendered":"\n<div style=\"height:500px\" aria-hidden=\"true\" class=\"wp-block-spacer\"><\/div>\n\n\n\n<h1 class=\"wp-block-heading has-vivid-cyan-blue-color has-text-color has-large-font-size\">V\u00e9rification des installations \u00e9lectriques par thermographie infrarouge<\/h1>\n\n\n\n<div style=\"height:25px\" aria-hidden=\"true\" class=\"wp-block-spacer\"><\/div>\n\n\n\n<p>Le contr\u00f4le Q19 est une v\u00e9rification de vos installations \u00e9lectriques par thermographie infrarouge.<br>L\u2019objectif de cette intervention est de d\u00e9tecter les \u00e9chauffements anormaux dans votre installation \u00e9lectrique pouvant entrainer une panne ou un d\u00e9part de feu.<\/p>\n\n\n\n<div class=\"wp-block-columns is-layout-flex wp-container-3\">\n<div class=\"wp-block-column is-vertically-aligned-center is-layout-flow\" style=\"flex-basis:33.33%\">\n<figure class=\"wp-block-image size-medium\"><img decoding=\"async\" loading=\"lazy\" width=\"300\" height=\"87\" src=\"https:\/\/cde-cf.fr\/wp-content\/uploads\/2023\/03\/apsad-300x87.jpg\" alt=\"\" class=\"wp-image-348\" srcset=\"https:\/\/cde-cf.fr\/wp-content\/uploads\/2023\/03\/apsad-300x87.jpg 300w, https:\/\/cde-cf.fr\/wp-content\/uploads\/2023\/03\/apsad-1024x297.jpg 1024w, https:\/\/cde-cf.fr\/wp-content\/uploads\/2023\/03\/apsad-768x223.jpg 768w, https:\/\/cde-cf.fr\/wp-content\/uploads\/2023\/03\/apsad.jpg 1341w\" sizes=\"(max-width: 300px) 100vw, 300px\" \/><figcaption class=\"wp-element-caption\"><strong>Q19<\/strong><\/figcaption><\/figure>\n<\/div>\n\n\n\n<div class=\"wp-block-column is-vertically-aligned-center is-layout-flow\" style=\"flex-basis:66.66%\">\n<blockquote class=\"wp-block-quote\">\n<p>G\u00e9n\u00e9ralement demand\u00e9 par votre assureur, le certificat Q19 est r\u00e9gi par la r\u00e9glementation APSAD D19. Celle-ci, \u00e9labor\u00e9e par la FFSA, le CNPP et les principaux acteurs de la fili\u00e8re, \u00e9tablit un cahier des charges pour la r\u00e9alisation des contr\u00f4les d\u2019installations \u00e9lectriques par thermographie infrarouge.<\/p>\n<\/blockquote>\n<\/div>\n<\/div>\n\n\n\n<div style=\"height:100px\" aria-hidden=\"true\" class=\"wp-block-spacer\"><\/div>\n\n\n\n<h2 class=\"wp-block-heading has-vivid-cyan-blue-color has-text-color has-large-font-size\">Quelles sont les causes des \u00e9chauffements ?<\/h2>\n\n\n\n<div class=\"wp-block-columns is-layout-flex wp-container-6\">\n<div class=\"wp-block-column is-vertically-aligned-center is-layout-flow\" style=\"flex-basis:66.66%\">\n<p><strong>Les causes peuvent \u00eatre multiples :<\/strong><\/p>\n\n\n\n<ul>\n<li>Mauvais serrage d&rsquo;un conducteur ou mauvais sertissage d\u2019une cosse ;<\/li>\n\n\n\n<li>D\u00e9faut de cheminement des canalisations \u00e9lectriques ;<\/li>\n\n\n\n<li>Equilibrage de la charge entre les phases ;<\/li>\n\n\n\n<li>Vieillissement pr\u00e9coce des appareillages (borniers, disjoncteurs, contacteurs, interrupteurs, \u2026) ;<\/li>\n\n\n\n<li>D\u00e9faut de ventilation d&rsquo;une armoire \u00e9lectrique, etc \u2026..<\/li>\n<\/ul>\n\n\n\n<p><br><\/p>\n<\/div>\n\n\n\n<div class=\"wp-block-column is-layout-flow\" style=\"flex-basis:33.33%\"><div class=\"wp-block-image\">\n<figure class=\"alignright size-medium\"><img decoding=\"async\" loading=\"lazy\" width=\"300\" height=\"197\" src=\"https:\/\/cde-cf.fr\/wp-content\/uploads\/2023\/03\/Image20-300x197.jpg\" alt=\"Camera thermographie infrarouge\" class=\"wp-image-380\" srcset=\"https:\/\/cde-cf.fr\/wp-content\/uploads\/2023\/03\/Image20-300x197.jpg 300w, https:\/\/cde-cf.fr\/wp-content\/uploads\/2023\/03\/Image20.jpg 349w\" sizes=\"(max-width: 300px) 100vw, 300px\" \/><\/figure><\/div><\/div>\n<\/div>\n\n\n\n<p class=\"has-text-align-center\"><em>Images thermogramme infrarouge<\/em><\/p>\n\n\n\n<div class=\"wp-block-columns is-layout-flex wp-container-9\">\n<div class=\"wp-block-column is-vertically-aligned-center is-layout-flow\"><div class=\"wp-block-image\">\n<figure class=\"alignright size-medium\"><img decoding=\"async\" loading=\"lazy\" width=\"300\" height=\"225\" src=\"https:\/\/cde-cf.fr\/wp-content\/uploads\/2023\/03\/Image1-1-300x225.jpg\" alt=\"Image thermogramme infrarouge\" class=\"wp-image-381\" srcset=\"https:\/\/cde-cf.fr\/wp-content\/uploads\/2023\/03\/Image1-1-300x225.jpg 300w, https:\/\/cde-cf.fr\/wp-content\/uploads\/2023\/03\/Image1-1.jpg 602w\" sizes=\"(max-width: 300px) 100vw, 300px\" \/><\/figure><\/div><\/div>\n\n\n\n<div class=\"wp-block-column is-vertically-aligned-center is-layout-flow\"><div class=\"wp-block-image\">\n<figure class=\"alignleft size-medium\"><img decoding=\"async\" loading=\"lazy\" width=\"300\" height=\"220\" src=\"https:\/\/cde-cf.fr\/wp-content\/uploads\/2023\/03\/Image2-300x220.jpg\" alt=\"Image thermogramme infrarouge\" class=\"wp-image-382\" srcset=\"https:\/\/cde-cf.fr\/wp-content\/uploads\/2023\/03\/Image2-300x220.jpg 300w, https:\/\/cde-cf.fr\/wp-content\/uploads\/2023\/03\/Image2.jpg 753w\" sizes=\"(max-width: 300px) 100vw, 300px\" \/><\/figure><\/div><\/div>\n<\/div>\n","protected":false},"excerpt":{"rendered":"<p>V\u00e9rification des installations \u00e9lectriques par thermographie infrarouge Le contr\u00f4le Q19 est une v\u00e9rification de vos installations \u00e9lectriques par thermographie infrarouge.L\u2019objectif de cette intervention est de d\u00e9tecter les \u00e9chauffements anormaux dans votre installation \u00e9lectrique pouvant entrainer une panne ou un d\u00e9part de feu. G\u00e9n\u00e9ralement demand\u00e9 par votre assureur, le certificat Q19 est r\u00e9gi par la r\u00e9glementation [&hellip;]<\/p>\n","protected":false},"author":1,"featured_media":0,"parent":295,"menu_order":1,"comment_status":"closed","ping_status":"closed","template":"","meta":[],"yoast_head":"<!-- This site is optimized with the Yoast SEO plugin v20.6 - https:\/\/yoast.com\/wordpress\/plugins\/seo\/ -->\n<title>V\u00e9rification par thermographie infrarouge -<\/title>\n<meta name=\"description\" content=\"V\u00e9rification des installations \u00e9lectriques par thermographie infrarouge avec certificat Q19 suivant r\u00e8glement APSAD D19\" \/>\n<meta name=\"robots\" content=\"index, follow, max-snippet:-1, max-image-preview:large, max-video-preview:-1\" \/>\n<link rel=\"canonical\" href=\"https:\/\/cde-cf.fr\/?page_id=356\" \/>\n<meta property=\"og:locale\" content=\"fr_FR\" \/>\n<meta property=\"og:type\" content=\"article\" \/>\n<meta property=\"og:title\" content=\"V\u00e9rification par thermographie infrarouge -\" \/>\n<meta property=\"og:description\" content=\"V\u00e9rification des installations \u00e9lectriques par thermographie infrarouge avec certificat Q19 suivant r\u00e8glement APSAD D19\" \/>\n<meta property=\"og:url\" content=\"https:\/\/cde-cf.fr\/?page_id=356\" \/>\n<meta property=\"og:site_name\" content=\"Organisme d&#039;inspection et formation professionnelle\" \/>\n<meta property=\"article:modified_time\" content=\"2023-04-15T15:50:40+00:00\" \/>\n<meta property=\"og:image\" content=\"https:\/\/cde-cf.fr\/wp-content\/uploads\/2023\/03\/apsad-300x87.jpg\" \/>\n<meta name=\"twitter:card\" content=\"summary_large_image\" \/>\n<meta name=\"twitter:label1\" content=\"Dur\u00e9e de lecture estim\u00e9e\" \/>\n\t<meta name=\"twitter:data1\" content=\"2 minutes\" \/>\n<script type=\"application\/ld+json\" class=\"yoast-schema-graph\">{\"@context\":\"https:\/\/schema.org\",\"@graph\":[{\"@type\":\"WebPage\",\"@id\":\"https:\/\/cde-cf.fr\/?page_id=356\",\"url\":\"https:\/\/cde-cf.fr\/?page_id=356\",\"name\":\"V\u00e9rification par thermographie infrarouge -\",\"isPartOf\":{\"@id\":\"https:\/\/cde-cf.fr\/#website\"},\"datePublished\":\"2023-03-29T21:48:28+00:00\",\"dateModified\":\"2023-04-15T15:50:40+00:00\",\"description\":\"V\u00e9rification des installations \u00e9lectriques par thermographie infrarouge avec certificat Q19 suivant r\u00e8glement APSAD D19\",\"breadcrumb\":{\"@id\":\"https:\/\/cde-cf.fr\/?page_id=356#breadcrumb\"},\"inLanguage\":\"fr-FR\",\"potentialAction\":[{\"@type\":\"ReadAction\",\"target\":[\"https:\/\/cde-cf.fr\/?page_id=356\"]}]},{\"@type\":\"BreadcrumbList\",\"@id\":\"https:\/\/cde-cf.fr\/?page_id=356#breadcrumb\",\"itemListElement\":[{\"@type\":\"ListItem\",\"position\":1,\"name\":\"Accueil\",\"item\":\"https:\/\/cde-cf.fr\/\"},{\"@type\":\"ListItem\",\"position\":2,\"name\":\"Nos services\",\"item\":\"https:\/\/cde-cf.fr\/?page_id=295\"},{\"@type\":\"ListItem\",\"position\":3,\"name\":\"V\u00e9rification par thermographie infrarouge\"}]},{\"@type\":\"WebSite\",\"@id\":\"https:\/\/cde-cf.fr\/#website\",\"url\":\"https:\/\/cde-cf.fr\/\",\"name\":\"Organisme d'inspection et formation professionnelle\",\"description\":\"La s\u00e9curit\u00e9 au c\u0153ur de notre m\u00e9tier !\",\"publisher\":{\"@id\":\"https:\/\/cde-cf.fr\/#organization\"},\"potentialAction\":[{\"@type\":\"SearchAction\",\"target\":{\"@type\":\"EntryPoint\",\"urlTemplate\":\"https:\/\/cde-cf.fr\/?s={search_term_string}\"},\"query-input\":\"required name=search_term_string\"}],\"inLanguage\":\"fr-FR\"},{\"@type\":\"Organization\",\"@id\":\"https:\/\/cde-cf.fr\/#organization\",\"name\":\"CDE - Cabinet des Epris\",\"url\":\"https:\/\/cde-cf.fr\/\",\"logo\":{\"@type\":\"ImageObject\",\"inLanguage\":\"fr-FR\",\"@id\":\"https:\/\/cde-cf.fr\/#\/schema\/logo\/image\/\",\"url\":\"https:\/\/cde-cf.fr\/wp-content\/uploads\/2023\/03\/Image3-scaled.gif\",\"contentUrl\":\"https:\/\/cde-cf.fr\/wp-content\/uploads\/2023\/03\/Image3-scaled.gif\",\"width\":2560,\"height\":913,\"caption\":\"CDE - Cabinet des Epris\"},\"image\":{\"@id\":\"https:\/\/cde-cf.fr\/#\/schema\/logo\/image\/\"}}]}<\/script>\n<!-- \/ Yoast SEO plugin. -->","yoast_head_json":{"title":"V\u00e9rification par thermographie infrarouge -","description":"V\u00e9rification des installations \u00e9lectriques par thermographie infrarouge avec certificat Q19 suivant r\u00e8glement APSAD D19","robots":{"index":"index","follow":"follow","max-snippet":"max-snippet:-1","max-image-preview":"max-image-preview:large","max-video-preview":"max-video-preview:-1"},"canonical":"https:\/\/cde-cf.fr\/?page_id=356","og_locale":"fr_FR","og_type":"article","og_title":"V\u00e9rification par thermographie infrarouge -","og_description":"V\u00e9rification des installations \u00e9lectriques par thermographie infrarouge avec certificat Q19 suivant r\u00e8glement APSAD D19","og_url":"https:\/\/cde-cf.fr\/?page_id=356","og_site_name":"Organisme d&#039;inspection et formation professionnelle","article_modified_time":"2023-04-15T15:50:40+00:00","og_image":[{"url":"https:\/\/cde-cf.fr\/wp-content\/uploads\/2023\/03\/apsad-300x87.jpg"}],"twitter_card":"summary_large_image","twitter_misc":{"Dur\u00e9e de lecture estim\u00e9e":"2 minutes"},"schema":{"@context":"https:\/\/schema.org","@graph":[{"@type":"WebPage","@id":"https:\/\/cde-cf.fr\/?page_id=356","url":"https:\/\/cde-cf.fr\/?page_id=356","name":"V\u00e9rification par thermographie infrarouge -","isPartOf":{"@id":"https:\/\/cde-cf.fr\/#website"},"datePublished":"2023-03-29T21:48:28+00:00","dateModified":"2023-04-15T15:50:40+00:00","description":"V\u00e9rification des installations \u00e9lectriques par thermographie infrarouge avec certificat Q19 suivant r\u00e8glement APSAD D19","breadcrumb":{"@id":"https:\/\/cde-cf.fr\/?page_id=356#breadcrumb"},"inLanguage":"fr-FR","potentialAction":[{"@type":"ReadAction","target":["https:\/\/cde-cf.fr\/?page_id=356"]}]},{"@type":"BreadcrumbList","@id":"https:\/\/cde-cf.fr\/?page_id=356#breadcrumb","itemListElement":[{"@type":"ListItem","position":1,"name":"Accueil","item":"https:\/\/cde-cf.fr\/"},{"@type":"ListItem","position":2,"name":"Nos services","item":"https:\/\/cde-cf.fr\/?page_id=295"},{"@type":"ListItem","position":3,"name":"V\u00e9rification par thermographie infrarouge"}]},{"@type":"WebSite","@id":"https:\/\/cde-cf.fr\/#website","url":"https:\/\/cde-cf.fr\/","name":"Organisme d'inspection et formation professionnelle","description":"La s\u00e9curit\u00e9 au c\u0153ur de notre m\u00e9tier !","publisher":{"@id":"https:\/\/cde-cf.fr\/#organization"},"potentialAction":[{"@type":"SearchAction","target":{"@type":"EntryPoint","urlTemplate":"https:\/\/cde-cf.fr\/?s={search_term_string}"},"query-input":"required name=search_term_string"}],"inLanguage":"fr-FR"},{"@type":"Organization","@id":"https:\/\/cde-cf.fr\/#organization","name":"CDE - Cabinet des Epris","url":"https:\/\/cde-cf.fr\/","logo":{"@type":"ImageObject","inLanguage":"fr-FR","@id":"https:\/\/cde-cf.fr\/#\/schema\/logo\/image\/","url":"https:\/\/cde-cf.fr\/wp-content\/uploads\/2023\/03\/Image3-scaled.gif","contentUrl":"https:\/\/cde-cf.fr\/wp-content\/uploads\/2023\/03\/Image3-scaled.gif","width":2560,"height":913,"caption":"CDE - Cabinet des Epris"},"image":{"@id":"https:\/\/cde-cf.fr\/#\/schema\/logo\/image\/"}}]}},"_links":{"self":[{"href":"https:\/\/cde-cf.fr\/index.php?rest_route=\/wp\/v2\/pages\/356"}],"collection":[{"href":"https:\/\/cde-cf.fr\/index.php?rest_route=\/wp\/v2\/pages"}],"about":[{"href":"https:\/\/cde-cf.fr\/index.php?rest_route=\/wp\/v2\/types\/page"}],"author":[{"embeddable":true,"href":"https:\/\/cde-cf.fr\/index.php?rest_route=\/wp\/v2\/users\/1"}],"replies":[{"embeddable":true,"href":"https:\/\/cde-cf.fr\/index.php?rest_route=%2Fwp%2Fv2%2Fcomments&post=356"}],"version-history":[{"count":15,"href":"https:\/\/cde-cf.fr\/index.php?rest_route=\/wp\/v2\/pages\/356\/revisions"}],"predecessor-version":[{"id":1265,"href":"https:\/\/cde-cf.fr\/index.php?rest_route=\/wp\/v2\/pages\/356\/revisions\/1265"}],"up":[{"embeddable":true,"href":"https:\/\/cde-cf.fr\/index.php?rest_route=\/wp\/v2\/pages\/295"}],"wp:attachment":[{"href":"https:\/\/cde-cf.fr\/index.php?rest_route=%2Fwp%2Fv2%2Fmedia&parent=356"}],"curies":[{"name":"wp","href":"https:\/\/api.w.org\/{rel}","templated":true}]}}