{"id":297,"date":"2023-03-28T01:03:30","date_gmt":"2023-03-27T23:03:30","guid":{"rendered":"https:\/\/192.168.1.141\/wordpress\/?page_id=297"},"modified":"2023-04-15T17:50:19","modified_gmt":"2023-04-15T15:50:19","slug":"installations-electriques","status":"publish","type":"page","link":"https:\/\/cde-cf.fr\/?page_id=297","title":{"rendered":"V\u00e9rification des installations \u00e9lectriques"},"content":{"rendered":"\n<div style=\"height:500px\" aria-hidden=\"true\" class=\"wp-block-spacer\"><\/div>\n\n\n\n<h1 class=\"wp-block-heading has-vivid-cyan-blue-color has-text-color has-large-font-size\">V\u00e9rification des installations \u00e9lectriques<\/h1>\n\n\n\n<p>CDE intervient pour effectuer le contr\u00f4le r\u00e9glementaire des installations \u00e9lectriques des lieux de travail et des \u00e9tablissements recevant du public (ERP).<br>Nous avons pour mission de pr\u00e9venir les risques d\u2019origine \u00e9lectrique pour la s\u00e9curit\u00e9 des personnes et des biens. Nous intervenons sur les installations neuves, existantes, permanentes ou temporaires (chantiers, stands d\u2019exposition, activit\u00e9s \u00e9v\u00e9nementielles\u2026).<\/p>\n\n\n\n<p>Nos prestations sont conformes aux exigences du code du travail et aux autres textes r\u00e9glementaires et Normes applicables.<\/p>\n\n\n\n<ul>\n<li>\u00e9tablissements recevant des travailleurs (ERT, soumis au code du travail) ;<\/li>\n\n\n\n<li>\u00e9tablissements recevant du public (ERP).<\/li>\n<\/ul>\n\n\n\n<div style=\"height:100px\" aria-hidden=\"true\" class=\"wp-block-spacer\"><\/div>\n\n\n\n<h2 class=\"wp-block-heading has-vivid-cyan-blue-color has-text-color has-large-font-size\">Installations temporaires<\/h2>\n\n\n\n<p>V\u00e9rifier les installations \u00e9lectriques temporaires lors de leur mise en service, en vue de s&rsquo;assurer qu&rsquo;elles sont conformes aux prescriptions de s\u00e9curit\u00e9 pr\u00e9vues par le Code du Travail.<\/p>\n\n\n\n<p><em>Les installations \u00e9lectriques temporaires concern\u00e9es sont :<\/em><\/p>\n\n\n\n<div class=\"wp-block-columns is-layout-flex wp-container-3\">\n<div class=\"wp-block-column is-vertically-aligned-center is-layout-flow\" style=\"flex-basis:33.33%\">\n<figure class=\"wp-block-image size-full\"><img decoding=\"async\" loading=\"lazy\" width=\"300\" height=\"176\" src=\"https:\/\/cde-cf.fr\/wp-content\/uploads\/2023\/03\/shutterstock_137658911.jpg\" alt=\"Installations temporaires de chantier\" class=\"wp-image-336\"\/><\/figure>\n<\/div>\n\n\n\n<div class=\"wp-block-column is-layout-flow\" style=\"flex-basis:66.66%\">\n<ul>\n<li>Les installations des structures, baraques, stands situ\u00e9es dans des champs de foires, des march\u00e9s, des parcs de loisirs, des cirques ;<\/li>\n\n\n\n<li>Les installations des activit\u00e9s \u00e9v\u00e9nementielles sous couvert ou en plein air et les activit\u00e9s de spectacles vivants et enregistr\u00e9s ;<\/li>\n\n\n\n<li>Les installations des chantiers du b\u00e2timent et des travaux publics ;<\/li>\n\n\n\n<li>Les installations utilis\u00e9es pendant les phases de construction ou de r\u00e9paration, \u00e0 terre, de navires, de bateaux ou d&rsquo;a\u00e9ronefs ;<\/li>\n\n\n\n<li>Les installations des chantiers forestiers et des activit\u00e9s agricoles.<\/li>\n<\/ul>\n<\/div>\n<\/div>\n\n\n\n<div style=\"height:100px\" aria-hidden=\"true\" class=\"wp-block-spacer\"><\/div>\n\n\n\n<h3 class=\"wp-block-heading has-vivid-cyan-blue-color has-text-color has-large-font-size\">Mise sous tension et attestation CONSUEL<\/h3>\n\n\n\n<p>CDE intervient pour la mise sous tension des installations \u00e9lectriques dans les \u00e9tablissements recevant des travailleurs (ERT) et dans les \u00e9tablissements recevant du public (ERP).<\/p>\n\n\n\n<div class=\"wp-block-columns is-layout-flex wp-container-6\">\n<div class=\"wp-block-column is-vertically-aligned-center is-layout-flow\" style=\"flex-basis:66.66%\">\n<p>La v\u00e9rification a pour objet, d\u2019examiner la conformit\u00e9 des installations \u00e9lectriques de votre \u00e9tablissement. <\/p>\n\n\n\n<p>Le contr\u00f4le porte sur l&rsquo;ensemble des installations \u00e9lectriques raccord\u00e9es en aval du point de livraison :<\/p>\n\n\n\n<ul>\n<li>Valeur de la prise de terre<\/li>\n\n\n\n<li>V\u00e9rification LEP LES<\/li>\n\n\n\n<li>Mesure de continuit\u00e9 des masses<\/li>\n\n\n\n<li>V\u00e9rification des protections et des c\u00e2bles<\/li>\n<\/ul>\n\n\n\n<p><\/p>\n\n\n\n<p><\/p>\n<\/div>\n\n\n\n<div class=\"wp-block-column is-layout-flow\" style=\"flex-basis:33.33%\">\n<figure class=\"wp-block-image size-medium\"><img decoding=\"async\" loading=\"lazy\" width=\"300\" height=\"184\" src=\"https:\/\/cde-cf.fr\/wp-content\/uploads\/2023\/03\/Image8-300x184.gif\" alt=\"Attestation Consuel et mise en service\" class=\"wp-image-131\"\/><\/figure>\n<\/div>\n<\/div>\n\n\n\n<div style=\"height:100px\" aria-hidden=\"true\" class=\"wp-block-spacer\"><\/div>\n\n\n\n<h4 class=\"wp-block-heading has-vivid-cyan-blue-color has-text-color has-large-font-size\">V\u00e9rification des installations \u00e9lectriques initiales et p\u00e9riodiques<\/h4>\n\n\n\n<p>Tous les \u00e9tablissements assujettis au code du travail et\/ou recevant du public doivent faire l\u2019objet de v\u00e9rification des installations \u00e9lectriques.<\/p>\n\n\n\n<p>Les installations \u00e9lectriques comprennent l&rsquo;ensemble des mat\u00e9riels \u00e9lectriques mis en \u0153uvre pour la production, la conversion, la distribution ou l&rsquo;utilisation de l&rsquo;\u00e9nergie \u00e9lectrique.<\/p>\n\n\n\n<div class=\"wp-block-columns is-layout-flex wp-container-9\">\n<div class=\"wp-block-column is-vertically-aligned-center is-layout-flow\" style=\"flex-basis:33.33%\">\n<figure class=\"wp-block-image size-full\"><img decoding=\"async\" loading=\"lazy\" width=\"450\" height=\"253\" src=\"https:\/\/cde-cf.fr\/wp-content\/uploads\/2023\/03\/Image8.jpg\" alt=\"V\u00e9rification des installations \u00e9lectriques b\u00e2timent industriel\" class=\"wp-image-338\" srcset=\"https:\/\/cde-cf.fr\/wp-content\/uploads\/2023\/03\/Image8.jpg 450w, https:\/\/cde-cf.fr\/wp-content\/uploads\/2023\/03\/Image8-300x169.jpg 300w\" sizes=\"(max-width: 450px) 100vw, 450px\" \/><\/figure>\n<\/div>\n\n\n\n<div class=\"wp-block-column is-vertically-aligned-center is-layout-flow\" style=\"flex-basis:66.66%\">\n<p>Les v\u00e9rifications concernent les installations \u00e9lectriques lors de leur mise en service, apr\u00e8s qu&rsquo;elles aient subi une modification de structure, ou pendant leur phase d\u2019exploitation en vue de s&rsquo;assurer qu&rsquo;elles sont conformes aux prescriptions de s\u00e9curit\u00e9 pr\u00e9vues par le Code du Travail.<\/p>\n<\/div>\n<\/div>\n\n\n\n<div class=\"wp-block-columns is-layout-flex wp-container-12\">\n<div class=\"wp-block-column is-layout-flow\" style=\"flex-basis:33.33%\"><\/div>\n\n\n\n<div class=\"wp-block-column is-layout-flow\" style=\"flex-basis:66.66%\">\n<blockquote class=\"wp-block-quote\">\n<p><em>L\u2019arr\u00eat\u00e9 du 26 d\u00e9cembre 2011 fixe les r\u00e8gles qui r\u00e9gissent :<\/em><\/p>\n\n\n\n<ul class=\"has-small-font-size\">\n<li>Les m\u00e9thodes et l&rsquo;\u00e9tendue de la v\u00e9rification initiale des installations \u00e9lectriques pr\u00e9vue \u00e0 l&rsquo;article R. 4226-14 du Code du<br>travail ;<\/li>\n\n\n\n<li>Les m\u00e9thodes, l&rsquo;\u00e9tendue et la p\u00e9riodicit\u00e9 de la v\u00e9rification des installations \u00e9lectriques pr\u00e9vue \u00e0 l&rsquo;article R. 4226-16 du<br>Code du travail (on notera que la p\u00e9riodicit\u00e9 des v\u00e9rifications est fix\u00e9e \u00e0 un an, voire \u00e0 deux ans si le rapport pr\u00e9c\u00e9dent ne<br>pr\u00e9sente aucune observation ou si des travaux de mise en conformit\u00e9 ont \u00e9t\u00e9 r\u00e9alis\u00e9s pour r\u00e9pondre aux observations<br>contenues dans ledit rapport et avec l\u2019accord pr\u00e9alable de l\u2019inspection du travail ) ;<\/li>\n\n\n\n<li>Les m\u00e9thodes, l&rsquo;\u00e9tendue et, le cas \u00e9ch\u00e9ant, la p\u00e9riodicit\u00e9 du processus de v\u00e9rification des installations \u00e9lectriques temporaires pr\u00e9vu \u00e0 l&rsquo;article R. 4226-21 du Code du travail ;<\/li>\n\n\n\n<li>Les m\u00e9thodes et l&rsquo;\u00e9tendue de la v\u00e9rification des installations \u00e9lectriques sur demande de l&rsquo;inspecteur du travail ou du<br>contr\u00f4leur du travail, pr\u00e9vue \u00e0 l&rsquo;article R. 4722-26 du Code du travail ;<\/li>\n\n\n\n<li>Le contenu des rapports correspondants.<\/li>\n<\/ul>\n<\/blockquote>\n<\/div>\n<\/div>\n\n\n\n<div style=\"height:100px\" aria-hidden=\"true\" class=\"wp-block-spacer\"><\/div>\n\n\n\n<h5 class=\"wp-block-heading has-vivid-cyan-blue-color has-text-color has-large-font-size\">Mise en demeure par l&rsquo;inspection du travail<\/h5>\n\n\n\n<p>CDE intervient \u00e9galement pour les v\u00e9rifications des installations \u00e9lectriques par mise en demeure par l&rsquo;inspection du travail.<\/p>\n\n\n\n<div style=\"height:100px\" aria-hidden=\"true\" class=\"wp-block-spacer\"><\/div>\n\n\n\n<h6 class=\"wp-block-heading has-vivid-cyan-blue-color has-text-color has-large-font-size\">Certificat Q18<\/h6>\n\n\n\n<p><strong>Ayez le bon r\u00e9flexe, adoptez la \u201cQ18 attitude\u201d !<\/strong><\/p>\n\n\n\n<div class=\"wp-block-columns is-layout-flex wp-container-15\">\n<div class=\"wp-block-column is-layout-flow\" style=\"flex-basis:66.66%\">\n<p>Lors des v\u00e9rifications r\u00e8glementaires (protection des travailleurs, s\u00e9curit\u00e9 contre l\u2019incendie, etc\u2026) et en compl\u00e9ment des \u00e9ventuelles v\u00e9rifications par thermographie infrarouge, faites r\u00e9aliser une v\u00e9rification p\u00e9riodique Q18 avec le \u00ab passeport s\u00e9curit\u00e9 \u00bb de vos installations \u00e9lectriques.<br>V\u00e9ritable reporting synth\u00e9tique et pr\u00e9cis, celui-ci vous permettra alors d\u2019engager les actions correctives n\u00e9cessaires, pour am\u00e9liorer votre ma\u00eetrise des risques d\u2019incendie ou d\u2019explosion li\u00e9es aux installations \u00e9lectriques.<\/p>\n<\/div>\n\n\n\n<div class=\"wp-block-column is-vertically-aligned-center is-layout-flow\" style=\"flex-basis:33.33%\"><div class=\"wp-block-image\">\n<figure class=\"alignright size-medium\"><img decoding=\"async\" loading=\"lazy\" width=\"300\" height=\"87\" src=\"https:\/\/cde-cf.fr\/wp-content\/uploads\/2023\/03\/apsad-300x87.jpg\" alt=\"Logo APSAD certificat Q18\" class=\"wp-image-348\" srcset=\"https:\/\/cde-cf.fr\/wp-content\/uploads\/2023\/03\/apsad-300x87.jpg 300w, https:\/\/cde-cf.fr\/wp-content\/uploads\/2023\/03\/apsad-1024x297.jpg 1024w, https:\/\/cde-cf.fr\/wp-content\/uploads\/2023\/03\/apsad-768x223.jpg 768w, https:\/\/cde-cf.fr\/wp-content\/uploads\/2023\/03\/apsad.jpg 1341w\" sizes=\"(max-width: 300px) 100vw, 300px\" \/><figcaption class=\"wp-element-caption\"><strong>Q18<\/strong><\/figcaption><\/figure><\/div><\/div>\n<\/div>\n\n\n\n<blockquote class=\"wp-block-quote\">\n<p><strong>C\u2019est la garantie de disposer d\u2019un outil reconnu pour :<\/strong><\/p>\n\n\n\n<div style=\"height:5px\" aria-hidden=\"true\" class=\"wp-block-spacer\"><\/div>\n\n\n\n<p>L\u2019appr\u00e9ciation du risque d\u2019incendie ou d\u2019explosion au sein de votre \u00e9tablissement dans un contexte d\u2019assurance de biens (dans ce cadre, n\u2019oubliez pas de transmettre un exemplaire du compte-rendu Q18 \u00e0 votre assureur).<br>La prise en compte des conditions de r\u00e9alisation : v\u00e9rification totale ou partielle, coupure totale autoris\u00e9e<br>(couvrant l\u2019ensemble des essais et mesurages autoris\u00e9 par l\u2019exploitant), type de v\u00e9rification (premi\u00e8re v\u00e9rification ou v\u00e9rification p\u00e9riodique annuelle).<br>L\u2019illustration des constatations r\u00e9alis\u00e9es dans un tableau de synth\u00e8se (danger signal\u00e9) et une rubrique sp\u00e9cifique permettant de d\u00e9tailler les points de non-conformit\u00e9 ou anomalies constat\u00e9s ainsi que les pr\u00e9conisations associ\u00e9es.<br>La remont\u00e9e d\u2019informations : si un compte-rendu Q19 (thermographie IR) a \u00e9t\u00e9 d\u00e9livr\u00e9 avec ou pas la pr\u00e9sence de proc\u00e9d\u00e9s photovolta\u00efques sur le b\u00e2timent, le sch\u00e9ma de liaison \u00e0 la terre de l\u2019installation \u00e9lectrique (BT) par exemple.<\/p>\n<\/blockquote>\n\n\n\n<h6 class=\"wp-block-heading has-vivid-cyan-blue-color has-text-color has-large-font-size\">Certificat Q19<\/h6>\n\n\n\n<div class=\"wp-block-buttons is-layout-flex\">\n<div class=\"wp-block-button has-custom-font-size has-small-font-size\"><a class=\"wp-block-button__link has-vivid-green-cyan-background-color has-background wp-element-button\" href=\"https:\/\/cde-cf.fr\/?page_id=356\" style=\"border-radius:10px\">En savoir plus<\/a><\/div>\n<\/div>\n\n\n\n<div style=\"height:100px\" aria-hidden=\"true\" class=\"wp-block-spacer\"><\/div>\n","protected":false},"excerpt":{"rendered":"<p>V\u00e9rification des installations \u00e9lectriques CDE intervient pour effectuer le contr\u00f4le r\u00e9glementaire des installations \u00e9lectriques des lieux de travail et des \u00e9tablissements recevant du public (ERP).Nous avons pour mission de pr\u00e9venir les risques d\u2019origine \u00e9lectrique pour la s\u00e9curit\u00e9 des personnes et des biens. Nous intervenons sur les installations neuves, existantes, permanentes ou temporaires (chantiers, stands d\u2019exposition, [&hellip;]<\/p>\n","protected":false},"author":1,"featured_media":0,"parent":295,"menu_order":0,"comment_status":"closed","ping_status":"closed","template":"","meta":[],"yoast_head":"<!-- This site is optimized with the Yoast SEO plugin v20.6 - https:\/\/yoast.com\/wordpress\/plugins\/seo\/ -->\n<title>V\u00e9rification des installations \u00e9lectriques - Consuel - Q18 - Q19<\/title>\n<meta name=\"description\" content=\"Attestation conformit\u00e9 CONSUEL - V\u00e9rification des installations de chantier, initiales et p\u00e9riodiques - Thermographie infrarouge et Q19\" \/>\n<meta name=\"robots\" content=\"index, follow, max-snippet:-1, max-image-preview:large, max-video-preview:-1\" \/>\n<link rel=\"canonical\" href=\"https:\/\/cde-cf.fr\/?page_id=297\" \/>\n<meta property=\"og:locale\" content=\"fr_FR\" \/>\n<meta property=\"og:type\" content=\"article\" \/>\n<meta property=\"og:title\" content=\"V\u00e9rification des installations \u00e9lectriques - Consuel - Q18 - Q19\" \/>\n<meta property=\"og:description\" content=\"Attestation conformit\u00e9 CONSUEL - V\u00e9rification des installations de chantier, initiales et p\u00e9riodiques - Thermographie infrarouge et Q19\" \/>\n<meta property=\"og:url\" content=\"https:\/\/cde-cf.fr\/?page_id=297\" \/>\n<meta property=\"og:site_name\" content=\"Organisme d&#039;inspection et formation professionnelle\" \/>\n<meta property=\"article:modified_time\" content=\"2023-04-15T15:50:19+00:00\" \/>\n<meta property=\"og:image\" content=\"https:\/\/cde-cf.fr\/wp-content\/uploads\/2023\/03\/shutterstock_137658911.jpg\" \/>\n<meta name=\"twitter:card\" content=\"summary_large_image\" \/>\n<meta name=\"twitter:label1\" content=\"Dur\u00e9e de lecture estim\u00e9e\" \/>\n\t<meta name=\"twitter:data1\" content=\"5 minutes\" \/>\n<script type=\"application\/ld+json\" class=\"yoast-schema-graph\">{\"@context\":\"https:\/\/schema.org\",\"@graph\":[{\"@type\":\"WebPage\",\"@id\":\"https:\/\/cde-cf.fr\/?page_id=297\",\"url\":\"https:\/\/cde-cf.fr\/?page_id=297\",\"name\":\"V\u00e9rification des installations \u00e9lectriques - Consuel - Q18 - Q19\",\"isPartOf\":{\"@id\":\"https:\/\/cde-cf.fr\/#website\"},\"datePublished\":\"2023-03-27T23:03:30+00:00\",\"dateModified\":\"2023-04-15T15:50:19+00:00\",\"description\":\"Attestation conformit\u00e9 CONSUEL - V\u00e9rification des installations de chantier, initiales et p\u00e9riodiques - Thermographie infrarouge et Q19\",\"breadcrumb\":{\"@id\":\"https:\/\/cde-cf.fr\/?page_id=297#breadcrumb\"},\"inLanguage\":\"fr-FR\",\"potentialAction\":[{\"@type\":\"ReadAction\",\"target\":[\"https:\/\/cde-cf.fr\/?page_id=297\"]}]},{\"@type\":\"BreadcrumbList\",\"@id\":\"https:\/\/cde-cf.fr\/?page_id=297#breadcrumb\",\"itemListElement\":[{\"@type\":\"ListItem\",\"position\":1,\"name\":\"Accueil\",\"item\":\"https:\/\/cde-cf.fr\/\"},{\"@type\":\"ListItem\",\"position\":2,\"name\":\"Nos services\",\"item\":\"https:\/\/cde-cf.fr\/?page_id=295\"},{\"@type\":\"ListItem\",\"position\":3,\"name\":\"V\u00e9rification des installations \u00e9lectriques\"}]},{\"@type\":\"WebSite\",\"@id\":\"https:\/\/cde-cf.fr\/#website\",\"url\":\"https:\/\/cde-cf.fr\/\",\"name\":\"Organisme d'inspection et formation professionnelle\",\"description\":\"La s\u00e9curit\u00e9 au c\u0153ur de notre m\u00e9tier !\",\"publisher\":{\"@id\":\"https:\/\/cde-cf.fr\/#organization\"},\"potentialAction\":[{\"@type\":\"SearchAction\",\"target\":{\"@type\":\"EntryPoint\",\"urlTemplate\":\"https:\/\/cde-cf.fr\/?s={search_term_string}\"},\"query-input\":\"required name=search_term_string\"}],\"inLanguage\":\"fr-FR\"},{\"@type\":\"Organization\",\"@id\":\"https:\/\/cde-cf.fr\/#organization\",\"name\":\"CDE - Cabinet des Epris\",\"url\":\"https:\/\/cde-cf.fr\/\",\"logo\":{\"@type\":\"ImageObject\",\"inLanguage\":\"fr-FR\",\"@id\":\"https:\/\/cde-cf.fr\/#\/schema\/logo\/image\/\",\"url\":\"https:\/\/cde-cf.fr\/wp-content\/uploads\/2023\/03\/Image3-scaled.gif\",\"contentUrl\":\"https:\/\/cde-cf.fr\/wp-content\/uploads\/2023\/03\/Image3-scaled.gif\",\"width\":2560,\"height\":913,\"caption\":\"CDE - Cabinet des Epris\"},\"image\":{\"@id\":\"https:\/\/cde-cf.fr\/#\/schema\/logo\/image\/\"}}]}<\/script>\n<!-- \/ Yoast SEO plugin. -->","yoast_head_json":{"title":"V\u00e9rification des installations \u00e9lectriques - Consuel - Q18 - Q19","description":"Attestation conformit\u00e9 CONSUEL - V\u00e9rification des installations de chantier, initiales et p\u00e9riodiques - Thermographie infrarouge et Q19","robots":{"index":"index","follow":"follow","max-snippet":"max-snippet:-1","max-image-preview":"max-image-preview:large","max-video-preview":"max-video-preview:-1"},"canonical":"https:\/\/cde-cf.fr\/?page_id=297","og_locale":"fr_FR","og_type":"article","og_title":"V\u00e9rification des installations \u00e9lectriques - Consuel - Q18 - Q19","og_description":"Attestation conformit\u00e9 CONSUEL - V\u00e9rification des installations de chantier, initiales et p\u00e9riodiques - Thermographie infrarouge et Q19","og_url":"https:\/\/cde-cf.fr\/?page_id=297","og_site_name":"Organisme d&#039;inspection et formation professionnelle","article_modified_time":"2023-04-15T15:50:19+00:00","og_image":[{"url":"https:\/\/cde-cf.fr\/wp-content\/uploads\/2023\/03\/shutterstock_137658911.jpg"}],"twitter_card":"summary_large_image","twitter_misc":{"Dur\u00e9e de lecture estim\u00e9e":"5 minutes"},"schema":{"@context":"https:\/\/schema.org","@graph":[{"@type":"WebPage","@id":"https:\/\/cde-cf.fr\/?page_id=297","url":"https:\/\/cde-cf.fr\/?page_id=297","name":"V\u00e9rification des installations \u00e9lectriques - Consuel - Q18 - Q19","isPartOf":{"@id":"https:\/\/cde-cf.fr\/#website"},"datePublished":"2023-03-27T23:03:30+00:00","dateModified":"2023-04-15T15:50:19+00:00","description":"Attestation conformit\u00e9 CONSUEL - V\u00e9rification des installations de chantier, initiales et p\u00e9riodiques - Thermographie infrarouge et Q19","breadcrumb":{"@id":"https:\/\/cde-cf.fr\/?page_id=297#breadcrumb"},"inLanguage":"fr-FR","potentialAction":[{"@type":"ReadAction","target":["https:\/\/cde-cf.fr\/?page_id=297"]}]},{"@type":"BreadcrumbList","@id":"https:\/\/cde-cf.fr\/?page_id=297#breadcrumb","itemListElement":[{"@type":"ListItem","position":1,"name":"Accueil","item":"https:\/\/cde-cf.fr\/"},{"@type":"ListItem","position":2,"name":"Nos services","item":"https:\/\/cde-cf.fr\/?page_id=295"},{"@type":"ListItem","position":3,"name":"V\u00e9rification des installations \u00e9lectriques"}]},{"@type":"WebSite","@id":"https:\/\/cde-cf.fr\/#website","url":"https:\/\/cde-cf.fr\/","name":"Organisme d'inspection et formation professionnelle","description":"La s\u00e9curit\u00e9 au c\u0153ur de notre m\u00e9tier !","publisher":{"@id":"https:\/\/cde-cf.fr\/#organization"},"potentialAction":[{"@type":"SearchAction","target":{"@type":"EntryPoint","urlTemplate":"https:\/\/cde-cf.fr\/?s={search_term_string}"},"query-input":"required name=search_term_string"}],"inLanguage":"fr-FR"},{"@type":"Organization","@id":"https:\/\/cde-cf.fr\/#organization","name":"CDE - Cabinet des Epris","url":"https:\/\/cde-cf.fr\/","logo":{"@type":"ImageObject","inLanguage":"fr-FR","@id":"https:\/\/cde-cf.fr\/#\/schema\/logo\/image\/","url":"https:\/\/cde-cf.fr\/wp-content\/uploads\/2023\/03\/Image3-scaled.gif","contentUrl":"https:\/\/cde-cf.fr\/wp-content\/uploads\/2023\/03\/Image3-scaled.gif","width":2560,"height":913,"caption":"CDE - Cabinet des Epris"},"image":{"@id":"https:\/\/cde-cf.fr\/#\/schema\/logo\/image\/"}}]}},"_links":{"self":[{"href":"https:\/\/cde-cf.fr\/index.php?rest_route=\/wp\/v2\/pages\/297"}],"collection":[{"href":"https:\/\/cde-cf.fr\/index.php?rest_route=\/wp\/v2\/pages"}],"about":[{"href":"https:\/\/cde-cf.fr\/index.php?rest_route=\/wp\/v2\/types\/page"}],"author":[{"embeddable":true,"href":"https:\/\/cde-cf.fr\/index.php?rest_route=\/wp\/v2\/users\/1"}],"replies":[{"embeddable":true,"href":"https:\/\/cde-cf.fr\/index.php?rest_route=%2Fwp%2Fv2%2Fcomments&post=297"}],"version-history":[{"count":47,"href":"https:\/\/cde-cf.fr\/index.php?rest_route=\/wp\/v2\/pages\/297\/revisions"}],"predecessor-version":[{"id":1264,"href":"https:\/\/cde-cf.fr\/index.php?rest_route=\/wp\/v2\/pages\/297\/revisions\/1264"}],"up":[{"embeddable":true,"href":"https:\/\/cde-cf.fr\/index.php?rest_route=\/wp\/v2\/pages\/295"}],"wp:attachment":[{"href":"https:\/\/cde-cf.fr\/index.php?rest_route=%2Fwp%2Fv2%2Fmedia&parent=297"}],"curies":[{"name":"wp","href":"https:\/\/api.w.org\/{rel}","templated":true}]}}