{"id":295,"date":"2023-03-28T01:01:05","date_gmt":"2023-03-27T23:01:05","guid":{"rendered":"https:\/\/192.168.1.141\/wordpress\/?page_id=295"},"modified":"2023-04-15T17:48:47","modified_gmt":"2023-04-15T15:48:47","slug":"inspections-techniques","status":"publish","type":"page","link":"https:\/\/cde-cf.fr\/?page_id=295","title":{"rendered":"Nos services"},"content":{"rendered":"\n<div style=\"height:500px\" aria-hidden=\"true\" class=\"wp-block-spacer\"><\/div>\n\n\n\n<h1 class=\"wp-block-heading has-vivid-cyan-blue-color has-text-color has-large-font-size\">Nos services<\/h1>\n\n\n\n<p>CDE accompagne les entreprises et les collectivit\u00e9s locales dans leurs obligations de v\u00e9rifications et d&rsquo;inspections r\u00e9glementaires.<\/p>\n","protected":false},"excerpt":{"rendered":"<p>Nos services CDE accompagne les entreprises et les collectivit\u00e9s locales dans leurs obligations de v\u00e9rifications et d&rsquo;inspections r\u00e9glementaires.<\/p>\n","protected":false},"author":1,"featured_media":0,"parent":0,"menu_order":2,"comment_status":"closed","ping_status":"closed","template":"","meta":[],"yoast_head":"<!-- This site is optimized with the Yoast SEO plugin v20.6 - https:\/\/yoast.com\/wordpress\/plugins\/seo\/ -->\n<title>Nos services - Organisme d&#039;inspection et formation professionnelle<\/title>\n<meta name=\"robots\" content=\"index, follow, max-snippet:-1, max-image-preview:large, max-video-preview:-1\" \/>\n<link rel=\"canonical\" href=\"https:\/\/cde-cf.fr\/?page_id=295\" \/>\n<meta property=\"og:locale\" content=\"fr_FR\" \/>\n<meta property=\"og:type\" content=\"article\" \/>\n<meta property=\"og:title\" content=\"Nos services - Organisme d&#039;inspection et formation professionnelle\" \/>\n<meta property=\"og:description\" content=\"Nos services CDE accompagne les entreprises et les collectivit\u00e9s locales dans leurs obligations de v\u00e9rifications et d&rsquo;inspections r\u00e9glementaires.\" \/>\n<meta property=\"og:url\" content=\"https:\/\/cde-cf.fr\/?page_id=295\" \/>\n<meta property=\"og:site_name\" content=\"Organisme d&#039;inspection et formation professionnelle\" \/>\n<meta property=\"article:modified_time\" content=\"2023-04-15T15:48:47+00:00\" \/>\n<meta name=\"twitter:card\" content=\"summary_large_image\" \/>\n<meta name=\"twitter:label1\" content=\"Dur\u00e9e de lecture estim\u00e9e\" \/>\n\t<meta name=\"twitter:data1\" content=\"1 minute\" \/>\n<script type=\"application\/ld+json\" class=\"yoast-schema-graph\">{\"@context\":\"https:\/\/schema.org\",\"@graph\":[{\"@type\":\"WebPage\",\"@id\":\"https:\/\/cde-cf.fr\/?page_id=295\",\"url\":\"https:\/\/cde-cf.fr\/?page_id=295\",\"name\":\"Nos services - Organisme d&#039;inspection et formation professionnelle\",\"isPartOf\":{\"@id\":\"https:\/\/cde-cf.fr\/#website\"},\"datePublished\":\"2023-03-27T23:01:05+00:00\",\"dateModified\":\"2023-04-15T15:48:47+00:00\",\"breadcrumb\":{\"@id\":\"https:\/\/cde-cf.fr\/?page_id=295#breadcrumb\"},\"inLanguage\":\"fr-FR\",\"potentialAction\":[{\"@type\":\"ReadAction\",\"target\":[\"https:\/\/cde-cf.fr\/?page_id=295\"]}]},{\"@type\":\"BreadcrumbList\",\"@id\":\"https:\/\/cde-cf.fr\/?page_id=295#breadcrumb\",\"itemListElement\":[{\"@type\":\"ListItem\",\"position\":1,\"name\":\"Accueil\",\"item\":\"https:\/\/cde-cf.fr\/\"},{\"@type\":\"ListItem\",\"position\":2,\"name\":\"Nos services\"}]},{\"@type\":\"WebSite\",\"@id\":\"https:\/\/cde-cf.fr\/#website\",\"url\":\"https:\/\/cde-cf.fr\/\",\"name\":\"Organisme d'inspection et formation professionnelle\",\"description\":\"La s\u00e9curit\u00e9 au c\u0153ur de notre m\u00e9tier !\",\"publisher\":{\"@id\":\"https:\/\/cde-cf.fr\/#organization\"},\"potentialAction\":[{\"@type\":\"SearchAction\",\"target\":{\"@type\":\"EntryPoint\",\"urlTemplate\":\"https:\/\/cde-cf.fr\/?s={search_term_string}\"},\"query-input\":\"required name=search_term_string\"}],\"inLanguage\":\"fr-FR\"},{\"@type\":\"Organization\",\"@id\":\"https:\/\/cde-cf.fr\/#organization\",\"name\":\"CDE - Cabinet des Epris\",\"url\":\"https:\/\/cde-cf.fr\/\",\"logo\":{\"@type\":\"ImageObject\",\"inLanguage\":\"fr-FR\",\"@id\":\"https:\/\/cde-cf.fr\/#\/schema\/logo\/image\/\",\"url\":\"https:\/\/cde-cf.fr\/wp-content\/uploads\/2023\/03\/Image3-scaled.gif\",\"contentUrl\":\"https:\/\/cde-cf.fr\/wp-content\/uploads\/2023\/03\/Image3-scaled.gif\",\"width\":2560,\"height\":913,\"caption\":\"CDE - Cabinet des Epris\"},\"image\":{\"@id\":\"https:\/\/cde-cf.fr\/#\/schema\/logo\/image\/\"}}]}<\/script>\n<!-- \/ Yoast SEO plugin. -->","yoast_head_json":{"title":"Nos services - Organisme d&#039;inspection et formation professionnelle","robots":{"index":"index","follow":"follow","max-snippet":"max-snippet:-1","max-image-preview":"max-image-preview:large","max-video-preview":"max-video-preview:-1"},"canonical":"https:\/\/cde-cf.fr\/?page_id=295","og_locale":"fr_FR","og_type":"article","og_title":"Nos services - Organisme d&#039;inspection et formation professionnelle","og_description":"Nos services CDE accompagne les entreprises et les collectivit\u00e9s locales dans leurs obligations de v\u00e9rifications et d&rsquo;inspections r\u00e9glementaires.","og_url":"https:\/\/cde-cf.fr\/?page_id=295","og_site_name":"Organisme d&#039;inspection et formation professionnelle","article_modified_time":"2023-04-15T15:48:47+00:00","twitter_card":"summary_large_image","twitter_misc":{"Dur\u00e9e de lecture estim\u00e9e":"1 minute"},"schema":{"@context":"https:\/\/schema.org","@graph":[{"@type":"WebPage","@id":"https:\/\/cde-cf.fr\/?page_id=295","url":"https:\/\/cde-cf.fr\/?page_id=295","name":"Nos services - Organisme d&#039;inspection et formation professionnelle","isPartOf":{"@id":"https:\/\/cde-cf.fr\/#website"},"datePublished":"2023-03-27T23:01:05+00:00","dateModified":"2023-04-15T15:48:47+00:00","breadcrumb":{"@id":"https:\/\/cde-cf.fr\/?page_id=295#breadcrumb"},"inLanguage":"fr-FR","potentialAction":[{"@type":"ReadAction","target":["https:\/\/cde-cf.fr\/?page_id=295"]}]},{"@type":"BreadcrumbList","@id":"https:\/\/cde-cf.fr\/?page_id=295#breadcrumb","itemListElement":[{"@type":"ListItem","position":1,"name":"Accueil","item":"https:\/\/cde-cf.fr\/"},{"@type":"ListItem","position":2,"name":"Nos services"}]},{"@type":"WebSite","@id":"https:\/\/cde-cf.fr\/#website","url":"https:\/\/cde-cf.fr\/","name":"Organisme d'inspection et formation professionnelle","description":"La s\u00e9curit\u00e9 au c\u0153ur de notre m\u00e9tier !","publisher":{"@id":"https:\/\/cde-cf.fr\/#organization"},"potentialAction":[{"@type":"SearchAction","target":{"@type":"EntryPoint","urlTemplate":"https:\/\/cde-cf.fr\/?s={search_term_string}"},"query-input":"required name=search_term_string"}],"inLanguage":"fr-FR"},{"@type":"Organization","@id":"https:\/\/cde-cf.fr\/#organization","name":"CDE - Cabinet des Epris","url":"https:\/\/cde-cf.fr\/","logo":{"@type":"ImageObject","inLanguage":"fr-FR","@id":"https:\/\/cde-cf.fr\/#\/schema\/logo\/image\/","url":"https:\/\/cde-cf.fr\/wp-content\/uploads\/2023\/03\/Image3-scaled.gif","contentUrl":"https:\/\/cde-cf.fr\/wp-content\/uploads\/2023\/03\/Image3-scaled.gif","width":2560,"height":913,"caption":"CDE - Cabinet des Epris"},"image":{"@id":"https:\/\/cde-cf.fr\/#\/schema\/logo\/image\/"}}]}},"_links":{"self":[{"href":"https:\/\/cde-cf.fr\/index.php?rest_route=\/wp\/v2\/pages\/295"}],"collection":[{"href":"https:\/\/cde-cf.fr\/index.php?rest_route=\/wp\/v2\/pages"}],"about":[{"href":"https:\/\/cde-cf.fr\/index.php?rest_route=\/wp\/v2\/types\/page"}],"author":[{"embeddable":true,"href":"https:\/\/cde-cf.fr\/index.php?rest_route=\/wp\/v2\/users\/1"}],"replies":[{"embeddable":true,"href":"https:\/\/cde-cf.fr\/index.php?rest_route=%2Fwp%2Fv2%2Fcomments&post=295"}],"version-history":[{"count":5,"href":"https:\/\/cde-cf.fr\/index.php?rest_route=\/wp\/v2\/pages\/295\/revisions"}],"predecessor-version":[{"id":1263,"href":"https:\/\/cde-cf.fr\/index.php?rest_route=\/wp\/v2\/pages\/295\/revisions\/1263"}],"wp:attachment":[{"href":"https:\/\/cde-cf.fr\/index.php?rest_route=%2Fwp%2Fv2%2Fmedia&parent=295"}],"curies":[{"name":"wp","href":"https:\/\/api.w.org\/{rel}","templated":true}]}}