{"id":2,"date":"2023-03-22T15:45:47","date_gmt":"2023-03-22T14:45:47","guid":{"rendered":"https:\/\/192.168.1.141\/wordpress\/?page_id=2"},"modified":"2023-04-15T17:42:29","modified_gmt":"2023-04-15T15:42:29","slug":"cde-organisme-dinspection-controle-formation","status":"publish","type":"page","link":"https:\/\/cde-cf.fr\/","title":{"rendered":"Accueil"},"content":{"rendered":"\n<div style=\"height:500px\" aria-hidden=\"true\" class=\"wp-block-spacer\"><\/div>\n\n\n\n<div class=\"wp-block-columns is-layout-flex wp-container-4\">\n<div class=\"wp-block-column is-vertically-aligned-center is-layout-flow\" style=\"flex-basis:66.66%\">\n<h2 class=\"wp-block-heading has-vivid-cyan-blue-color has-text-color has-large-font-size\">Une entreprise qui s&rsquo;engage pour ses clients<\/h2>\n\n\n\n<p>Nous sommes un organisme d\u2019inspection et ind\u00e9pendant sp\u00e9cialis\u00e9 dans la v\u00e9rification et la certification des produits et services. Nous proposons des services de contr\u00f4le, d&rsquo;inspection et de formation pour garantir la qualit\u00e9 et la conformit\u00e9 des produits et services \u00e0 des normes et exigences r\u00e9glementaires.<\/p>\n\n\n\n<p>CDE  intervient pour les artisans, les industriels, les activit\u00e9s du domaine tertiaire, les exploitations agricoles et les collectivit\u00e9s locales.<\/p>\n\n\n\n<div class=\"wp-block-buttons is-layout-flex\">\n<div class=\"wp-block-button has-custom-font-size has-small-font-size\"><a class=\"wp-block-button__link has-luminous-vivid-orange-background-color has-background wp-element-button\" style=\"border-radius:8px\">Appelez nous : 03 86 55 06 68<\/a><\/div>\n<\/div>\n\n\n\n<div style=\"height:25px\" aria-hidden=\"true\" class=\"wp-block-spacer\"><\/div>\n\n\n\n<blockquote class=\"wp-block-quote\">\n<p class=\"has-small-font-size\">Zones d&rsquo;interventions : Aube (10) &#8211; Haute Marne (52) &#8211; Yonne (89) &#8211; C\u00f4te d&rsquo;Or (21) &#8211; Ni\u00e8vre (58) &#8211; Seine et Marne (77) &#8211; Loiret (45)<\/p>\n<\/blockquote>\n<\/div>\n\n\n\n<div class=\"wp-block-column is-vertically-aligned-center is-layout-flow\" style=\"flex-basis:33.33%\"><div class=\"wp-block-image\">\n<figure class=\"alignright size-medium\"><img decoding=\"async\" loading=\"lazy\" width=\"289\" height=\"300\" src=\"https:\/\/cde-cf.fr\/wp-content\/uploads\/2023\/04\/engagement2-289x300.jpg\" alt=\"Bouton 100% engagement organisme d'inspection contr\u00f4le et formation\" class=\"wp-image-732\" srcset=\"https:\/\/cde-cf.fr\/wp-content\/uploads\/2023\/04\/engagement2-289x300.jpg 289w, https:\/\/cde-cf.fr\/wp-content\/uploads\/2023\/04\/engagement2.jpg 300w\" sizes=\"(max-width: 289px) 100vw, 289px\" \/><\/figure><\/div><\/div>\n<\/div>\n\n\n\n<div style=\"height:100px\" aria-hidden=\"true\" class=\"wp-block-spacer\"><\/div>\n\n\n\n<h2 class=\"wp-block-heading has-vivid-green-cyan-color has-text-color has-large-font-size\"><strong>Attestation Consuel<\/strong><\/h2>\n\n\n\n<p>L&rsquo;attestation Consuel est la validation de la conformit\u00e9 de votre installation \u00e9lectrique afin de r\u00e9aliser la mise sous tension.<\/p>\n\n\n\n<div class=\"wp-block-columns is-layout-flex wp-container-8\">\n<div class=\"wp-block-column is-layout-flow\">\n<figure class=\"wp-block-image size-full is-resized\"><img decoding=\"async\" src=\"https:\/\/cde-cf.fr\/wp-content\/uploads\/2023\/03\/Image8.gif\" alt=\"organisme d'inspection et contr\u00f4le Consuel\" class=\"wp-image-131\" height=\"300\"\/><\/figure>\n<\/div>\n\n\n\n<div class=\"wp-block-column is-layout-flow\">\n<p class=\"has-vivid-green-cyan-color has-text-color has-medium-font-size\"><strong>DEMANDE D&rsquo;ATTESTATION DE CONFORMITE CONSUEL<\/strong><\/p>\n\n\n\n<p class=\"has-medium-font-size\">Nous intervenons pour :<\/p>\n\n\n\n<p class=\"has-small-font-size\"><strong>Les Installations de consommation<\/strong><\/p>\n\n\n\n<p class=\"has-small-font-size\">Industriels &#8211; Tertiaires &#8211; Agricoles &#8211; Artisanats &#8211; Collectivit\u00e9s locales &#8211; IRVE (borne de recharge de v\u00e9hicule) &#8211; Services g\u00e9n\u00e9raux<\/p>\n\n\n\n<p class=\"has-small-font-size\"><strong>Les Installations de production<\/strong><\/p>\n\n\n\n<p class=\"has-small-font-size\">Installations photovolta\u00efques<\/p>\n\n\n\n<div class=\"wp-block-buttons is-layout-flex\">\n<div class=\"wp-block-button has-custom-font-size has-small-font-size\"><a class=\"wp-block-button__link has-vivid-cyan-blue-background-color has-background wp-element-button\" href=\"https:\/\/cde-cf.fr\/?page_id=153\" style=\"border-radius:10px\">Demande d&rsquo;intervention<\/a><\/div>\n<\/div>\n<\/div>\n<\/div>\n\n\n\n<div style=\"height:50px\" aria-hidden=\"true\" class=\"wp-block-spacer\"><\/div>\n\n\n\n<hr class=\"wp-block-separator has-text-color has-vivid-cyan-blue-color has-alpha-channel-opacity has-vivid-cyan-blue-background-color has-background is-style-dots\"\/>\n\n\n\n<div style=\"height:50px\" aria-hidden=\"true\" class=\"wp-block-spacer\"><\/div>\n\n\n\n<h3 class=\"wp-block-heading has-vivid-cyan-blue-color has-text-color has-large-font-size\">Nos prestations d&rsquo;inspections et de contr\u00f4les r\u00e9glementaires<\/h3>\n\n\n\n<p>La s\u00e9curit\u00e9 est un enjeu majeur pour tous dans un monde qui \u00e9volue en permanence.<\/p>\n\n\n\n<div style=\"height:50px\" aria-hidden=\"true\" class=\"wp-block-spacer\"><\/div>\n\n\n\n<div class=\"wp-block-columns is-layout-flex wp-container-14\">\n<div class=\"wp-block-column is-layout-flow\" style=\"flex-basis:300px\">\n<p class=\"has-medium-font-size\"><strong><em>Les installations \u00e9lectriques<\/em><\/strong><\/p>\n\n\n\n<div class=\"wp-block-buttons is-content-justification-center is-layout-flex wp-container-9\">\n<div class=\"wp-block-button has-custom-font-size has-small-font-size\"><a class=\"wp-block-button__link has-vivid-green-cyan-background-color has-background wp-element-button\" href=\"https:\/\/cde-cf.fr\/?page_id=297\" style=\"border-radius:10px\">En savoir plus<\/a><\/div>\n<\/div>\n<\/div>\n\n\n\n<div class=\"wp-block-column is-layout-flow\" style=\"flex-basis:75px\">\n<figure class=\"wp-block-image size-full is-resized\"><img decoding=\"async\" loading=\"lazy\" src=\"https:\/\/cde-cf.fr\/wp-content\/uploads\/2023\/03\/Image5.gif\" alt=\"roue contr\u00f4le\" class=\"wp-image-169\" width=\"75\" height=\"73\"\/><\/figure>\n<\/div>\n\n\n\n<div class=\"wp-block-column is-layout-flow\" style=\"flex-basis:400px\">\n<p class=\"has-small-font-size\">Contr\u00f4le initiale, p\u00e9riodique.<\/p>\n\n\n\n<p class=\"has-small-font-size\">V\u00e9rification installations temporaires de chantier <\/p>\n\n\n\n<p class=\"has-small-font-size\">Remise du Certificat Q18<\/p>\n\n\n\n<p class=\"has-small-font-size\">Inspection sur mise en demeure de l&rsquo;inspection du travail<\/p>\n<\/div>\n\n\n\n<div class=\"wp-block-column is-layout-flow\">\n<p class=\"has-small-font-size\">V\u00e9rification par thermographie infrarouge<\/p>\n\n\n\n<p class=\"has-small-font-size\">Attestation et certificat Q19<\/p>\n<\/div>\n<\/div>\n\n\n\n<div style=\"height:50px\" aria-hidden=\"true\" class=\"wp-block-spacer\"><\/div>\n\n\n\n<div class=\"wp-block-columns is-layout-flex wp-container-20\">\n<div class=\"wp-block-column is-layout-flow\" style=\"flex-basis:300px\">\n<p class=\"has-medium-font-size\"><strong><em>V\u00e9rification des appareils et accessoires de levage<\/em><\/strong><\/p>\n\n\n\n<p class=\"has-small-font-size\">VGP &#8211; VMS &#8211; VRS<\/p>\n\n\n\n<div class=\"wp-block-buttons is-content-justification-center is-layout-flex wp-container-15\">\n<div class=\"wp-block-button has-custom-font-size has-small-font-size\"><a class=\"wp-block-button__link has-vivid-green-cyan-background-color has-background wp-element-button\" href=\"https:\/\/cde-cf.fr\/?page_id=358\" style=\"border-radius:10px\">En savoir plus<\/a><\/div>\n<\/div>\n<\/div>\n\n\n\n<div class=\"wp-block-column is-layout-flow\" style=\"flex-basis:75px\">\n<figure class=\"wp-block-image size-full is-resized\"><img decoding=\"async\" loading=\"lazy\" src=\"https:\/\/cde-cf.fr\/wp-content\/uploads\/2023\/03\/Image5.gif\" alt=\"roue contr\u00f4le\" class=\"wp-image-169\" width=\"75\" height=\"73\"\/><\/figure>\n<\/div>\n\n\n\n<div class=\"wp-block-column is-layout-flow\" style=\"flex-basis:400px\">\n<p class=\"has-small-font-size\">Chariots \u00e9l\u00e9vateurs \u00e0 conducteur port\u00e9<\/p>\n\n\n\n<p class=\"has-small-font-size\">Chariots \u00e9l\u00e9vateurs \u00e0 conducteur accompagnant<\/p>\n\n\n\n<p class=\"has-small-font-size\">Engins de chantier utilis\u00e9s ou non pour le levage<\/p>\n\n\n\n<p class=\"has-small-font-size\">Grues mobiles<\/p>\n<\/div>\n\n\n\n<div class=\"wp-block-column is-layout-flow\">\n<p class=\"has-small-font-size\">V\u00e9rification grues de chargements<\/p>\n\n\n\n<p class=\"has-small-font-size\">PEMP \/ Nacelle<\/p>\n\n\n\n<p class=\"has-small-font-size\">Ponts \u00e9l\u00e9vateurs de v\u00e9hicule<\/p>\n<\/div>\n<\/div>\n\n\n\n<div class=\"wp-block-columns is-layout-flex wp-container-23\">\n<div class=\"wp-block-column is-vertically-aligned-center is-layout-flow\" style=\"flex-basis:400px\"><div class=\"wp-block-image\">\n<figure class=\"alignright size-thumbnail is-resized\"><img decoding=\"async\" loading=\"lazy\" src=\"https:\/\/cde-cf.fr\/wp-content\/uploads\/2023\/03\/54339-150x150.png\" alt=\"Fl\u00e8che inspection\" class=\"wp-image-107\" width=\"65\" height=\"65\" srcset=\"https:\/\/cde-cf.fr\/wp-content\/uploads\/2023\/03\/54339-150x150.png 150w, https:\/\/cde-cf.fr\/wp-content\/uploads\/2023\/03\/54339-300x300.png 300w, https:\/\/cde-cf.fr\/wp-content\/uploads\/2023\/03\/54339.png 512w\" sizes=\"(max-width: 65px) 100vw, 65px\" \/><\/figure><\/div><\/div>\n\n\n\n<div class=\"wp-block-column is-vertically-aligned-center is-layout-flow\" style=\"flex-basis:66.66%\">\n<p><\/p>\n\n\n\n<p class=\"has-text-align-left has-small-font-size\">Ponts roulants \u2013 Portiques \u2013 Potences \u2013 Palans \u2013 Hayons \u00e9l\u00e9vateurs \u2013 Rampes EPMR \u2013 Tireforts \u2013 Pull Lifts<\/p>\n<\/div>\n<\/div>\n\n\n\n<div style=\"height:25px\" aria-hidden=\"true\" class=\"wp-block-spacer\"><\/div>\n\n\n\n<div class=\"wp-block-columns is-layout-flex wp-container-30\">\n<div class=\"wp-block-column is-layout-flow\" style=\"flex-basis:300px\">\n<p class=\"has-medium-font-size\"><em><strong>Autres v\u00e9rifications<\/strong><\/em><\/p>\n\n\n\n<div class=\"wp-block-buttons is-content-justification-center is-layout-flex wp-container-24\">\n<div class=\"wp-block-button has-custom-font-size has-small-font-size\"><a class=\"wp-block-button__link has-vivid-green-cyan-background-color has-background wp-element-button\" href=\"https:\/\/cde-cf.fr\/?page_id=360\" style=\"border-radius:10px\">En savoir plus<\/a><\/div>\n<\/div>\n<\/div>\n\n\n\n<div class=\"wp-block-column has-small-font-size is-layout-flow\">\n<p class=\"has-small-font-size\">Machines dangereuses (massicot, cisaille, presse \u00e0 balle etc&#8230;)<\/p>\n\n\n\n<p class=\"has-small-font-size\">Portes et portails auto ou semiautomatiques<\/p>\n<\/div>\n\n\n\n<div class=\"wp-block-column has-small-font-size is-layout-flow\">\n<p class=\"has-small-font-size\">Echafaudages fixes ou roulants<\/p>\n\n\n\n<p class=\"has-small-font-size\">Installations de gaz et frigorifiques<\/p>\n\n\n\n<p class=\"has-small-font-size\">Les rayonnages de stockage<\/p>\n<\/div>\n\n\n\n<div class=\"wp-block-column has-small-font-size is-layout-flow\">\n<p class=\"has-small-font-size\">Cuves sous pression<\/p>\n\n\n\n<p class=\"has-small-font-size\">Equipements sportifs et aires de jeux<\/p>\n<\/div>\n\n\n\n<div class=\"wp-block-column has-small-font-size is-layout-flow\">\n<p class=\"has-small-font-size\">Points d&rsquo;ancrage<\/p>\n\n\n\n<p class=\"has-small-font-size\">EPI<\/p>\n<\/div>\n<\/div>\n\n\n\n<div style=\"height:50px\" aria-hidden=\"true\" class=\"wp-block-spacer\"><\/div>\n\n\n\n<hr class=\"wp-block-separator has-text-color has-vivid-cyan-blue-color has-alpha-channel-opacity has-vivid-cyan-blue-background-color has-background is-style-dots\"\/>\n\n\n\n<div style=\"height:50px\" aria-hidden=\"true\" class=\"wp-block-spacer\"><\/div>\n\n\n\n<div class=\"wp-block-columns is-layout-flex wp-container-34\">\n<div class=\"wp-block-column is-layout-flow\">\n<h4 class=\"wp-block-heading has-vivid-cyan-blue-color has-text-color has-large-font-size\">La formation professionnelle<\/h4>\n\n\n\n<p>L&rsquo;offre formation de CDE est port\u00e9e principalement sur la protection des personnes et des biens.<\/p>\n\n\n\n<p>Formation inter ou intra-entreprise, CDE est  votre disposition pour vous accompagnez dans vos plans d&rsquo;action et du maintien des comp\u00e9tences de vos collaborateurs.<\/p>\n\n\n\n<div class=\"wp-block-buttons is-layout-flex\">\n<div class=\"wp-block-button has-custom-font-size has-small-font-size\"><a class=\"wp-block-button__link has-luminous-vivid-orange-background-color has-background wp-element-button\" style=\"border-radius:8px\">Appelez nous : 03 86 55 06 68<\/a><\/div>\n<\/div>\n<\/div>\n\n\n\n<div class=\"wp-block-column is-vertically-aligned-center is-layout-flow\"><div class=\"wp-block-image\">\n<figure class=\"alignright size-full\"><img decoding=\"async\" loading=\"lazy\" width=\"415\" height=\"284\" src=\"https:\/\/cde-cf.fr\/wp-content\/uploads\/2023\/04\/Image21.jpg\" alt=\"Formation\" class=\"wp-image-672\" srcset=\"https:\/\/cde-cf.fr\/wp-content\/uploads\/2023\/04\/Image21.jpg 415w, https:\/\/cde-cf.fr\/wp-content\/uploads\/2023\/04\/Image21-300x205.jpg 300w\" sizes=\"(max-width: 415px) 100vw, 415px\" \/><\/figure><\/div><\/div>\n<\/div>\n\n\n\n<div class=\"wp-block-columns is-layout-flex wp-container-37\">\n<div class=\"wp-block-column is-vertically-aligned-center is-layout-flow\" style=\"flex-basis:33.33%\">\n<figure class=\"wp-block-image size-medium\"><img decoding=\"async\" loading=\"lazy\" width=\"300\" height=\"160\" src=\"https:\/\/cde-cf.fr\/wp-content\/uploads\/2023\/03\/LogoQualiopi-300dpi-Avec-Marianne-300x160.webp\" alt=\"Logo Qualiopi  organisme centre de formation\" class=\"wp-image-139\" srcset=\"https:\/\/cde-cf.fr\/wp-content\/uploads\/2023\/03\/LogoQualiopi-300dpi-Avec-Marianne-300x160.webp 300w, https:\/\/cde-cf.fr\/wp-content\/uploads\/2023\/03\/LogoQualiopi-300dpi-Avec-Marianne.webp 634w\" sizes=\"(max-width: 300px) 100vw, 300px\" \/><\/figure>\n<\/div>\n\n\n\n<div class=\"wp-block-column is-vertically-aligned-center is-layout-flow\" style=\"flex-basis:66.66%\">\n<ul>\n<li>Habilitation \u00e9lectrique en  Basse et Haute Tension<\/li>\n\n\n\n<li>Autorisation de conduite et CACES\u00ae &#8211; R482 &#8211; R485 &#8211; R486 &#8211; R489 &#8211; R490<\/li>\n\n\n\n<li>AIPR &#8211; Op\u00e9rateur &#8211; Encadrant &#8211; Concepteur<\/li>\n<\/ul>\n<\/div>\n<\/div>\n\n\n\n<div class=\"wp-block-buttons is-content-justification-center is-layout-flex wp-container-38\">\n<div class=\"wp-block-button has-custom-font-size has-small-font-size\"><a class=\"wp-block-button__link has-vivid-green-cyan-background-color has-background wp-element-button\" href=\"https:\/\/cde-cf.fr\/?page_id=362\" style=\"border-radius:10px\">En savoir plus<\/a><\/div>\n<\/div>\n\n\n\n<div style=\"height:100px\" aria-hidden=\"true\" class=\"wp-block-spacer\"><\/div>\n\n\n\n<h5 class=\"wp-block-heading\">Quelques chiffres sur la formation <\/h5>\n\n\n\n<div class=\"wp-block-columns has-pale-cyan-blue-background-color has-background is-layout-flex wp-container-42\">\n<div class=\"wp-block-column has-vivid-cyan-blue-background-color has-background is-layout-flow\">\n<div style=\"height:25px\" aria-hidden=\"true\" class=\"wp-block-spacer\"><\/div>\n\n\n\n<p class=\"has-text-align-center has-white-color has-text-color has-x-large-font-size\"><strong>99.6 %<\/strong><\/p>\n\n\n\n<p class=\"has-text-align-center has-white-color has-text-color\">Des clients satisfait *<\/p>\n<\/div>\n\n\n\n<div class=\"wp-block-column has-vivid-cyan-blue-background-color has-background is-layout-flow\">\n<div style=\"height:25px\" aria-hidden=\"true\" class=\"wp-block-spacer\"><\/div>\n\n\n\n<p class=\"has-text-align-center has-white-color has-text-color has-x-large-font-size\"><strong>94.2 %<\/strong><\/p>\n\n\n\n<p class=\"has-text-align-center has-white-color has-text-color\">Taux de r\u00e9ussite toutes \u00e9preuves confondues*<\/p>\n<\/div>\n\n\n\n<div class=\"wp-block-column has-vivid-green-cyan-background-color has-background is-layout-flow\">\n<p class=\"has-text-align-center has-white-color has-text-color has-x-large-font-size\"><strong>8.75 \/ 10<\/strong><\/p>\n\n\n\n<p class=\"has-text-align-center has-white-color has-text-color\">Moyenne des notes (enqu\u00eates de satisfactions stagiaires) pour  la qualit\u00e9 des formateurs et des moyens p\u00e9dagogiques*<\/p>\n<\/div>\n<\/div>\n\n\n\n<p class=\"has-small-font-size\">* Source : donn\u00e9es de la revue de direction interne CDE d\u00e9cembre 2022<\/p>\n","protected":false},"excerpt":{"rendered":"<p>Une entreprise qui s&rsquo;engage pour ses clients Nous sommes un organisme d\u2019inspection et ind\u00e9pendant sp\u00e9cialis\u00e9 dans la v\u00e9rification et la certification des produits et services. Nous proposons des services de contr\u00f4le, d&rsquo;inspection et de formation pour garantir la qualit\u00e9 et la conformit\u00e9 des produits et services \u00e0 des normes et exigences r\u00e9glementaires. CDE intervient pour [&hellip;]<\/p>\n","protected":false},"author":1,"featured_media":0,"parent":0,"menu_order":0,"comment_status":"closed","ping_status":"open","template":"","meta":[],"yoast_head":"<!-- This site is optimized with the Yoast SEO plugin v20.6 - https:\/\/yoast.com\/wordpress\/plugins\/seo\/ -->\n<title>Organisme d&#039;Inspection contr\u00f4le et formation professionnelle<\/title>\n<meta name=\"description\" content=\"Organisme d&#039;inspection CDE : Consuel, installations \u00e9lectriques (Q18 - Q19) VGP, aires de jeux dans l&#039;Yonne, l&#039;Aube et la Haute-Marne\" \/>\n<meta name=\"robots\" content=\"index, follow, max-snippet:-1, max-image-preview:large, max-video-preview:-1\" \/>\n<link rel=\"canonical\" href=\"https:\/\/cde-cf.fr\/\" \/>\n<meta property=\"og:locale\" content=\"fr_FR\" \/>\n<meta property=\"og:type\" content=\"article\" \/>\n<meta property=\"og:title\" content=\"Organisme d&#039;Inspection contr\u00f4le et formation professionnelle\" \/>\n<meta property=\"og:description\" content=\"Organisme d&#039;inspection CDE : Consuel, installations \u00e9lectriques (Q18 - Q19) VGP, aires de jeux dans l&#039;Yonne, l&#039;Aube et la Haute-Marne\" \/>\n<meta property=\"og:url\" content=\"https:\/\/cde-cf.fr\/\" \/>\n<meta property=\"og:site_name\" content=\"Organisme d&#039;inspection et formation professionnelle\" \/>\n<meta property=\"article:modified_time\" content=\"2023-04-15T15:42:29+00:00\" \/>\n<meta property=\"og:image\" content=\"https:\/\/cde-cf.fr\/wp-content\/uploads\/2023\/04\/engagement2-289x300.jpg\" \/>\n<meta name=\"twitter:card\" content=\"summary_large_image\" \/>\n<meta name=\"twitter:label1\" content=\"Dur\u00e9e de lecture estim\u00e9e\" \/>\n\t<meta name=\"twitter:data1\" content=\"4 minutes\" \/>\n<script type=\"application\/ld+json\" class=\"yoast-schema-graph\">{\"@context\":\"https:\/\/schema.org\",\"@graph\":[{\"@type\":\"WebPage\",\"@id\":\"https:\/\/cde-cf.fr\/\",\"url\":\"https:\/\/cde-cf.fr\/\",\"name\":\"Organisme d'Inspection contr\u00f4le et formation professionnelle\",\"isPartOf\":{\"@id\":\"https:\/\/cde-cf.fr\/#website\"},\"datePublished\":\"2023-03-22T14:45:47+00:00\",\"dateModified\":\"2023-04-15T15:42:29+00:00\",\"description\":\"Organisme d'inspection CDE : Consuel, installations \u00e9lectriques (Q18 - Q19) VGP, aires de jeux dans l'Yonne, l'Aube et la Haute-Marne\",\"breadcrumb\":{\"@id\":\"https:\/\/cde-cf.fr\/#breadcrumb\"},\"inLanguage\":\"fr-FR\",\"potentialAction\":[{\"@type\":\"ReadAction\",\"target\":[\"https:\/\/cde-cf.fr\/\"]}]},{\"@type\":\"BreadcrumbList\",\"@id\":\"https:\/\/cde-cf.fr\/#breadcrumb\",\"itemListElement\":[{\"@type\":\"ListItem\",\"position\":1,\"name\":\"Accueil\",\"item\":\"https:\/\/cde-cf.fr\/\"},{\"@type\":\"ListItem\",\"position\":2,\"name\":\"Accueil\"}]},{\"@type\":\"WebSite\",\"@id\":\"https:\/\/cde-cf.fr\/#website\",\"url\":\"https:\/\/cde-cf.fr\/\",\"name\":\"Organisme d'inspection et formation professionnelle\",\"description\":\"La s\u00e9curit\u00e9 au c\u0153ur de notre m\u00e9tier !\",\"publisher\":{\"@id\":\"https:\/\/cde-cf.fr\/#organization\"},\"potentialAction\":[{\"@type\":\"SearchAction\",\"target\":{\"@type\":\"EntryPoint\",\"urlTemplate\":\"https:\/\/cde-cf.fr\/?s={search_term_string}\"},\"query-input\":\"required name=search_term_string\"}],\"inLanguage\":\"fr-FR\"},{\"@type\":\"Organization\",\"@id\":\"https:\/\/cde-cf.fr\/#organization\",\"name\":\"CDE - Cabinet des Epris\",\"url\":\"https:\/\/cde-cf.fr\/\",\"logo\":{\"@type\":\"ImageObject\",\"inLanguage\":\"fr-FR\",\"@id\":\"https:\/\/cde-cf.fr\/#\/schema\/logo\/image\/\",\"url\":\"https:\/\/cde-cf.fr\/wp-content\/uploads\/2023\/03\/Image3-scaled.gif\",\"contentUrl\":\"https:\/\/cde-cf.fr\/wp-content\/uploads\/2023\/03\/Image3-scaled.gif\",\"width\":2560,\"height\":913,\"caption\":\"CDE - Cabinet des Epris\"},\"image\":{\"@id\":\"https:\/\/cde-cf.fr\/#\/schema\/logo\/image\/\"}}]}<\/script>\n<!-- \/ Yoast SEO plugin. -->","yoast_head_json":{"title":"Organisme d'Inspection contr\u00f4le et formation professionnelle","description":"Organisme d'inspection CDE : Consuel, installations \u00e9lectriques (Q18 - Q19) VGP, aires de jeux dans l'Yonne, l'Aube et la Haute-Marne","robots":{"index":"index","follow":"follow","max-snippet":"max-snippet:-1","max-image-preview":"max-image-preview:large","max-video-preview":"max-video-preview:-1"},"canonical":"https:\/\/cde-cf.fr\/","og_locale":"fr_FR","og_type":"article","og_title":"Organisme d'Inspection contr\u00f4le et formation professionnelle","og_description":"Organisme d'inspection CDE : Consuel, installations \u00e9lectriques (Q18 - Q19) VGP, aires de jeux dans l'Yonne, l'Aube et la Haute-Marne","og_url":"https:\/\/cde-cf.fr\/","og_site_name":"Organisme d&#039;inspection et formation professionnelle","article_modified_time":"2023-04-15T15:42:29+00:00","og_image":[{"url":"https:\/\/cde-cf.fr\/wp-content\/uploads\/2023\/04\/engagement2-289x300.jpg"}],"twitter_card":"summary_large_image","twitter_misc":{"Dur\u00e9e de lecture estim\u00e9e":"4 minutes"},"schema":{"@context":"https:\/\/schema.org","@graph":[{"@type":"WebPage","@id":"https:\/\/cde-cf.fr\/","url":"https:\/\/cde-cf.fr\/","name":"Organisme d'Inspection contr\u00f4le et formation professionnelle","isPartOf":{"@id":"https:\/\/cde-cf.fr\/#website"},"datePublished":"2023-03-22T14:45:47+00:00","dateModified":"2023-04-15T15:42:29+00:00","description":"Organisme d'inspection CDE : Consuel, installations \u00e9lectriques (Q18 - Q19) VGP, aires de jeux dans l'Yonne, l'Aube et la Haute-Marne","breadcrumb":{"@id":"https:\/\/cde-cf.fr\/#breadcrumb"},"inLanguage":"fr-FR","potentialAction":[{"@type":"ReadAction","target":["https:\/\/cde-cf.fr\/"]}]},{"@type":"BreadcrumbList","@id":"https:\/\/cde-cf.fr\/#breadcrumb","itemListElement":[{"@type":"ListItem","position":1,"name":"Accueil","item":"https:\/\/cde-cf.fr\/"},{"@type":"ListItem","position":2,"name":"Accueil"}]},{"@type":"WebSite","@id":"https:\/\/cde-cf.fr\/#website","url":"https:\/\/cde-cf.fr\/","name":"Organisme d'inspection et formation professionnelle","description":"La s\u00e9curit\u00e9 au c\u0153ur de notre m\u00e9tier !","publisher":{"@id":"https:\/\/cde-cf.fr\/#organization"},"potentialAction":[{"@type":"SearchAction","target":{"@type":"EntryPoint","urlTemplate":"https:\/\/cde-cf.fr\/?s={search_term_string}"},"query-input":"required name=search_term_string"}],"inLanguage":"fr-FR"},{"@type":"Organization","@id":"https:\/\/cde-cf.fr\/#organization","name":"CDE - Cabinet des Epris","url":"https:\/\/cde-cf.fr\/","logo":{"@type":"ImageObject","inLanguage":"fr-FR","@id":"https:\/\/cde-cf.fr\/#\/schema\/logo\/image\/","url":"https:\/\/cde-cf.fr\/wp-content\/uploads\/2023\/03\/Image3-scaled.gif","contentUrl":"https:\/\/cde-cf.fr\/wp-content\/uploads\/2023\/03\/Image3-scaled.gif","width":2560,"height":913,"caption":"CDE - Cabinet des Epris"},"image":{"@id":"https:\/\/cde-cf.fr\/#\/schema\/logo\/image\/"}}]}},"_links":{"self":[{"href":"https:\/\/cde-cf.fr\/index.php?rest_route=\/wp\/v2\/pages\/2"}],"collection":[{"href":"https:\/\/cde-cf.fr\/index.php?rest_route=\/wp\/v2\/pages"}],"about":[{"href":"https:\/\/cde-cf.fr\/index.php?rest_route=\/wp\/v2\/types\/page"}],"author":[{"embeddable":true,"href":"https:\/\/cde-cf.fr\/index.php?rest_route=\/wp\/v2\/users\/1"}],"replies":[{"embeddable":true,"href":"https:\/\/cde-cf.fr\/index.php?rest_route=%2Fwp%2Fv2%2Fcomments&post=2"}],"version-history":[{"count":244,"href":"https:\/\/cde-cf.fr\/index.php?rest_route=\/wp\/v2\/pages\/2\/revisions"}],"predecessor-version":[{"id":1261,"href":"https:\/\/cde-cf.fr\/index.php?rest_route=\/wp\/v2\/pages\/2\/revisions\/1261"}],"wp:attachment":[{"href":"https:\/\/cde-cf.fr\/index.php?rest_route=%2Fwp%2Fv2%2Fmedia&parent=2"}],"curies":[{"name":"wp","href":"https:\/\/api.w.org\/{rel}","templated":true}]}}