{"id":1280,"date":"2023-05-01T10:40:25","date_gmt":"2023-05-01T08:40:25","guid":{"rendered":"https:\/\/cde-cf.fr\/?page_id=1280"},"modified":"2024-01-14T21:54:35","modified_gmt":"2024-01-14T20:54:35","slug":"application-inspection","status":"publish","type":"page","link":"https:\/\/cde-cf.fr\/?page_id=1280","title":{"rendered":"Logiciel Mobile insend\u00ae"},"content":{"rendered":"\n<div style=\"height:500px\" aria-hidden=\"true\" class=\"wp-block-spacer\"><\/div>\n\n\n\n<h2 class=\"wp-block-heading has-text-align-center has-vivid-cyan-blue-color has-text-color\" style=\"font-size:45px\">LA SOLUTION PARFAITE POUR TOUS LES VERIFICATEURS<\/h2>\n\n\n\n<p class=\"has-text-align-center has-medium-font-size\"><strong>Application m\u00e9tier de tra\u00e7abilit\u00e9 configurable multi-plateformes<\/strong><\/p>\n\n\n\n<div style=\"height:50px\" aria-hidden=\"true\" class=\"wp-block-spacer\"><\/div>\n\n\n\n<div style=\"height:50px\" aria-hidden=\"true\" class=\"wp-block-spacer\"><\/div>\n\n\n<div class=\"wp-block-image\">\n<figure class=\"aligncenter size-large\"><img decoding=\"async\" loading=\"lazy\" width=\"1024\" height=\"404\" src=\"https:\/\/cde-cf.fr\/wp-content\/uploads\/2024\/01\/Image1-1024x404.jpg\" alt=\"\" class=\"wp-image-1653\" srcset=\"https:\/\/cde-cf.fr\/wp-content\/uploads\/2024\/01\/Image1-1024x404.jpg 1024w, https:\/\/cde-cf.fr\/wp-content\/uploads\/2024\/01\/Image1-300x118.jpg 300w, https:\/\/cde-cf.fr\/wp-content\/uploads\/2024\/01\/Image1-768x303.jpg 768w, https:\/\/cde-cf.fr\/wp-content\/uploads\/2024\/01\/Image1.jpg 1064w\" sizes=\"(max-width: 1024px) 100vw, 1024px\" \/><\/figure><\/div>\n\n\n<div style=\"height:50px\" aria-hidden=\"true\" class=\"wp-block-spacer\"><\/div>\n\n\n\n<p class=\"has-text-align-center has-x-large-font-size\">Visitez le site <a href=\"http:\/\/www.mobileinsend.com\">www.mobileinsend.com<\/a><\/p>\n","protected":false},"excerpt":{"rendered":"<p>LA SOLUTION PARFAITE POUR TOUS LES VERIFICATEURS Application m\u00e9tier de tra\u00e7abilit\u00e9 configurable multi-plateformes Visitez le site www.mobileinsend.com<\/p>\n","protected":false},"author":1,"featured_media":0,"parent":295,"menu_order":6,"comment_status":"closed","ping_status":"closed","template":"","meta":[],"yoast_head":"<!-- This site is optimized with the Yoast SEO plugin v20.6 - https:\/\/yoast.com\/wordpress\/plugins\/seo\/ -->\n<title>Mi - Application mobile rapports d&#039;inspection et de contr\u00f4le<\/title>\n<meta name=\"description\" content=\"Application mobile de rapport d&#039;inspection pour tous v\u00e9rificateurs, bureaux de contr\u00f4le et les services maintenances de l&#039;industrie\" \/>\n<meta name=\"robots\" content=\"index, follow, max-snippet:-1, max-image-preview:large, max-video-preview:-1\" \/>\n<link rel=\"canonical\" href=\"https:\/\/cde-cf.fr\/?page_id=1280\" \/>\n<meta property=\"og:locale\" content=\"fr_FR\" \/>\n<meta property=\"og:type\" content=\"article\" \/>\n<meta property=\"og:title\" content=\"Mi - Application mobile rapports d&#039;inspection et de contr\u00f4le\" \/>\n<meta property=\"og:description\" content=\"Application mobile de rapport d&#039;inspection pour tous v\u00e9rificateurs, bureaux de contr\u00f4le et les services maintenances de l&#039;industrie\" \/>\n<meta property=\"og:url\" content=\"https:\/\/cde-cf.fr\/?page_id=1280\" \/>\n<meta property=\"og:site_name\" content=\"Organisme d&#039;inspection et formation professionnelle\" \/>\n<meta property=\"article:modified_time\" content=\"2024-01-14T20:54:35+00:00\" \/>\n<meta property=\"og:image\" content=\"https:\/\/cde-cf.fr\/wp-content\/uploads\/2024\/01\/Image1-1024x404.jpg\" \/>\n<meta name=\"twitter:card\" content=\"summary_large_image\" \/>\n<meta name=\"twitter:label1\" content=\"Dur\u00e9e de lecture estim\u00e9e\" \/>\n\t<meta name=\"twitter:data1\" content=\"1 minute\" \/>\n<script type=\"application\/ld+json\" class=\"yoast-schema-graph\">{\"@context\":\"https:\/\/schema.org\",\"@graph\":[{\"@type\":\"WebPage\",\"@id\":\"https:\/\/cde-cf.fr\/?page_id=1280\",\"url\":\"https:\/\/cde-cf.fr\/?page_id=1280\",\"name\":\"Mi - Application mobile rapports d'inspection et de contr\u00f4le\",\"isPartOf\":{\"@id\":\"https:\/\/cde-cf.fr\/#website\"},\"datePublished\":\"2023-05-01T08:40:25+00:00\",\"dateModified\":\"2024-01-14T20:54:35+00:00\",\"description\":\"Application mobile de rapport d'inspection pour tous v\u00e9rificateurs, bureaux de contr\u00f4le et les services maintenances de l'industrie\",\"breadcrumb\":{\"@id\":\"https:\/\/cde-cf.fr\/?page_id=1280#breadcrumb\"},\"inLanguage\":\"fr-FR\",\"potentialAction\":[{\"@type\":\"ReadAction\",\"target\":[\"https:\/\/cde-cf.fr\/?page_id=1280\"]}]},{\"@type\":\"BreadcrumbList\",\"@id\":\"https:\/\/cde-cf.fr\/?page_id=1280#breadcrumb\",\"itemListElement\":[{\"@type\":\"ListItem\",\"position\":1,\"name\":\"Accueil\",\"item\":\"https:\/\/cde-cf.fr\/\"},{\"@type\":\"ListItem\",\"position\":2,\"name\":\"Nos services\",\"item\":\"https:\/\/cde-cf.fr\/?page_id=295\"},{\"@type\":\"ListItem\",\"position\":3,\"name\":\"Logiciel Mobile insend\u00ae\"}]},{\"@type\":\"WebSite\",\"@id\":\"https:\/\/cde-cf.fr\/#website\",\"url\":\"https:\/\/cde-cf.fr\/\",\"name\":\"Organisme d'inspection et formation professionnelle\",\"description\":\"La s\u00e9curit\u00e9 au c\u0153ur de notre m\u00e9tier !\",\"publisher\":{\"@id\":\"https:\/\/cde-cf.fr\/#organization\"},\"potentialAction\":[{\"@type\":\"SearchAction\",\"target\":{\"@type\":\"EntryPoint\",\"urlTemplate\":\"https:\/\/cde-cf.fr\/?s={search_term_string}\"},\"query-input\":\"required name=search_term_string\"}],\"inLanguage\":\"fr-FR\"},{\"@type\":\"Organization\",\"@id\":\"https:\/\/cde-cf.fr\/#organization\",\"name\":\"CDE - Cabinet des Epris\",\"url\":\"https:\/\/cde-cf.fr\/\",\"logo\":{\"@type\":\"ImageObject\",\"inLanguage\":\"fr-FR\",\"@id\":\"https:\/\/cde-cf.fr\/#\/schema\/logo\/image\/\",\"url\":\"https:\/\/cde-cf.fr\/wp-content\/uploads\/2023\/03\/Image3-scaled.gif\",\"contentUrl\":\"https:\/\/cde-cf.fr\/wp-content\/uploads\/2023\/03\/Image3-scaled.gif\",\"width\":2560,\"height\":913,\"caption\":\"CDE - Cabinet des Epris\"},\"image\":{\"@id\":\"https:\/\/cde-cf.fr\/#\/schema\/logo\/image\/\"}}]}<\/script>\n<!-- \/ Yoast SEO plugin. -->","yoast_head_json":{"title":"Mi - Application mobile rapports d'inspection et de contr\u00f4le","description":"Application mobile de rapport d'inspection pour tous v\u00e9rificateurs, bureaux de contr\u00f4le et les services maintenances de l'industrie","robots":{"index":"index","follow":"follow","max-snippet":"max-snippet:-1","max-image-preview":"max-image-preview:large","max-video-preview":"max-video-preview:-1"},"canonical":"https:\/\/cde-cf.fr\/?page_id=1280","og_locale":"fr_FR","og_type":"article","og_title":"Mi - Application mobile rapports d'inspection et de contr\u00f4le","og_description":"Application mobile de rapport d'inspection pour tous v\u00e9rificateurs, bureaux de contr\u00f4le et les services maintenances de l'industrie","og_url":"https:\/\/cde-cf.fr\/?page_id=1280","og_site_name":"Organisme d&#039;inspection et formation professionnelle","article_modified_time":"2024-01-14T20:54:35+00:00","og_image":[{"url":"https:\/\/cde-cf.fr\/wp-content\/uploads\/2024\/01\/Image1-1024x404.jpg"}],"twitter_card":"summary_large_image","twitter_misc":{"Dur\u00e9e de lecture estim\u00e9e":"1 minute"},"schema":{"@context":"https:\/\/schema.org","@graph":[{"@type":"WebPage","@id":"https:\/\/cde-cf.fr\/?page_id=1280","url":"https:\/\/cde-cf.fr\/?page_id=1280","name":"Mi - Application mobile rapports d'inspection et de contr\u00f4le","isPartOf":{"@id":"https:\/\/cde-cf.fr\/#website"},"datePublished":"2023-05-01T08:40:25+00:00","dateModified":"2024-01-14T20:54:35+00:00","description":"Application mobile de rapport d'inspection pour tous v\u00e9rificateurs, bureaux de contr\u00f4le et les services maintenances de l'industrie","breadcrumb":{"@id":"https:\/\/cde-cf.fr\/?page_id=1280#breadcrumb"},"inLanguage":"fr-FR","potentialAction":[{"@type":"ReadAction","target":["https:\/\/cde-cf.fr\/?page_id=1280"]}]},{"@type":"BreadcrumbList","@id":"https:\/\/cde-cf.fr\/?page_id=1280#breadcrumb","itemListElement":[{"@type":"ListItem","position":1,"name":"Accueil","item":"https:\/\/cde-cf.fr\/"},{"@type":"ListItem","position":2,"name":"Nos services","item":"https:\/\/cde-cf.fr\/?page_id=295"},{"@type":"ListItem","position":3,"name":"Logiciel Mobile insend\u00ae"}]},{"@type":"WebSite","@id":"https:\/\/cde-cf.fr\/#website","url":"https:\/\/cde-cf.fr\/","name":"Organisme d'inspection et formation professionnelle","description":"La s\u00e9curit\u00e9 au c\u0153ur de notre m\u00e9tier !","publisher":{"@id":"https:\/\/cde-cf.fr\/#organization"},"potentialAction":[{"@type":"SearchAction","target":{"@type":"EntryPoint","urlTemplate":"https:\/\/cde-cf.fr\/?s={search_term_string}"},"query-input":"required name=search_term_string"}],"inLanguage":"fr-FR"},{"@type":"Organization","@id":"https:\/\/cde-cf.fr\/#organization","name":"CDE - Cabinet des Epris","url":"https:\/\/cde-cf.fr\/","logo":{"@type":"ImageObject","inLanguage":"fr-FR","@id":"https:\/\/cde-cf.fr\/#\/schema\/logo\/image\/","url":"https:\/\/cde-cf.fr\/wp-content\/uploads\/2023\/03\/Image3-scaled.gif","contentUrl":"https:\/\/cde-cf.fr\/wp-content\/uploads\/2023\/03\/Image3-scaled.gif","width":2560,"height":913,"caption":"CDE - Cabinet des Epris"},"image":{"@id":"https:\/\/cde-cf.fr\/#\/schema\/logo\/image\/"}}]}},"_links":{"self":[{"href":"https:\/\/cde-cf.fr\/index.php?rest_route=\/wp\/v2\/pages\/1280"}],"collection":[{"href":"https:\/\/cde-cf.fr\/index.php?rest_route=\/wp\/v2\/pages"}],"about":[{"href":"https:\/\/cde-cf.fr\/index.php?rest_route=\/wp\/v2\/types\/page"}],"author":[{"embeddable":true,"href":"https:\/\/cde-cf.fr\/index.php?rest_route=\/wp\/v2\/users\/1"}],"replies":[{"embeddable":true,"href":"https:\/\/cde-cf.fr\/index.php?rest_route=%2Fwp%2Fv2%2Fcomments&post=1280"}],"version-history":[{"count":218,"href":"https:\/\/cde-cf.fr\/index.php?rest_route=\/wp\/v2\/pages\/1280\/revisions"}],"predecessor-version":[{"id":1656,"href":"https:\/\/cde-cf.fr\/index.php?rest_route=\/wp\/v2\/pages\/1280\/revisions\/1656"}],"up":[{"embeddable":true,"href":"https:\/\/cde-cf.fr\/index.php?rest_route=\/wp\/v2\/pages\/295"}],"wp:attachment":[{"href":"https:\/\/cde-cf.fr\/index.php?rest_route=%2Fwp%2Fv2%2Fmedia&parent=1280"}],"curies":[{"name":"wp","href":"https:\/\/api.w.org\/{rel}","templated":true}]}}